{"id":776,"date":"2024-09-02T08:07:29","date_gmt":"2024-09-02T08:07:29","guid":{"rendered":"https:\/\/www.bornsustainable.eu\/informazioni-downloads\/"},"modified":"2026-02-04T15:43:44","modified_gmt":"2026-02-04T15:43:44","slug":"information-downloads","status":"publish","type":"page","link":"https:\/\/www.bornsustainable.eu\/sv\/information-downloads\/","title":{"rendered":"Information<br>downloads"},"content":{"rendered":"<div class=\"wpb-content-wrapper\"><p>[vc_row css=&#8221;.vc_custom_1726482760154{padding-right: 0px !important;padding-left: 0px !important;}&#8221;][vc_column offset=&#8221;vc_hidden-sm vc_hidden-xs&#8221; css=&#8221;.vc_custom_1726482764721{padding-right: 0px !important;padding-left: 0px !important;}&#8221;]\n\t\t\t\t<p class=\"rs-p-wp-fix\"><\/p>\n\t\t\t\t<sr7-module data-alias=\"header-home\" data-id=\"1\" id=\"SR7_1_1\" class=\"rs-ov-hidden\" data-version=\"6.7.18\">\n\t\t\t\t\t<sr7-adjuster><\/sr7-adjuster>\n\t\t\t\t\t<sr7-content>\n\t\t\t\t\t\t<sr7-slide id=\"SR7_1_1-13\" data-key=\"13\">\n\t\t\t\t\t\t\t<sr7-bg id=\"SR7_1_1-13-4\" class=\"sr7-layer\"><noscript><img decoding=\"async\" src=\"https:\/\/www.bornsustainable.eu\/wp-content\/uploads\/2024\/08\/home-header.jpg\" alt=\"\" title=\"home-header\"><\/noscript><\/sr7-bg>\n\t\t\t\t\t\t\t<sr7-txt id=\"SR7_1_1-13-0\" class=\"sr7-layer\">Jordbruksprodukter med ett tydligt geografiskt ursprung som\nframst\u00e4lls med h\u00e5llbara metoder.<\/sr7-txt>\n\t\t\t\t\t\t\t<sr7-txt id=\"SR7_1_1-13-1\" class=\"sr7-layer\">Uppt\u00e4ck smakerna fr\u00e5n italienska produkter med skyddad\nursprungsbeteckning, SUB, eller skyddad geografisk\nbeteckning, SGB.<\/sr7-txt>\n\t\t\t\t\t\t\t<sr7-txt id=\"SR7_1_1-13-2\" class=\"sr7-layer\">Autenticit\u00e0 e sostenibilit\u00e0.<\/sr7-txt>\n\t\t\t\t\t\t\t<sr7-txt id=\"SR7_1_1-13-3\" class=\"sr7-layer\">Scopri i sapori dei territori protetti d\u2019Europa.<\/sr7-txt>\n\t\t\t\t\t\t<\/sr7-slide>\n\t\t\t\t\t\t<sr7-slide id=\"SR7_1_1-2\" data-key=\"2\">\n\t\t\t\t\t\t<\/sr7-slide>\n\t\t\t\t\t<\/sr7-content>\n\t\t\t\t\t<image_lists style=\"display:none\">\n\t\t\t\t\t\t<img data-src=\"\/\/www.bornsustainable.eu\/wp-content\/uploads\/2024\/08\/home-header.jpg\" data-libid=\"22\" data-lib=\"medialibrary\" title=\"home-header\" width=\"0\" height=\"0\" data-dbsrc=\"Ly93d3cuYm9ybnN1c3RhaW5hYmxlLmV1L3dwLWNvbnRlbnQvdXBsb2Fkcy8yMDI0LzA4L2hvbWUtaGVhZGVyLmpwZw==\"\/>\n\t\t\t\t\t<\/image_lists>\n\t\t\t\t<\/sr7-module>\n\t\t\t\t<script>\n\t\t\t\t\tSR7.PMH ??={}; SR7.PMH[\"SR7_1_1\"] = {cn:0,state:false,fn: function() { if (_tpt!==undefined && _tpt.prepareModuleHeight !== undefined) {  _tpt.prepareModuleHeight({id:\"SR7_1_1\",el:[761,761,768,960,500],type:'standard',shdw:'0',gh:[761,761,475,361,223],gw:[1640,1640,1024,778,480],vpt:['100px'],size:{fullWidth:false, fullHeight:false},mh:'0',onh:0,onw:0,bg:{color:'{\"orig\":\"transparent\",\"type\":\"solid\",\"string\":\"transparent\"}'}});   SR7.PMH[\"SR7_1_1\"].state=true;} else if((SR7.PMH[\"SR7_1_1\"].cn++)<100)\tsetTimeout( SR7.PMH[\"SR7_1_1\"].fn,19);}};SR7.PMH[\"SR7_1_1\" ].fn();\n\t\t\t\t<\/script>\n[\/vc_column][\/vc_row][vc_row][vc_column css=&#8221;.vc_custom_1724926071659{padding-right: 0px !important;padding-left: 0px !important;}&#8221; offset=&#8221;vc_hidden-lg vc_hidden-md&#8221;][vc_single_image image=&#8221;165&#8243; img_size=&#8221;full&#8221; alignment=&#8221;center&#8221; css=&#8221;&#8221; el_class=&#8221;aperturamobile-int&#8221;][\/vc_column][\/vc_row][vc_row][vc_column css=&#8221;.vc_custom_1724926071659{padding-right: 0px !important;padding-left: 0px !important;}&#8221; offset=&#8221;vc_hidden-lg vc_hidden-md&#8221;][vc_column_text css=&#8221;&#8221;]<\/p>\n<h1 style=\"text-align: center;\">Jordbruksprodukter med ett tydligt geografiskt ursprung som framst\u00e4lls med h\u00e5llbara metoder.<br \/>\nUppt\u00e4ck smakerna fr\u00e5n italienska produkter med skyddad ursprungsbeteckning, SUB, eller skyddad geografisk beteckning, SGB.<\/h1>\n<p>[\/vc_column_text][\/vc_column][\/vc_row][vc_row gap=&#8221;30&#8243; equal_height=&#8221;yes&#8221; el_class=&#8221;schedadx&#8221;][vc_column css=&#8221;.vc_custom_1726561451754{background-color: #8a1d40 !important;}&#8221; el_class=&#8221;schedasx&#8221; offset=&#8221;vc_col-lg-4 vc_col-md-4 vc_col-xs-12&#8243;][vc_column_text css=&#8221;.vc_custom_1727085190425{margin-bottom: 20px !important;}&#8221; el_class=&#8221;schedatext whitecolor&#8221;]<\/p>\n<p class=\"titoloconsorzio\" style=\"text-align: center;\"><strong>CONSORZIO BARBERA D\u2019ASTI<\/strong><br \/>\n<strong>E VINI DEL MONFERRATO<\/strong><\/p>\n<p class=\"indirizzomail\" style=\"text-align: center;\">E-post: consorzio@viniastimonferrato.it<br \/>\nTelefon: 0141324368<\/p>\n<p>[\/vc_column_text]<div class=\" ubtn-ctn-center \"><a class=\"ubtn-link ult-adjust-bottom-margin ubtn-center ubtn-custom \" href=\"https:\/\/www.viniastimonferrato.it\/\" target=\"_blank\" rel=\"noopener\" ><button type=\"button\" id=\"ubtn-2260\"  class=\"ubtn ult-adjust-bottom-margin ult-responsive ubtn-custom ubtn-no-hover-bg  none  ubtn-center   tooltip-6a00686514b42\"  data-hover=\"#8a1d40\" data-border-color=\"\" data-bg=\"#ffffff\" data-hover-bg=\"#ededed\" data-border-hover=\"\" data-shadow-hover=\"\" data-shadow-click=\"none\" data-shadow=\"\" data-shd-shadow=\"\"  data-ultimate-target='#ubtn-2260'  data-responsive-json-new='{\"font-size\":\"desktop:22px;tablet:22px;tablet_portrait:20px;mobile_landscape:18px;mobile:18px;\",\"line-height\":\"desktop:30px;tablet:30px;tablet_portrait:28px;mobile_landscape:24px;mobile:24px;\"}'  style=\"font-weight:normal;width:520px;min-height:50px;padding:px 50px;border-radius:50px;border-width:1px;border-color:;border-style:solid;background: #ffffff;color: #8a1d40;\"><span class=\"ubtn-hover\" style=\"background-color:#ededed\"><\/span><span class=\"ubtn-data ubtn-text \" >viniastimonferrato.it<\/span><\/button><\/a><\/div>[\/vc_column][vc_column css=&#8221;.vc_custom_1726561459819{background-color: #bfaa9d !important;}&#8221; offset=&#8221;vc_col-lg-4 vc_col-md-4 vc_col-xs-12&#8243;][vc_column_text css=&#8221;.vc_custom_1727085216766{margin-bottom: 20px !important;}&#8221; el_class=&#8221;schedatext whitecolor&#8221;]<\/p>\n<p class=\"titoloconsorzio\" style=\"text-align: center;\"><strong>CONSORZIO PER LA TUTELA<\/strong><br \/>\n<strong>DEL FORMAGGIO ROCCAVERANO DOP<\/strong><\/p>\n<p class=\"indirizzomail\" style=\"text-align: center;\">E-post: info@roccaveranodop.it<br \/>\nTelefon: 0144 88465<\/p>\n<p>[\/vc_column_text]<div class=\" ubtn-ctn-center \"><a class=\"ubtn-link ult-adjust-bottom-margin ubtn-center ubtn-custom \" href=\"https:\/\/roccaveranodop.it\/\" target=\"_blank\" rel=\"noopener\" ><button type=\"button\" id=\"ubtn-3372\"  class=\"ubtn ult-adjust-bottom-margin ult-responsive ubtn-custom ubtn-no-hover-bg  none  ubtn-center   tooltip-6a00686514bf1\"  data-hover=\"#bfaa9d\" data-border-color=\"\" data-bg=\"#ffffff\" data-hover-bg=\"#ededed\" data-border-hover=\"\" data-shadow-hover=\"\" data-shadow-click=\"none\" data-shadow=\"\" data-shd-shadow=\"\"  data-ultimate-target='#ubtn-3372'  data-responsive-json-new='{\"font-size\":\"desktop:22px;tablet:22px;tablet_portrait:20px;mobile_landscape:18px;mobile:18px;\",\"line-height\":\"desktop:30px;tablet:30px;tablet_portrait:28px;mobile_landscape:24px;mobile:24px;\"}'  style=\"font-weight:normal;width:520px;min-height:50px;padding:px 50px;border-radius:50px;border-width:1px;border-color:;border-style:solid;background: #ffffff;color: #bfaa9d;\"><span class=\"ubtn-hover\" style=\"background-color:#ededed\"><\/span><span class=\"ubtn-data ubtn-text \" >roccaveranodop.it<\/span><\/button><\/a><\/div>[\/vc_column][vc_column css=&#8221;.vc_custom_1726561467237{background-color: #95c120 !important;}&#8221; el_class=&#8221;schedadx&#8221; offset=&#8221;vc_col-lg-4 vc_col-md-4 vc_col-xs-12&#8243;][vc_column_text css=&#8221;.vc_custom_1727085227851{margin-bottom: 20px !important;}&#8221; el_class=&#8221;schedatext whitecolor&#8221;]<\/p>\n<p class=\"titoloconsorzio\" style=\"text-align: center;\"><strong>CONSORZIO CONEGLIANO<\/strong><br \/>\n<strong>VALDOBBIADENE PROSECCO SUPERIORE<\/strong><\/p>\n<p class=\"indirizzomail\" style=\"text-align: center;\">E-post: info@prosecco.it<br \/>\nTelefon: + 39 0438 83028<\/p>\n<p>[\/vc_column_text]<div class=\" ubtn-ctn-center \"><a class=\"ubtn-link ult-adjust-bottom-margin ubtn-center ubtn-custom \" href=\"https:\/\/prosecco.it\/\" target=\"_blank\" rel=\"noopener\" ><button type=\"button\" id=\"ubtn-3502\"  class=\"ubtn ult-adjust-bottom-margin ult-responsive ubtn-custom ubtn-no-hover-bg  none  ubtn-center   tooltip-6a00686514c55\"  data-hover=\"#95c120\" data-border-color=\"\" data-bg=\"#ffffff\" data-hover-bg=\"#ededed\" data-border-hover=\"\" data-shadow-hover=\"\" data-shadow-click=\"none\" data-shadow=\"\" data-shd-shadow=\"\"  data-ultimate-target='#ubtn-3502'  data-responsive-json-new='{\"font-size\":\"desktop:22px;tablet:22px;tablet_portrait:20px;mobile_landscape:18px;mobile:18px;\",\"line-height\":\"desktop:30px;tablet:30px;tablet_portrait:28px;mobile_landscape:24px;mobile:24px;\"}'  style=\"font-weight:normal;width:520px;min-height:50px;padding:px 50px;border-radius:50px;border-width:1px;border-color:;border-style:solid;background: #ffffff;color: #95c120;\"><span class=\"ubtn-hover\" style=\"background-color:#ededed\"><\/span><span class=\"ubtn-data ubtn-text \" >prosecco.it<\/span><\/button><\/a><\/div>[\/vc_column][\/vc_row][vc_row][vc_column][vc_empty_space height=&#8221;70px&#8221;][\/vc_column][\/vc_row]<\/p>\n<\/div>","protected":false},"excerpt":{"rendered":"<p>[vc_row css=&#8221;.vc_custom_1726482760154{padding-right: 0px !important;padding-left: 0px !important;}&#8221;][vc_column offset=&#8221;vc_hidden-sm vc_hidden-xs&#8221; css=&#8221;.vc_custom_1726482764721{padding-right: 0px !important;padding-left: 0px !important;}&#8221;][\/vc_column][\/vc_row][vc_row][vc_column css=&#8221;.vc_custom_1724926071659{padding-right: 0px !important;padding-left: 0px !important;}&#8221; offset=&#8221;vc_hidden-lg vc_hidden-md&#8221;][vc_single_image image=&#8221;165&#8243; img_size=&#8221;full&#8221; alignment=&#8221;center&#8221; css=&#8221;&#8221; el_class=&#8221;aperturamobile-int&#8221;][\/vc_column][\/vc_row][vc_row][vc_column css=&#8221;.vc_custom_1724926071659{padding-right: 0px !important;padding-left: 0px !important;}&#8221; offset=&#8221;vc_hidden-lg vc_hidden-md&#8221;][vc_column_text css=&#8221;&#8221;] Jordbruksprodukter med ett tydligt geografiskt ursprung som framst\u00e4lls med h\u00e5llbara metoder. Uppt\u00e4ck smakerna fr\u00e5n italienska produkter med skyddad ursprungsbeteckning, SUB, eller skyddad &#8230; <a title=\"Informationdownloads\" class=\"read-more\" href=\"https:\/\/www.bornsustainable.eu\/sv\/information-downloads\/\" aria-label=\"Read more about Informationdownloads\">L\u00e4s mer<\/a><\/p>\n","protected":false},"author":1,"featured_media":0,"parent":0,"menu_order":0,"comment_status":"closed","ping_status":"closed","template":"","meta":{"footnotes":""},"class_list":["post-776","page","type-page","status-publish"],"_links":{"self":[{"href":"https:\/\/www.bornsustainable.eu\/sv\/wp-json\/wp\/v2\/pages\/776"}],"collection":[{"href":"https:\/\/www.bornsustainable.eu\/sv\/wp-json\/wp\/v2\/pages"}],"about":[{"href":"https:\/\/www.bornsustainable.eu\/sv\/wp-json\/wp\/v2\/types\/page"}],"author":[{"embeddable":true,"href":"https:\/\/www.bornsustainable.eu\/sv\/wp-json\/wp\/v2\/users\/1"}],"replies":[{"embeddable":true,"href":"https:\/\/www.bornsustainable.eu\/sv\/wp-json\/wp\/v2\/comments?post=776"}],"version-history":[{"count":5,"href":"https:\/\/www.bornsustainable.eu\/sv\/wp-json\/wp\/v2\/pages\/776\/revisions"}],"predecessor-version":[{"id":1378,"href":"https:\/\/www.bornsustainable.eu\/sv\/wp-json\/wp\/v2\/pages\/776\/revisions\/1378"}],"wp:attachment":[{"href":"https:\/\/www.bornsustainable.eu\/sv\/wp-json\/wp\/v2\/media?parent=776"}],"curies":[{"name":"wp","href":"https:\/\/api.w.org\/{rel}","templated":true}]}}