{"id":772,"date":"2024-09-02T08:05:06","date_gmt":"2024-09-02T08:05:06","guid":{"rendered":"https:\/\/www.bornsustainable.eu\/consorzio-tutela-conegliano-valdobbiadene-prosecco-docg\/"},"modified":"2024-09-24T09:49:23","modified_gmt":"2024-09-24T09:49:23","slug":"consorzio-tutela-conegliano-valdobbiadene-prosecco-docg","status":"publish","type":"page","link":"https:\/\/www.bornsustainable.eu\/sv\/consorzio-tutela-conegliano-valdobbiadene-prosecco-docg\/","title":{"rendered":"Consorzio di Tutela del Conegliano Valdobbiadene Prosecco DOCG"},"content":{"rendered":"<div class=\"wpb-content-wrapper\"><p>[vc_row][vc_column css=&#8221;.vc_custom_1724926063522{padding-right: 0px !important;padding-left: 0px !important;}&#8221; offset=&#8221;vc_hidden-sm vc_hidden-xs&#8221;]\n\t\t\t\t<p class=\"rs-p-wp-fix\"><\/p>\n\t\t\t\t<sr7-module data-alias=\"prosecco\" data-id=\"5\" id=\"SR7_5_1\" class=\"rs-ov-hidden\" data-version=\"6.7.18\">\n\t\t\t\t\t<sr7-adjuster><\/sr7-adjuster>\n\t\t\t\t\t<sr7-content>\n\t\t\t\t\t\t<sr7-slide id=\"SR7_5_1-18\" data-key=\"18\">\n\t\t\t\t\t\t\t<sr7-bg id=\"SR7_5_1-18-2\" class=\"sr7-layer\"><noscript><img decoding=\"async\" src=\"https:\/\/www.bornsustainable.eu\/wp-content\/uploads\/2024\/09\/prosecco-head.jpg\" alt=\"\" title=\"prosecco-head\"><\/noscript><\/sr7-bg>\n\t\t\t\t\t\t\t<sr7-txt id=\"SR7_5_1-18-0\" class=\"sr7-layer\">Conegliano Valdobbiadene: platsen med de b\u00f6ljande kullarna, d\u00e4r den unika Prosecco Superiore DOCG har sitt ursprung.<\/sr7-txt>\n\t\t\t\t\t\t\t<sr7-txt id=\"SR7_5_1-18-1\" class=\"sr7-layer\">Och framst\u00e4lls p\u00e5 ett h\u00e5llbart s\u00e4tt.<\/sr7-txt>\n\t\t\t\t\t\t<\/sr7-slide>\n\t\t\t\t\t\t<sr7-slide id=\"SR7_5_1-10\" data-key=\"10\">\n\t\t\t\t\t\t<\/sr7-slide>\n\t\t\t\t\t<\/sr7-content>\n\t\t\t\t\t<image_lists style=\"display:none\">\n\t\t\t\t\t\t<img data-src=\"\/\/www.bornsustainable.eu\/wp-content\/uploads\/2024\/09\/prosecco-head.jpg\" data-libid=\"357\" data-lib=\"medialibrary\" title=\"prosecco-head\" width=\"0\" height=\"0\" data-dbsrc=\"Ly93d3cuYm9ybnN1c3RhaW5hYmxlLmV1L3dwLWNvbnRlbnQvdXBsb2Fkcy8yMDI0LzA5L3Byb3NlY2NvLWhlYWQuanBn\"\/>\n\t\t\t\t\t<\/image_lists>\n\t\t\t\t<\/sr7-module>\n\t\t\t\t<script>\n\t\t\t\t\tSR7.PMH ??={}; SR7.PMH[\"SR7_5_1\"] = {cn:0,state:false,fn: function() { if (_tpt!==undefined && _tpt.prepareModuleHeight !== undefined) {  _tpt.prepareModuleHeight({id:\"SR7_5_1\",el:[500,500,312,678,500],type:'standard',shdw:'0',gh:[500,500,312,237,146],gw:[1640,1640,1024,778,480],vpt:['100px'],size:{fullWidth:false, fullHeight:false},mh:'0',onh:0,onw:0,bg:{color:'{\"orig\":\"transparent\",\"type\":\"solid\",\"string\":\"transparent\"}'}});   SR7.PMH[\"SR7_5_1\"].state=true;} else if((SR7.PMH[\"SR7_5_1\"].cn++)<100)\tsetTimeout( SR7.PMH[\"SR7_5_1\"].fn,19);}};SR7.PMH[\"SR7_5_1\" ].fn();\n\t\t\t\t<\/script>\n[\/vc_column][\/vc_row][vc_row][vc_column css=&#8221;.vc_custom_1724926071659{padding-right: 0px !important;padding-left: 0px !important;}&#8221; offset=&#8221;vc_hidden-lg vc_hidden-md&#8221;][vc_single_image image=&#8221;354&#8243; img_size=&#8221;full&#8221; alignment=&#8221;center&#8221; css=&#8221;&#8221; el_class=&#8221;aperturamobile-int&#8221;][\/vc_column][\/vc_row][vc_row][vc_column css=&#8221;.vc_custom_1724926071659{padding-right: 0px !important;padding-left: 0px !important;}&#8221; offset=&#8221;vc_hidden-lg vc_hidden-md&#8221;][vc_column_text css=&#8221;&#8221;]<\/p>\n<h1 style=\"text-align: center;\">Conegliano Valdobbiadene: platsen med de b\u00f6ljande kullarna, d\u00e4r den unika Prosecco Superiore DOCG har sitt ursprung.<br \/>\n<strong>Och framst\u00e4lls p\u00e5 ett h\u00e5llbart s\u00e4tt.<\/strong><\/h1>\n<p>[\/vc_column_text][\/vc_column][\/vc_row][vc_row][vc_column][vc_empty_space][\/vc_column][\/vc_row][vc_row][vc_column][vc_row_inner el_class=&#8221;boxshadowr swapmobile&#8221; el_id=&#8221;boxshadowr&#8221;][vc_column_inner width=&#8221;1\/3&#8243; css=&#8221;.vc_custom_1724928836365{padding-right: 0px !important;padding-left: 0px !important;}&#8221;][vc_single_image image=&#8221;373&#8243; img_size=&#8221;full&#8221; css=&#8221;.vc_custom_1725290769047{margin-bottom: 0px !important;}&#8221; el_class=&#8221;immaginesoffietto&#8221;][\/vc_column_inner][vc_column_inner width=&#8221;2\/3&#8243;][vc_column_text css=&#8221;.vc_custom_1727084855615{padding-top: 50px !important;padding-right: 60px !important;padding-bottom: 50px !important;padding-left: 60px !important;}&#8221;]<\/p>\n<h2>Historik <img loading=\"lazy\" decoding=\"async\" class=\"alignright wp-image-376\" src=\"https:\/\/www.bornsustainable.eu\/wp-content\/uploads\/2024\/09\/prosecco-logo.jpg\" alt=\"\" width=\"150\" height=\"188\" \/><\/h2>\n<p>\u00c5r 1962 gick 11 producenter som representerade de st\u00f6rsta mousserande vinhusen och vinodlarkooperativen samman och bildade ett konsortium f\u00f6r att skydda proseccon fr\u00e5n Conegliano Valdobbiadene. Syftet var att skapa en produktionsspecifikation f\u00f6r att skydda vinets kvalitet och image. \u00c5r 1969 erk\u00e4nde jordbruksministeriet Conegliano och Valdobbiadene som ett DOC-omr\u00e5de f\u00f6r produktion av Prosecco och Superiore di Cartizze. Detta var den f\u00f6rsta officiella f\u00f6rordningen som r\u00f6rde produktion av Prosecco. \u00c5r 2009, i och med att Prosecco-beteckningarna genomgick en omorganisation, klassificerades Conegliano Valdobbiadene Prosecco som Denominazione di Origine Controllata e Garantita (DOCG), den h\u00f6gsta italienska kvalitetsniv\u00e5n som kan \u00f6vers\u00e4ttas med skyddad och garanterad ursprungsbeteckning.<\/p>\n<p>I dag \u00e4r konsortiet ett privat organ av allm\u00e4nt intresse som omfattar b\u00e5de vinodlare, vinproducenter och tappare. Dess huvudsakliga verksamhet best\u00e5r i producentst\u00f6d, konsumentskydd, marknadsf\u00f6ring av Conegliano Valdobbiadene Prosecco Superiore DOCG i Italien och utomlands samt milj\u00f6skydd. Konsortiet arbetar med att fr\u00e4mja utvecklingen av varum\u00e4rket Conegliano Valdobbiadene Prosecco, med fokus p\u00e5 milj\u00f6m\u00e4ssig h\u00e5llbarhet, samt med att st\u00e4rka omr\u00e5dets historia och bevara vinets \u00f6verl\u00e4gsna kvalitet.[\/vc_column_text][\/vc_column_inner][\/vc_row_inner][vc_raw_html css=&#8221;&#8221;]JTNDYnV0dG9uJTIwaWQlM0QlMjJleHBhbmQtYnV0dG9uJTIyJTNFJTJCJTNDJTJGYnV0dG9uJTNF[\/vc_raw_html][vc_raw_js]JTNDc2NyaXB0JTNFJTIwbGV0JTIwYnRuJTIwJTNEJTIwZG9jdW1lbnQuZ2V0RWxlbWVudEJ5SWQlMjglMjdleHBhbmQtYnV0dG9uJTI3JTI5JTNCJTBBbGV0JTIwYm94c2hhZG93ciUyMCUzRCUyMGRvY3VtZW50LmdldEVsZW1lbnRCeUlkJTI4JTI3Ym94c2hhZG93ciUyNyUyOSUzQiUwQSUwQWJ0bi5hZGRFdmVudExpc3RlbmVyJTI4JTI3Y2xpY2slMjclMkMlMjAlMjglMjklMjAlM0QlM0UlMjAlN0IlMEElMjAlMjBib3hzaGFkb3dyLmNsYXNzTGlzdC50b2dnbGUlMjglMjJleHBhbmRlZCUyMiUyOSUzQiUwQSUyMCUyMGNvbnN0JTIwZXhwYW5kZWQlMjAlM0QlMjBib3hzaGFkb3dyLmNsYXNzTGlzdC5jb250YWlucyUyOCUyMmV4cGFuZGVkJTIyJTI5JTNCJTBBJTIwJTIwaWYlMjAlMjhleHBhbmRlZCUyOSUyMCU3QiUwQSUyMCUyMCUyMCUyMGJ0bi5pbm5lckhUTUwlMjAlM0QlMjAlMjItJTIyJTNCJTBBJTIwJTIwJTIwJTIwYm94c2hhZG93ci5zdHlsZS5vdmVyZmxvdyUyMCUzRCUyMCUyN3Njcm9sbCUyNyUzQiUwQSUyMCUyMCUyMCUyMGJveHNoYWRvd3Iuc3R5bGUub3ZlcmZsb3dYJTIwJTNEJTIwJTI3aGlkZGVuJTI3JTNCJTBBJTIwJTIwJTdEJTIwZWxzZSUyMCU3QiUwQSUyMCUyMCUyMCUyMGJ0bi5pbm5lckhUTUwlMjAlM0QlMjAlMjIlMkIlMjIlM0IlMEElMjAlMjAlMjAlMjBib3hzaGFkb3dyLmNsYXNzTGlzdC5yZW1vdmUlMjglMjJleHBhbmRlZCUyMiUyOSUzQiUwQSUyMCUyMCU3RCUwQSU3RCUyOSUzQyUyRnNjcmlwdCUzRQ==[\/vc_raw_js][\/vc_column][\/vc_row][vc_row][vc_column][vc_row_inner el_class=&#8221;boxshadowr&#8221; el_id=&#8221;boxshadowl&#8221;][vc_column_inner width=&#8221;2\/3&#8243;][vc_column_text css=&#8221;.vc_custom_1727084882652{padding-top: 50px !important;padding-right: 60px !important;padding-bottom: 50px !important;padding-left: 60px !important;}&#8221;]<\/p>\n<h2>Omr\u00e5det<\/h2>\n<p>Conegliano Valdobbiadene-omr\u00e5det str\u00e4cker sig \u00f6ver en kuperad terr\u00e4ng bel\u00e4gen<br \/>\n50 km fr\u00e5n Venedig och ca 100 km fr\u00e5n Dolomiterna, p\u00e5 en yta av ca 8700 hektar, best\u00e5ende av 15 kommuner i provinsen Treviso, Veneto. Vinodlingen h\u00e4r har gamla anor, men det f\u00f6rsta skriftliga omn\u00e4mnandet som kopplar Prosecco till detta omr\u00e5de \u00e4r fr\u00e5n 1772. Detta historiska produktionsomr\u00e5de har sedan det 1969 erk\u00e4ndes som DOC begr\u00e4nsats till 15 kommuner. Tv\u00e5 av dessa har gett omr\u00e5det dess namn: Conegliano och Valdobbiadene, d\u00e4r den f\u00f6rstn\u00e4mnda \u00e4r omr\u00e5dets kulturella huvudstad och den andra hj\u00e4rtat f\u00f6r produktionen.<\/p>\n<p>Ett unikt mikroklimat: L\u00e4get mellan havet och f\u00f6ralperna ger ett tempererat klimat med en \u00e5rlig genomsnittstemperatur p\u00e5 12,3\u00a0\u00b0C. Det bl\u00e5ser st\u00e4ndigt, vilket g\u00f6r att druvorna torkar snabbt n\u00e4r det regnat. Kullarna str\u00e4cker sig fr\u00e5n \u00f6ster till v\u00e4ster, med soliga sydsluttningar som passar perfekt f\u00f6r vinodling, och skogskl\u00e4dda nordsluttningar. H\u00f6jden varierar fr\u00e5n 100 till 500 m vilket ger ett idealiskt temperaturintervall f\u00f6r god aromutveckling. I mer \u00e4n tre \u00e5rhundraden har vinrankan Glera frodats och gett avkastning p\u00e5 dessa kullar.<br \/>\n\u00c5r 2008 inleddes \u00e4ven ett projekt f\u00f6r att kullarna i Conegliano Valdobbiadene skulle tas upp p\u00e5 Unescos v\u00e4rldsarvslista. Ur vinodlarnas h\u00e5rda arbete har ett unikt kulturlandskap v\u00e4xt fram, med erk\u00e4nnandet som v\u00e4rldsarv 2019 som h\u00f6jdpunkt.<br \/>\n[\/vc_column_text][\/vc_column_inner][vc_column_inner width=&#8221;1\/3&#8243; css=&#8221;.vc_custom_1724928829713{padding-right: 0px !important;padding-left: 0px !important;}&#8221;][vc_single_image image=&#8221;374&#8243; img_size=&#8221;full&#8221; css=&#8221;.vc_custom_1725290774241{margin-bottom: 0px !important;}&#8221; el_class=&#8221;immaginesoffietto-r&#8221;][\/vc_column_inner][\/vc_row_inner][vc_raw_html css=&#8221;&#8221;]JTNDYnV0dG9uJTIwaWQlM0QlMjJleHBhbmQtYnV0dG9uLWxlZnQlMjIlM0UlMkIlM0MlMkZidXR0b24lM0U=[\/vc_raw_html][vc_raw_js]JTNDc2NyaXB0JTNFJTIwbGV0JTIwYnRubGVmdCUyMCUzRCUyMGRvY3VtZW50LmdldEVsZW1lbnRCeUlkJTI4JTI3ZXhwYW5kLWJ1dHRvbi1sZWZ0JTI3JTI5JTNCJTBBbGV0JTIwYm94c2hhZG93bCUyMCUzRCUyMGRvY3VtZW50LmdldEVsZW1lbnRCeUlkJTI4JTI3Ym94c2hhZG93bCUyNyUyOSUzQiUwQSUwQWJ0bmxlZnQuYWRkRXZlbnRMaXN0ZW5lciUyOCUyN2NsaWNrJTI3JTJDJTIwJTI4JTI5JTIwJTNEJTNFJTIwJTdCJTBBJTIwJTIwYm94c2hhZG93bC5jbGFzc0xpc3QudG9nZ2xlJTI4JTIyZXhwYW5kZWQlMjIlMjklM0IlMEElMjAlMjBjb25zdCUyMGV4cGFuZGVkJTIwJTNEJTIwYm94c2hhZG93bC5jbGFzc0xpc3QuY29udGFpbnMlMjglMjJleHBhbmRlZCUyMiUyOSUzQiUwQSUyMCUyMGlmJTIwJTI4ZXhwYW5kZWQlMjklMjAlN0IlMEElMjAlMjAlMjAlMjBidG5sZWZ0LmlubmVySFRNTCUyMCUzRCUyMCUyMi0lMjIlM0IlMEElMjAlMjAlMjAlMjBib3hzaGFkb3dsLnN0eWxlLm92ZXJmbG93JTIwJTNEJTIwJTI3c2Nyb2xsJTI3JTNCJTBBJTIwJTIwJTIwJTIwYm94c2hhZG93bC5zdHlsZS5vdmVyZmxvd1glMjAlM0QlMjAlMjdoaWRkZW4lMjclM0IlMEElMjAlMjAlN0QlMjBlbHNlJTIwJTdCJTBBJTIwJTIwJTIwJTIwYnRubGVmdC5pbm5lckhUTUwlMjAlM0QlMjAlMjIlMkIlMjIlM0IlMEElMjAlMjAlMjAlMjBib3hzaGFkb3dsLmNsYXNzTGlzdC5yZW1vdmUlMjglMjJleHBhbmRlZCUyMiUyOSUzQiUwQSUyMCUyMCU3RCUwQSU3RCUyOSUzQyUyRnNjcmlwdCUzRQ==[\/vc_raw_js][\/vc_column][\/vc_row][vc_row][vc_column][vc_row_inner el_class=&#8221;boxshadowr swapmobile&#8221; el_id=&#8221;boxshadowr2&#8243;][vc_column_inner width=&#8221;1\/3&#8243; css=&#8221;.vc_custom_1724928836365{padding-right: 0px !important;padding-left: 0px !important;}&#8221;][vc_single_image image=&#8221;375&#8243; img_size=&#8221;full&#8221; css=&#8221;.vc_custom_1725290780186{margin-bottom: 0px !important;}&#8221; el_class=&#8221;immaginesoffietto&#8221;][\/vc_column_inner][vc_column_inner width=&#8221;2\/3&#8243;][vc_column_text css=&#8221;.vc_custom_1727084981418{padding-top: 50px !important;padding-right: 60px !important;padding-bottom: 50px !important;padding-left: 60px !important;}&#8221;]<\/p>\n<h2>Karakt\u00e4rsdrag<\/h2>\n<p>Conegliano Valdobbiadene Prosecco Superiore DOCG \u00e4r ett italienskt mousserande vin med livfull elegans och fruktiga, blommiga aromer. Det finns i f\u00f6ljande varianter:<\/p>\n<p>\u2022 Conegliano Valdobbiadene Prosecco Superiore <strong>DOCG<\/strong>: Conegliano Valdobbiadene Prosecco Superiore \u00e4r ett mousserande DOCG-vin som uteslutande produceras p\u00e5 kullarna i Conegliano Valdobbiadene. Det framst\u00e4lls fr\u00e5n druvsorten Glera, som odlas i appellationens 15 kommuner.<\/p>\n<p>\u2022 Conegliano Valdobbiadene Prosecco Superiore <strong>DOCG Rive<\/strong>: Termen &#8220;Rive&#8221; betecknar p\u00e5 lokalt spr\u00e5kbruk sluttningarna p\u00e5 de branta kullar som k\u00e4nnetecknar omr\u00e5det. Rive-vinerna g\u00f6rs med druvor som v\u00e4xt p\u00e5 de brantaste sluttningarna vid utvalda ving\u00e5rdar i en enda kommun eller en del av kommunen. H\u00e4r f\u00f6rb\u00e4ttras vinets egenskaper ytterligare av omr\u00e5dets unika karakt\u00e4r. Det finns 43 olika rive, som alla ger olika uttryck f\u00f6r platsens jordm\u00e5n, exponering och mikroklimat.<\/p>\n<p>\u2022 Valdobbiadene Superiore di Cartizze <strong>DOCG<\/strong>: Valdobbiadene Superiore di Cartizze har beteckningens allra h\u00f6gsta kvalitet. De kommer fr\u00e5n en delzon som sedan 1969 best\u00e5r av ving\u00e5rdar med en area p\u00e5 totalt endast 107 hektar. Dessa ligger mellan de brantaste kullarna San Pietro di Barbozza, Santo Stefano och Saccol, i kommunen Valdobbiadene. Omr\u00e5det bjuder p\u00e5 en perfekt kombination av mikroklimat och gamla jordar. Vinerna h\u00e4rifr\u00e5n har en komplex arom som p\u00e5minner om \u00e4pple och p\u00e4ron, citrusfrukter, persika och aprikos, med en antydan av rosor, och en mycket svag eftersmak av mandel. Smaken \u00e4r harmonisk och elegant, med en betydande mjukhet och friskhet, och st\u00f6ds av l\u00e4tta, fina bubblor.<\/p>\n<p>\u2022 Conegliano Valdobbiadene Prosecco Superiore <strong>DOCG sui lieviti<\/strong>: S\u00e5 kallas den traditionella flaskj\u00e4sta Conegliano Valdobbiadene Prosecco, \u00e4ven kallad &#8220;col fondo&#8221; eller &#8220;sur lie&#8221; p\u00e5 den lokala dialekten. Den var den f\u00f6rsta versionen med bubblor som framst\u00e4lldes p\u00e5 dessa kullar. Det som namngett denna vinsort \u00e4r de j\u00e4stsvampar som faller till botten av flaskan, d\u00e4r \u00e5terj\u00e4sning sker enligt den gamla metoden f\u00f6r tillverkning av mousserande vin. Sui lieviti betyder just \u201dp\u00e5 j\u00e4st\u201d p\u00e5 italienska. Mousserande viner \u00e4r mycket eftertraktade av dagens konsumenter.[\/vc_column_text][\/vc_column_inner][\/vc_row_inner][vc_raw_html css=&#8221;&#8221;]JTNDYnV0dG9uJTIwaWQlM0QlMjJleHBhbmQtYnV0dG9uMiUyMiUzRSUyQiUzQyUyRmJ1dHRvbiUzRQ==[\/vc_raw_html][vc_raw_js]JTNDc2NyaXB0JTNFJTIwbGV0JTIwYnRuMiUyMCUzRCUyMGRvY3VtZW50LmdldEVsZW1lbnRCeUlkJTI4JTI3ZXhwYW5kLWJ1dHRvbjIlMjclMjklM0IlMEFsZXQlMjBib3hzaGFkb3dyMiUyMCUzRCUyMGRvY3VtZW50LmdldEVsZW1lbnRCeUlkJTI4JTI3Ym94c2hhZG93cjIlMjclMjklM0IlMEElMEFidG4yLmFkZEV2ZW50TGlzdGVuZXIlMjglMjdjbGljayUyNyUyQyUyMCUyOCUyOSUyMCUzRCUzRSUyMCU3QiUwQSUyMCUyMGJveHNoYWRvd3IyLmNsYXNzTGlzdC50b2dnbGUlMjglMjJleHBhbmRlZCUyMiUyOSUzQiUwQSUyMCUyMGNvbnN0JTIwZXhwYW5kZWQlMjAlM0QlMjBib3hzaGFkb3dyMi5jbGFzc0xpc3QuY29udGFpbnMlMjglMjJleHBhbmRlZCUyMiUyOSUzQiUwQSUyMCUyMGlmJTIwJTI4ZXhwYW5kZWQlMjklMjAlN0IlMEElMjAlMjAlMjAlMjBidG4yLmlubmVySFRNTCUyMCUzRCUyMCUyMi0lMjIlM0IlMEElMjAlMjAlMjAlMjBib3hzaGFkb3dyMi5zdHlsZS5vdmVyZmxvdyUyMCUzRCUyMCUyN3Njcm9sbCUyNyUzQiUwQSUyMCUyMCUyMCUyMGJveHNoYWRvd3IyLnN0eWxlLm92ZXJmbG93WCUyMCUzRCUyMCUyN2hpZGRlbiUyNyUzQiUwQSUyMCUyMCU3RCUyMGVsc2UlMjAlN0IlMEElMjAlMjAlMjAlMjBidG4yLmlubmVySFRNTCUyMCUzRCUyMCUyMiUyQiUyMiUzQiUwQSUyMCUyMCUyMCUyMGJveHNoYWRvd3IyLmNsYXNzTGlzdC5yZW1vdmUlMjglMjJleHBhbmRlZCUyMiUyOSUzQiUwQSUyMCUyMCU3RCUwQSU3RCUyOSUzQyUyRnNjcmlwdCUzRQ==[\/vc_raw_js][\/vc_column][\/vc_row][vc_row][vc_column][vc_empty_space][\/vc_column][\/vc_row][vc_row][vc_column][vc_column_text css=&#8221;&#8221;]<\/p>\n<p style=\"text-align: center;\"><span style=\"color: #95c120;\">F\u00f6r ytterligare information, konsultera konsortiets officiella kanaler.<\/span><\/p>\n<p>[\/vc_column_text][vc_row_inner el_class=&#8221;socialicons&#8221;][vc_column_inner]<div class=\"ult-just-icon-wrapper   vc_custom_1726479646625\"><div class=\"align-icon\" style=\"text-align:center;\">\n<a class=\"aio-tooltip 6a00686edf8e6\" href=\"https:\/\/www.facebook.com\/ConeglianoValdobbiadeneProseccoDOCG\/\" target=\"_blank\" rel=\"noopener\"  data-toggle=\"tooltip\" data-placement=\"\"><div class=\"aio-icon-img \" style=\"font-size:55px;display:inline-block;\" >\n\t<img decoding=\"async\" class=\"img-icon\" alt=\"null\" src=\"https:\/\/www.bornsustainable.eu\/wp-content\/uploads\/2024\/09\/FB3-ico.svg\"\/>\n<\/div><\/a><\/div><\/div><div class=\"ult-just-icon-wrapper   vc_custom_1726479731400\"><div class=\"align-icon\" style=\"text-align:center;\">\n<a class=\"aio-tooltip 6a00686edfc2e\" href=\"https:\/\/instagram.com\/proseccocv\/\" target=\"_blank\" rel=\"noopener\"  data-toggle=\"tooltip\" data-placement=\"\"><div class=\"aio-icon-img \" style=\"font-size:55px;display:inline-block;\" >\n\t<img decoding=\"async\" class=\"img-icon\" alt=\"null\" src=\"https:\/\/www.bornsustainable.eu\/wp-content\/uploads\/2024\/09\/IG3-ico.svg\"\/>\n<\/div><\/a><\/div><\/div>[vc_icon icon_fontawesome=&#8221;fab fa-twitter&#8221; color=&#8221;custom&#8221; size=&#8221;lg&#8221; css=&#8221;.vc_custom_1726480134744{padding-right: 15px !important;}&#8221; custom_color=&#8221;#95c120&#8243; link=&#8221;url:https%3A%2F%2Ftwitter.com%2FProseccoCV|target:_blank&#8221;][vc_icon icon_fontawesome=&#8221;fab fa-pinterest&#8221; color=&#8221;custom&#8221; size=&#8221;lg&#8221; css=&#8221;.vc_custom_1726480149008{padding-right: 15px !important;}&#8221; custom_color=&#8221;#95c120&#8243; link=&#8221;url:https%3A%2F%2Fwww.pinterest.com%2Fproseccoacademy%2F|target:_blank&#8221;][vc_icon icon_fontawesome=&#8221;fab fa-youtube&#8221; color=&#8221;custom&#8221; size=&#8221;lg&#8221; css=&#8221;.vc_custom_1726480199922{padding-right: 15px !important;}&#8221; custom_color=&#8221;#95c120&#8243; link=&#8221;url:https%3A%2F%2Fwww.youtube.com%2Fuser%2FProseccoSuperiore|target:_blank&#8221;][vc_icon icon_fontawesome=&#8221;fab fa-flickr&#8221; color=&#8221;custom&#8221; size=&#8221;lg&#8221; css=&#8221;&#8221; custom_color=&#8221;#95c120&#8243; link=&#8221;url:https%3A%2F%2Fwww.flickr.com%2Fphotos%2Fconeglianovaldobbiadeneproseccosuperiore|target:_blank&#8221;][\/vc_column_inner][\/vc_row_inner][\/vc_column][\/vc_row]<\/p>\n<\/div>","protected":false},"excerpt":{"rendered":"<p>[vc_row][vc_column css=&#8221;.vc_custom_1724926063522{padding-right: 0px !important;padding-left: 0px !important;}&#8221; offset=&#8221;vc_hidden-sm vc_hidden-xs&#8221;][\/vc_column][\/vc_row][vc_row][vc_column css=&#8221;.vc_custom_1724926071659{padding-right: 0px !important;padding-left: 0px !important;}&#8221; offset=&#8221;vc_hidden-lg vc_hidden-md&#8221;][vc_single_image image=&#8221;354&#8243; img_size=&#8221;full&#8221; alignment=&#8221;center&#8221; css=&#8221;&#8221; el_class=&#8221;aperturamobile-int&#8221;][\/vc_column][\/vc_row][vc_row][vc_column css=&#8221;.vc_custom_1724926071659{padding-right: 0px !important;padding-left: 0px !important;}&#8221; offset=&#8221;vc_hidden-lg vc_hidden-md&#8221;][vc_column_text css=&#8221;&#8221;] Conegliano Valdobbiadene: platsen med de b\u00f6ljande kullarna, d\u00e4r den unika Prosecco Superiore DOCG har sitt ursprung. Och framst\u00e4lls p\u00e5 ett h\u00e5llbart s\u00e4tt. [\/vc_column_text][\/vc_column][\/vc_row][vc_row][vc_column][vc_empty_space][\/vc_column][\/vc_row][vc_row][vc_column][vc_row_inner el_class=&#8221;boxshadowr swapmobile&#8221; el_id=&#8221;boxshadowr&#8221;][vc_column_inner width=&#8221;1\/3&#8243; &#8230; <a title=\"Consorzio di Tutela del Conegliano Valdobbiadene Prosecco DOCG\" class=\"read-more\" href=\"https:\/\/www.bornsustainable.eu\/sv\/consorzio-tutela-conegliano-valdobbiadene-prosecco-docg\/\" aria-label=\"Read more about Consorzio di Tutela del Conegliano Valdobbiadene Prosecco DOCG\">L\u00e4s mer<\/a><\/p>\n","protected":false},"author":1,"featured_media":0,"parent":0,"menu_order":0,"comment_status":"closed","ping_status":"closed","template":"","meta":{"footnotes":""},"class_list":["post-772","page","type-page","status-publish"],"_links":{"self":[{"href":"https:\/\/www.bornsustainable.eu\/sv\/wp-json\/wp\/v2\/pages\/772"}],"collection":[{"href":"https:\/\/www.bornsustainable.eu\/sv\/wp-json\/wp\/v2\/pages"}],"about":[{"href":"https:\/\/www.bornsustainable.eu\/sv\/wp-json\/wp\/v2\/types\/page"}],"author":[{"embeddable":true,"href":"https:\/\/www.bornsustainable.eu\/sv\/wp-json\/wp\/v2\/users\/1"}],"replies":[{"embeddable":true,"href":"https:\/\/www.bornsustainable.eu\/sv\/wp-json\/wp\/v2\/comments?post=772"}],"version-history":[{"count":3,"href":"https:\/\/www.bornsustainable.eu\/sv\/wp-json\/wp\/v2\/pages\/772\/revisions"}],"predecessor-version":[{"id":869,"href":"https:\/\/www.bornsustainable.eu\/sv\/wp-json\/wp\/v2\/pages\/772\/revisions\/869"}],"wp:attachment":[{"href":"https:\/\/www.bornsustainable.eu\/sv\/wp-json\/wp\/v2\/media?parent=772"}],"curies":[{"name":"wp","href":"https:\/\/api.w.org\/{rel}","templated":true}]}}