{"id":768,"date":"2024-09-02T08:05:35","date_gmt":"2024-09-02T08:05:35","guid":{"rendered":"https:\/\/www.bornsustainable.eu\/roccaverano-dop\/"},"modified":"2024-09-24T09:49:33","modified_gmt":"2024-09-24T09:49:33","slug":"roccaverano-dop","status":"publish","type":"page","link":"https:\/\/www.bornsustainable.eu\/sv\/roccaverano-dop\/","title":{"rendered":"Roccaverano DOP"},"content":{"rendered":"<div class=\"wpb-content-wrapper\"><p>[vc_row][vc_column css=&#8221;.vc_custom_1724926063522{padding-right: 0px !important;padding-left: 0px !important;}&#8221; offset=&#8221;vc_hidden-sm vc_hidden-xs&#8221;]\n\t\t\t\t<p class=\"rs-p-wp-fix\"><\/p>\n\t\t\t\t<sr7-module data-alias=\"roccaverano\" data-id=\"4\" id=\"SR7_4_1\" class=\"rs-ov-hidden\" data-version=\"6.7.18\">\n\t\t\t\t\t<sr7-adjuster><\/sr7-adjuster>\n\t\t\t\t\t<sr7-content>\n\t\t\t\t\t\t<sr7-slide id=\"SR7_4_1-17\" data-key=\"17\">\n\t\t\t\t\t\t\t<sr7-bg id=\"SR7_4_1-17-1\" class=\"sr7-layer\"><noscript><img decoding=\"async\" src=\"https:\/\/www.bornsustainable.eu\/wp-content\/uploads\/2024\/09\/roccaverano-head.jpg\" alt=\"\" title=\"roccaverano-head\"><\/noscript><\/sr7-bg>\n\t\t\t\t\t\t\t<sr7-txt id=\"SR7_4_1-17-0\" class=\"sr7-layer\">Roccaverano: en ost med arakt\u00e4ristisk smak som vi framst\u00e4ller med k\u00e4rlek till jorden och v\u00e5ra betande djur \u2013 \n<b>p\u00e5 ett h\u00e5llbart s\u00e4tt.<\/b><\/sr7-txt>\n\t\t\t\t\t\t<\/sr7-slide>\n\t\t\t\t\t\t<sr7-slide id=\"SR7_4_1-8\" data-key=\"8\">\n\t\t\t\t\t\t<\/sr7-slide>\n\t\t\t\t\t<\/sr7-content>\n\t\t\t\t\t<image_lists style=\"display:none\">\n\t\t\t\t\t\t<img data-src=\"\/\/www.bornsustainable.eu\/wp-content\/uploads\/2024\/09\/roccaverano-head.jpg\" data-libid=\"355\" data-lib=\"medialibrary\" title=\"roccaverano-head\" width=\"0\" height=\"0\" data-dbsrc=\"Ly93d3cuYm9ybnN1c3RhaW5hYmxlLmV1L3dwLWNvbnRlbnQvdXBsb2Fkcy8yMDI0LzA5L3JvY2NhdmVyYW5vLWhlYWQuanBn\"\/>\n\t\t\t\t\t<\/image_lists>\n\t\t\t\t<\/sr7-module>\n\t\t\t\t<script>\n\t\t\t\t\tSR7.PMH ??={}; SR7.PMH[\"SR7_4_1\"] = {cn:0,state:false,fn: function() { if (_tpt!==undefined && _tpt.prepareModuleHeight !== undefined) {  _tpt.prepareModuleHeight({id:\"SR7_4_1\",el:[500,500,312,678,500],type:'standard',shdw:'0',gh:[500,500,312,237,146],gw:[1640,1640,1024,778,480],vpt:['100px'],size:{fullWidth:false, fullHeight:false},mh:'0',onh:0,onw:0,bg:{color:'{\"orig\":\"transparent\",\"type\":\"solid\",\"string\":\"transparent\"}'}});   SR7.PMH[\"SR7_4_1\"].state=true;} else if((SR7.PMH[\"SR7_4_1\"].cn++)<100)\tsetTimeout( SR7.PMH[\"SR7_4_1\"].fn,19);}};SR7.PMH[\"SR7_4_1\" ].fn();\n\t\t\t\t<\/script>\n[\/vc_column][\/vc_row][vc_row][vc_column css=&#8221;.vc_custom_1724926071659{padding-right: 0px !important;padding-left: 0px !important;}&#8221; offset=&#8221;vc_hidden-lg vc_hidden-md&#8221;][vc_single_image image=&#8221;356&#8243; img_size=&#8221;full&#8221; alignment=&#8221;center&#8221; css=&#8221;&#8221; el_class=&#8221;aperturamobile-int&#8221;][\/vc_column][\/vc_row][vc_row][vc_column css=&#8221;.vc_custom_1724926071659{padding-right: 0px !important;padding-left: 0px !important;}&#8221; offset=&#8221;vc_hidden-lg vc_hidden-md&#8221;][vc_column_text css=&#8221;&#8221;]<\/p>\n<h1 style=\"text-align: center;\">Roccaverano: en ost med karakt\u00e4ristisk smak som vi framst\u00e4ller med k\u00e4rlek till jorden och v\u00e5ra betande djur \u2013<br \/>\n<strong>p\u00e5 ett h\u00e5llbart s\u00e4tt..<\/strong><\/h1>\n<p>[\/vc_column_text][\/vc_column][\/vc_row][vc_row][vc_column][vc_empty_space][\/vc_column][\/vc_row][vc_row][vc_column][vc_row_inner el_class=&#8221;boxshadowr swapmobile&#8221; el_id=&#8221;boxshadowr&#8221;][vc_column_inner width=&#8221;1\/3&#8243; css=&#8221;.vc_custom_1724928836365{padding-right: 0px !important;padding-left: 0px !important;}&#8221;][vc_single_image image=&#8221;366&#8243; img_size=&#8221;full&#8221; css=&#8221;.vc_custom_1725290456636{margin-bottom: 0px !important;}&#8221; el_class=&#8221;immaginesoffietto&#8221;][\/vc_column_inner][vc_column_inner width=&#8221;2\/3&#8243;][vc_column_text css=&#8221;.vc_custom_1727084593152{padding-top: 50px !important;padding-right: 60px !important;padding-bottom: 50px !important;padding-left: 60px !important;}&#8221;]<\/p>\n<h2>Historik <img loading=\"lazy\" decoding=\"async\" class=\"alignright wp-image-370\" src=\"https:\/\/www.bornsustainable.eu\/wp-content\/uploads\/2024\/09\/roccaverano-logo.jpg\" alt=\"\" width=\"180\" height=\"180\" srcset=\"https:\/\/www.bornsustainable.eu\/wp-content\/uploads\/2024\/09\/roccaverano-logo.jpg 203w, https:\/\/www.bornsustainable.eu\/wp-content\/uploads\/2024\/09\/roccaverano-logo-150x150.jpg 150w\" sizes=\"(max-width: 180px) 100vw, 180px\" \/><\/h2>\n<p>Konsortiet, som grundades 1988, v\u00e4xte fram ur en befintlig producentorganisation som redan 1979 hade utarbetat och fastst\u00e4llt specifikationerna. Det arbete som sedan f\u00f6ljde ledde till att den skyddade ursprungsbeteckningen erh\u00f6lls 1996.<\/p>\n<p>Roccaverano har, liksom andra ber\u00f6mda italienska ostar, sitt ursprung i b\u00f6ndernas tradition att anv\u00e4nda \u00f6verskottsmj\u00f6lk till att tillverka livsmedelsprodukter f\u00f6r egen konsumtion.<br \/>\nKonsortiet \u00e4gnar sig \u00e4ven \u00e5t forskning f\u00f6r att undan f\u00f6r undan h\u00f6ja och garantera kvalitetsstandarden f\u00f6r ostproduktionen.[\/vc_column_text][\/vc_column_inner][\/vc_row_inner][vc_raw_html css=&#8221;&#8221;]JTNDYnV0dG9uJTIwaWQlM0QlMjJleHBhbmQtYnV0dG9uJTIyJTNFJTJCJTNDJTJGYnV0dG9uJTNF[\/vc_raw_html][vc_raw_js]JTNDc2NyaXB0JTNFJTIwbGV0JTIwYnRuJTIwJTNEJTIwZG9jdW1lbnQuZ2V0RWxlbWVudEJ5SWQlMjglMjdleHBhbmQtYnV0dG9uJTI3JTI5JTNCJTBBbGV0JTIwYm94c2hhZG93ciUyMCUzRCUyMGRvY3VtZW50LmdldEVsZW1lbnRCeUlkJTI4JTI3Ym94c2hhZG93ciUyNyUyOSUzQiUwQSUwQWJ0bi5hZGRFdmVudExpc3RlbmVyJTI4JTI3Y2xpY2slMjclMkMlMjAlMjglMjklMjAlM0QlM0UlMjAlN0IlMEElMjAlMjBib3hzaGFkb3dyLmNsYXNzTGlzdC50b2dnbGUlMjglMjJleHBhbmRlZCUyMiUyOSUzQiUwQSUyMCUyMGNvbnN0JTIwZXhwYW5kZWQlMjAlM0QlMjBib3hzaGFkb3dyLmNsYXNzTGlzdC5jb250YWlucyUyOCUyMmV4cGFuZGVkJTIyJTI5JTNCJTBBJTIwJTIwaWYlMjAlMjhleHBhbmRlZCUyOSUyMCU3QiUwQSUyMCUyMCUyMCUyMGJ0bi5pbm5lckhUTUwlMjAlM0QlMjAlMjItJTIyJTNCJTBBJTIwJTIwJTIwJTIwYm94c2hhZG93ci5zdHlsZS5vdmVyZmxvdyUyMCUzRCUyMCUyN3Njcm9sbCUyNyUzQiUwQSUyMCUyMCUyMCUyMGJveHNoYWRvd3Iuc3R5bGUub3ZlcmZsb3dYJTIwJTNEJTIwJTI3aGlkZGVuJTI3JTNCJTBBJTIwJTIwJTdEJTIwZWxzZSUyMCU3QiUwQSUyMCUyMCUyMCUyMGJ0bi5pbm5lckhUTUwlMjAlM0QlMjAlMjIlMkIlMjIlM0IlMEElMjAlMjAlMjAlMjBib3hzaGFkb3dyLmNsYXNzTGlzdC5yZW1vdmUlMjglMjJleHBhbmRlZCUyMiUyOSUzQiUwQSUyMCUyMCU3RCUwQSU3RCUyOSUzQyUyRnNjcmlwdCUzRQ==[\/vc_raw_js][\/vc_column][\/vc_row][vc_row][vc_column][vc_row_inner el_class=&#8221;boxshadowr&#8221; el_id=&#8221;boxshadowl&#8221;][vc_column_inner width=&#8221;2\/3&#8243;][vc_column_text css=&#8221;.vc_custom_1727084613769{padding-top: 50px !important;padding-right: 60px !important;padding-bottom: 50px !important;padding-left: 60px !important;}&#8221;]<\/p>\n<h2>Omr\u00e5det<\/h2>\n<p>Produktionsomr\u00e5det f\u00f6r den skyddade ursprungsbeteckningen Roccaverano omfattar tio kommuner i provinsen Asti (Bubbio, Cessole, Loazzolo, Mombaldone, Monastero Bormida, Olmo Gentile, Roccaverano, San Giorgio Scarampi, Serole, Vesime) och nio kommuner i provinsen Alessandria i den \u00f6stligaste delen av Langhe i Piemonte-regionen.<\/p>\n<p>Omr\u00e5det f\u00f6r den skyddade ursprungsbeteckningen Roccaverano k\u00e4nnetecknas av en oj\u00e4mn morfologi. Geologin i det kuperade omr\u00e5dena Langa di Roccaverano och Val Bormida skiljer sig fr\u00e5n den i det mer bergiga Valle Erro.[\/vc_column_text][\/vc_column_inner][vc_column_inner width=&#8221;1\/3&#8243; css=&#8221;.vc_custom_1724928829713{padding-right: 0px !important;padding-left: 0px !important;}&#8221;][vc_single_image image=&#8221;367&#8243; img_size=&#8221;full&#8221; css=&#8221;.vc_custom_1725290378250{margin-bottom: 0px !important;}&#8221; el_class=&#8221;immaginesoffietto-r&#8221;][\/vc_column_inner][\/vc_row_inner][vc_raw_html css=&#8221;&#8221;]JTNDYnV0dG9uJTIwaWQlM0QlMjJleHBhbmQtYnV0dG9uLWxlZnQlMjIlM0UlMkIlM0MlMkZidXR0b24lM0U=[\/vc_raw_html][vc_raw_js]JTNDc2NyaXB0JTNFJTIwbGV0JTIwYnRubGVmdCUyMCUzRCUyMGRvY3VtZW50LmdldEVsZW1lbnRCeUlkJTI4JTI3ZXhwYW5kLWJ1dHRvbi1sZWZ0JTI3JTI5JTNCJTBBbGV0JTIwYm94c2hhZG93bCUyMCUzRCUyMGRvY3VtZW50LmdldEVsZW1lbnRCeUlkJTI4JTI3Ym94c2hhZG93bCUyNyUyOSUzQiUwQSUwQWJ0bmxlZnQuYWRkRXZlbnRMaXN0ZW5lciUyOCUyN2NsaWNrJTI3JTJDJTIwJTI4JTI5JTIwJTNEJTNFJTIwJTdCJTBBJTIwJTIwYm94c2hhZG93bC5jbGFzc0xpc3QudG9nZ2xlJTI4JTIyZXhwYW5kZWQlMjIlMjklM0IlMEElMjAlMjBjb25zdCUyMGV4cGFuZGVkJTIwJTNEJTIwYm94c2hhZG93bC5jbGFzc0xpc3QuY29udGFpbnMlMjglMjJleHBhbmRlZCUyMiUyOSUzQiUwQSUyMCUyMGlmJTIwJTI4ZXhwYW5kZWQlMjklMjAlN0IlMEElMjAlMjAlMjAlMjBidG5sZWZ0LmlubmVySFRNTCUyMCUzRCUyMCUyMi0lMjIlM0IlMEElMjAlMjAlMjAlMjBib3hzaGFkb3dsLnN0eWxlLm92ZXJmbG93JTIwJTNEJTIwJTI3c2Nyb2xsJTI3JTNCJTBBJTIwJTIwJTIwJTIwYm94c2hhZG93bC5zdHlsZS5vdmVyZmxvd1glMjAlM0QlMjAlMjdoaWRkZW4lMjclM0IlMEElMjAlMjAlN0QlMjBlbHNlJTIwJTdCJTBBJTIwJTIwJTIwJTIwYnRubGVmdC5pbm5lckhUTUwlMjAlM0QlMjAlMjIlMkIlMjIlM0IlMEElMjAlMjAlMjAlMjBib3hzaGFkb3dsLmNsYXNzTGlzdC5yZW1vdmUlMjglMjJleHBhbmRlZCUyMiUyOSUzQiUwQSUyMCUyMCU3RCUwQSU3RCUyOSUzQyUyRnNjcmlwdCUzRQ==[\/vc_raw_js][\/vc_column][\/vc_row][vc_row][vc_column][vc_row_inner el_class=&#8221;boxshadowr swapmobile&#8221; el_id=&#8221;boxshadowr2&#8243;][vc_column_inner width=&#8221;1\/3&#8243; css=&#8221;.vc_custom_1724928836365{padding-right: 0px !important;padding-left: 0px !important;}&#8221;][vc_single_image image=&#8221;368&#8243; img_size=&#8221;full&#8221; css=&#8221;.vc_custom_1725290467563{margin-bottom: 0px !important;}&#8221; el_class=&#8221;immaginesoffietto&#8221;][\/vc_column_inner][vc_column_inner width=&#8221;2\/3&#8243;][vc_column_text css=&#8221;.vc_custom_1727084666961{padding-top: 50px !important;padding-right: 60px !important;padding-bottom: 50px !important;padding-left: 60px !important;}&#8221;]<\/p>\n<h2>Karakt\u00e4rsdrag<\/h2>\n<p>Den skyddade ursprungsbeteckningen Roccaverano DOP avser en mjukost som tillverkas av ren, obehandlad getmj\u00f6lk. Osten, som kan avnjutas b\u00e5de f\u00e4rsk och mognad, \u00e4r mjuk, vit, och mer eller mindre kompakt, med en smak som varierar fr\u00e5n mild till kraftig.<\/p>\n<p>Roccaverano DOP saluf\u00f6rs i olika varianter vars egenskaper skiljer sig \u00e5t p\u00e5 f\u00f6ljande s\u00e4tt:<\/p>\n<p>\u2022 Mognadslagrad: med en mognadstid p\u00e5 minst 10 dagar, halmf\u00e4rgad eller r\u00f6daktig skorpa med naturlig m\u00f6gelblomning, mjuk och n\u00e5got kompakt konsistens och kraftig smak;<\/p>\n<p>\u2022 F\u00e4rsk: med en mognadstid p\u00e5 minst 4 men h\u00f6gst 10 dagar, utan skal eller med en l\u00e4tt naturlig m\u00f6gelblomning, med en kr\u00e4mig och mjuk konsistens och en mild, smakrik och l\u00e4tt syrlig smak.[\/vc_column_text][\/vc_column_inner][\/vc_row_inner][vc_raw_html css=&#8221;&#8221;]JTNDYnV0dG9uJTIwaWQlM0QlMjJleHBhbmQtYnV0dG9uMiUyMiUzRSUyQiUzQyUyRmJ1dHRvbiUzRQ==[\/vc_raw_html][vc_raw_js]JTNDc2NyaXB0JTNFJTIwbGV0JTIwYnRuMiUyMCUzRCUyMGRvY3VtZW50LmdldEVsZW1lbnRCeUlkJTI4JTI3ZXhwYW5kLWJ1dHRvbjIlMjclMjklM0IlMEFsZXQlMjBib3hzaGFkb3dyMiUyMCUzRCUyMGRvY3VtZW50LmdldEVsZW1lbnRCeUlkJTI4JTI3Ym94c2hhZG93cjIlMjclMjklM0IlMEElMEFidG4yLmFkZEV2ZW50TGlzdGVuZXIlMjglMjdjbGljayUyNyUyQyUyMCUyOCUyOSUyMCUzRCUzRSUyMCU3QiUwQSUyMCUyMGJveHNoYWRvd3IyLmNsYXNzTGlzdC50b2dnbGUlMjglMjJleHBhbmRlZCUyMiUyOSUzQiUwQSUyMCUyMGNvbnN0JTIwZXhwYW5kZWQlMjAlM0QlMjBib3hzaGFkb3dyMi5jbGFzc0xpc3QuY29udGFpbnMlMjglMjJleHBhbmRlZCUyMiUyOSUzQiUwQSUyMCUyMGlmJTIwJTI4ZXhwYW5kZWQlMjklMjAlN0IlMEElMjAlMjAlMjAlMjBidG4yLmlubmVySFRNTCUyMCUzRCUyMCUyMi0lMjIlM0IlMEElMjAlMjAlMjAlMjBib3hzaGFkb3dyMi5zdHlsZS5vdmVyZmxvdyUyMCUzRCUyMCUyN3Njcm9sbCUyNyUzQiUwQSUyMCUyMCUyMCUyMGJveHNoYWRvd3IyLnN0eWxlLm92ZXJmbG93WCUyMCUzRCUyMCUyN2hpZGRlbiUyNyUzQiUwQSUyMCUyMCU3RCUyMGVsc2UlMjAlN0IlMEElMjAlMjAlMjAlMjBidG4yLmlubmVySFRNTCUyMCUzRCUyMCUyMiUyQiUyMiUzQiUwQSUyMCUyMCUyMCUyMGJveHNoYWRvd3IyLmNsYXNzTGlzdC5yZW1vdmUlMjglMjJleHBhbmRlZCUyMiUyOSUzQiUwQSUyMCUyMCU3RCUwQSU3RCUyOSUzQyUyRnNjcmlwdCUzRQ==[\/vc_raw_js][\/vc_column][\/vc_row][vc_row][vc_column][vc_empty_space][\/vc_column][\/vc_row][vc_row][vc_column][vc_column_text css=&#8221;&#8221;]<\/p>\n<p style=\"text-align: center;\"><span style=\"color: #beab9c;\">F\u00f6r ytterligare information, konsultera konsortiets officiella kanaler.<\/span><\/p>\n<p>[\/vc_column_text][vc_row_inner el_class=&#8221;socialicons&#8221;][vc_column_inner]<div class=\"ult-just-icon-wrapper   vc_custom_1726480248775\"><div class=\"align-icon\" style=\"text-align:center;\">\n<a class=\"aio-tooltip 6a0068656c0c4\" href=\"https:\/\/www.facebook.com\/robioladiroccaverano\/\" target=\"_blank\" rel=\"noopener\"  data-toggle=\"tooltip\" data-placement=\"\"><div class=\"aio-icon-img \" style=\"font-size:55px;display:inline-block;\" >\n\t<img decoding=\"async\" class=\"img-icon\" alt=\"null\" src=\"https:\/\/www.bornsustainable.eu\/wp-content\/uploads\/2024\/09\/FB2-ico.svg\"\/>\n<\/div><\/a><\/div><\/div><div class=\"ult-just-icon-wrapper  \"><div class=\"align-icon\" style=\"text-align:center;\">\n<a class=\"aio-tooltip 6a0068656c428\" href=\"https:\/\/www.instagram.com\/robiolaroccaverano\/\" target=\"_blank\" rel=\"noopener\"  data-toggle=\"tooltip\" data-placement=\"\"><div class=\"aio-icon-img \" style=\"font-size:55px;display:inline-block;\" >\n\t<img decoding=\"async\" class=\"img-icon\" alt=\"null\" src=\"https:\/\/www.bornsustainable.eu\/wp-content\/uploads\/2024\/09\/IG2-ico.svg\"\/>\n<\/div><\/a><\/div><\/div>[\/vc_column_inner][\/vc_row_inner][\/vc_column][\/vc_row]<\/p>\n<\/div>","protected":false},"excerpt":{"rendered":"<p>[vc_row][vc_column css=&#8221;.vc_custom_1724926063522{padding-right: 0px !important;padding-left: 0px !important;}&#8221; offset=&#8221;vc_hidden-sm vc_hidden-xs&#8221;][\/vc_column][\/vc_row][vc_row][vc_column css=&#8221;.vc_custom_1724926071659{padding-right: 0px !important;padding-left: 0px !important;}&#8221; offset=&#8221;vc_hidden-lg vc_hidden-md&#8221;][vc_single_image image=&#8221;356&#8243; img_size=&#8221;full&#8221; alignment=&#8221;center&#8221; css=&#8221;&#8221; el_class=&#8221;aperturamobile-int&#8221;][\/vc_column][\/vc_row][vc_row][vc_column css=&#8221;.vc_custom_1724926071659{padding-right: 0px !important;padding-left: 0px !important;}&#8221; offset=&#8221;vc_hidden-lg vc_hidden-md&#8221;][vc_column_text css=&#8221;&#8221;] Roccaverano: en ost med karakt\u00e4ristisk smak som vi framst\u00e4ller med k\u00e4rlek till jorden och v\u00e5ra betande djur \u2013 p\u00e5 ett h\u00e5llbart s\u00e4tt.. [\/vc_column_text][\/vc_column][\/vc_row][vc_row][vc_column][vc_empty_space][\/vc_column][\/vc_row][vc_row][vc_column][vc_row_inner el_class=&#8221;boxshadowr swapmobile&#8221; el_id=&#8221;boxshadowr&#8221;][vc_column_inner width=&#8221;1\/3&#8243; &#8230; <a title=\"Roccaverano DOP\" class=\"read-more\" href=\"https:\/\/www.bornsustainable.eu\/sv\/roccaverano-dop\/\" aria-label=\"Read more about Roccaverano DOP\">L\u00e4s mer<\/a><\/p>\n","protected":false},"author":1,"featured_media":0,"parent":0,"menu_order":0,"comment_status":"closed","ping_status":"closed","template":"","meta":{"footnotes":""},"class_list":["post-768","page","type-page","status-publish"],"_links":{"self":[{"href":"https:\/\/www.bornsustainable.eu\/sv\/wp-json\/wp\/v2\/pages\/768"}],"collection":[{"href":"https:\/\/www.bornsustainable.eu\/sv\/wp-json\/wp\/v2\/pages"}],"about":[{"href":"https:\/\/www.bornsustainable.eu\/sv\/wp-json\/wp\/v2\/types\/page"}],"author":[{"embeddable":true,"href":"https:\/\/www.bornsustainable.eu\/sv\/wp-json\/wp\/v2\/users\/1"}],"replies":[{"embeddable":true,"href":"https:\/\/www.bornsustainable.eu\/sv\/wp-json\/wp\/v2\/comments?post=768"}],"version-history":[{"count":3,"href":"https:\/\/www.bornsustainable.eu\/sv\/wp-json\/wp\/v2\/pages\/768\/revisions"}],"predecessor-version":[{"id":870,"href":"https:\/\/www.bornsustainable.eu\/sv\/wp-json\/wp\/v2\/pages\/768\/revisions\/870"}],"wp:attachment":[{"href":"https:\/\/www.bornsustainable.eu\/sv\/wp-json\/wp\/v2\/media?parent=768"}],"curies":[{"name":"wp","href":"https:\/\/api.w.org\/{rel}","templated":true}]}}