{"id":753,"date":"2024-08-30T07:20:05","date_gmt":"2024-08-30T07:20:05","guid":{"rendered":"https:\/\/www.bornsustainable.eu\/marchi\/"},"modified":"2024-09-23T08:05:26","modified_gmt":"2024-09-23T08:05:26","slug":"europeiska-kvalitetsstamplar","status":"publish","type":"page","link":"https:\/\/www.bornsustainable.eu\/sv\/europeiska-kvalitetsstamplar\/","title":{"rendered":"Europeiska kvalitetsst\u00e4mplar"},"content":{"rendered":"<div class=\"wpb-content-wrapper\"><p>[vc_row][vc_column offset=&#8221;vc_hidden-sm vc_hidden-xs&#8221; css=&#8221;.vc_custom_1725003653321{padding-right: 0px !important;padding-left: 0px !important;}&#8221;]\n\t\t\t\t<p class=\"rs-p-wp-fix\"><\/p>\n\t\t\t\t<sr7-module data-alias=\"marchi\" data-id=\"2\" id=\"SR7_2_1\" class=\"rs-ov-hidden\" data-version=\"6.7.18\">\n\t\t\t\t\t<sr7-adjuster><\/sr7-adjuster>\n\t\t\t\t\t<sr7-content>\n\t\t\t\t\t\t<sr7-slide id=\"SR7_2_1-14\" data-key=\"14\">\n\t\t\t\t\t\t\t<sr7-bg id=\"SR7_2_1-14-4\" class=\"sr7-layer\"><noscript><img decoding=\"async\" src=\"https:\/\/www.bornsustainable.eu\/wp-content\/uploads\/2024\/08\/marchi-head.jpg\" alt=\"\" title=\"marchi-head\"><\/noscript><\/sr7-bg>\n\t\t\t\t\t\t\t<sr7-txt id=\"SR7_2_1-14-0\" class=\"sr7-layer\">SUB och SGB:<\/sr7-txt>\n\t\t\t\t\t\t\t<sr7-txt id=\"SR7_2_1-14-1\" class=\"sr7-layer\">M\u00e4rkning som st\u00e5r f\u00f6r europeisk spetskompetens <\/sr7-txt>\n\t\t\t\t\t\t\t<sr7-txt id=\"SR7_2_1-14-2\" class=\"sr7-layer\">DOP e IGP :<\/sr7-txt>\n\t\t\t\t\t\t\t<sr7-txt id=\"SR7_2_1-14-3\" class=\"sr7-layer\">I marchi delle eccellenze europee<\/sr7-txt>\n\t\t\t\t\t\t<\/sr7-slide>\n\t\t\t\t\t\t<sr7-slide id=\"SR7_2_1-4\" data-key=\"4\">\n\t\t\t\t\t\t<\/sr7-slide>\n\t\t\t\t\t<\/sr7-content>\n\t\t\t\t\t<image_lists style=\"display:none\">\n\t\t\t\t\t\t<img data-src=\"\/\/www.bornsustainable.eu\/wp-content\/uploads\/2024\/08\/marchi-head.jpg\" data-libid=\"157\" data-lib=\"medialibrary\" title=\"marchi-head\" width=\"0\" height=\"0\" data-dbsrc=\"Ly93d3cuYm9ybnN1c3RhaW5hYmxlLmV1L3dwLWNvbnRlbnQvdXBsb2Fkcy8yMDI0LzA4L21hcmNoaS1oZWFkLmpwZw==\"\/>\n\t\t\t\t\t<\/image_lists>\n\t\t\t\t<\/sr7-module>\n\t\t\t\t<script>\n\t\t\t\t\tSR7.PMH ??={}; SR7.PMH[\"SR7_2_1\"] = {cn:0,state:false,fn: function() { if (_tpt!==undefined && _tpt.prepareModuleHeight !== undefined) {  _tpt.prepareModuleHeight({id:\"SR7_2_1\",el:[500,500,312,678,500],type:'standard',shdw:'0',gh:[500,500,312,237,146],gw:[1640,1640,1024,778,480],vpt:['100px'],size:{fullWidth:false, fullHeight:false},mh:'0',onh:0,onw:0,bg:{color:'{\"orig\":\"transparent\",\"type\":\"solid\",\"string\":\"transparent\"}'}});   SR7.PMH[\"SR7_2_1\"].state=true;} else if((SR7.PMH[\"SR7_2_1\"].cn++)<100)\tsetTimeout( SR7.PMH[\"SR7_2_1\"].fn,19);}};SR7.PMH[\"SR7_2_1\" ].fn();\n\t\t\t\t<\/script>\n[\/vc_column][\/vc_row][vc_row][vc_column css=&#8221;.vc_custom_1724926071659{padding-right: 0px !important;padding-left: 0px !important;}&#8221; offset=&#8221;vc_hidden-lg vc_hidden-md&#8221;][vc_single_image image=&#8221;161&#8243; img_size=&#8221;full&#8221; alignment=&#8221;center&#8221; css=&#8221;&#8221; el_class=&#8221;aperturamobile-int&#8221;][\/vc_column][\/vc_row][vc_row][vc_column css=&#8221;.vc_custom_1724926071659{padding-right: 0px !important;padding-left: 0px !important;}&#8221; offset=&#8221;vc_hidden-lg vc_hidden-md&#8221;][vc_column_text css=&#8221;&#8221;]<\/p>\n<h1 style=\"text-align: center;\"><strong>SUB och SGB :<\/strong><br \/>\nM\u00e4rkning som st\u00e5r f\u00f6r europeisk spetskompetens<\/h1>\n<p>[\/vc_column_text][\/vc_column][\/vc_row][vc_row][vc_column][vc_empty_space][\/vc_column][\/vc_row][vc_row gap=&#8221;35&#8243; equal_height=&#8221;yes&#8221; content_placement=&#8221;bottom&#8221;][vc_column width=&#8221;1\/2&#8243; css=&#8221;.vc_custom_1725003658344{padding-right: 0px !important;padding-left: 0px !important;}&#8221;][vc_single_image image=&#8221;212&#8243; img_size=&#8221;full&#8221; css=&#8221;&#8221; el_class=&#8221;img-radius&#8221;][\/vc_column][vc_column width=&#8221;1\/2&#8243;][vc_empty_space height=&#8221;60px&#8221; el_class=&#8221;hidemobile&#8221;][vc_column_text css=&#8221;&#8221;]SUB- och SGB-beteckningarna (DOP och IGP p\u00e5 italienska) st\u00e5r f\u00f6r de europeiska jordbruks- och livsmedelsprodukternas h\u00f6ga kvalitet och \u00e4r kopplad till deras geografiska ursprung och lokala traditioner f\u00f6r framst\u00e4llningen. Med st\u00f6d av strikta EU-standarder garanterar <strong>dessa symboler produkternas \u00e4kthet och kvalitet samtidigt som de skyddar konsumenterna<\/strong>.[\/vc_column_text][\/vc_column][\/vc_row][vc_row][vc_column][vc_empty_space height=&#8221;80px&#8221;][\/vc_column][\/vc_row][vc_row gap=&#8221;30&#8243; equal_height=&#8221;yes&#8221; content_placement=&#8221;middle&#8221; el_class=&#8221;row-shadow&#8221;][vc_column width=&#8221;1\/2&#8243;][vc_row_inner content_placement=&#8221;top&#8221; gap=&#8221;30&#8243;][vc_column_inner el_class=&#8221;colmarchi&#8221; width=&#8221;1\/3&#8243;][vc_single_image image=&#8221;219&#8243; img_size=&#8221;full&#8221; alignment=&#8221;center&#8221; css=&#8221;.vc_custom_1725003810892{padding-right: 5% !important;padding-left: 5% !important;}&#8221; el_class=&#8221;marchi&#8221;][\/vc_column_inner][vc_column_inner width=&#8221;2\/3&#8243;][vc_column_text css=&#8221;&#8221;]<strong>SUB<\/strong> st\u00e5r f\u00f6r \u201dskyddad ursprungsbeteckning\u201d (den italienska beteckningen \u00e4r DOP, Denominazione di Origine Protetta). Det inneb\u00e4r bland annat att produkterna framst\u00e4lls i ett visst omr\u00e5de med r\u00e5varor fr\u00e5n samma omr\u00e5de s\u00e5 att de unika egenskaperna fr\u00e5n milj\u00f6n i omr\u00e5det bevaras.[\/vc_column_text][\/vc_column_inner][\/vc_row_inner][\/vc_column][vc_column width=&#8221;1\/2&#8243;][vc_row_inner content_placement=&#8221;middle&#8221; gap=&#8221;30&#8243;][vc_column_inner el_class=&#8221;colmarchi&#8221; width=&#8221;1\/3&#8243;][vc_single_image image=&#8221;218&#8243; img_size=&#8221;full&#8221; alignment=&#8221;center&#8221; css=&#8221;.vc_custom_1725003732837{padding-right: 5% !important;padding-left: 5% !important;}&#8221; el_class=&#8221;marchi&#8221;][\/vc_column_inner][vc_column_inner width=&#8221;2\/3&#8243;][vc_column_text css=&#8221;&#8221;]<strong>SGB<\/strong> st\u00e5r f\u00f6r Skyddad geografisk beteckning (IGP, Indicazione Geografica Protetta p\u00e5 italienska). Endast produkter som kan kopplas till ett best\u00e4mt geografiskt omr\u00e5de genom att minst ett produktionssteg (produktion, bearbetning eller beredning) \u00e4ger rum i omr\u00e5det f\u00e5r m\u00e4rkas med SGB-beteckningen. R\u00e5varorna kan dock komma fr\u00e5n en annan plats, s\u00e5 denna m\u00e4rkning \u00e4r inte lika kr\u00e4vande som SUB-beteckningen.[\/vc_column_text][\/vc_column_inner][\/vc_row_inner][\/vc_column][\/vc_row][vc_row][vc_column][vc_empty_space height=&#8221;80px&#8221;][\/vc_column][\/vc_row][vc_row][vc_column][vc_column_text css=&#8221;&#8221;]<\/p>\n<p style=\"text-align: center;\">Endast produkter som genom en certifierad och oberoende kontrollerad process kan visas ha en stark koppling till sitt ursprungsomr\u00e5de, samtidigt som de uppr\u00e4tth\u00e5ller h\u00f6ga kvalitetsstandarder, f\u00e5r m\u00e4rkas med dessa beteckningar. <strong>Detta kvalificeringssystem skyddar inte bara producenterna fr\u00e5n illojal konkurrens, utan lyfter ocks\u00e5 fram det europeiska gastronomiska arvet och fr\u00e4mjar dess m\u00e5ngfald och unika karakt\u00e4r \u00f6ver hela v\u00e4rlden.<\/strong><\/p>\n<p>[\/vc_column_text][\/vc_column][\/vc_row]<\/p>\n<\/div>","protected":false},"excerpt":{"rendered":"<p>[vc_row][vc_column offset=&#8221;vc_hidden-sm vc_hidden-xs&#8221; css=&#8221;.vc_custom_1725003653321{padding-right: 0px !important;padding-left: 0px !important;}&#8221;][\/vc_column][\/vc_row][vc_row][vc_column css=&#8221;.vc_custom_1724926071659{padding-right: 0px !important;padding-left: 0px !important;}&#8221; offset=&#8221;vc_hidden-lg vc_hidden-md&#8221;][vc_single_image image=&#8221;161&#8243; img_size=&#8221;full&#8221; alignment=&#8221;center&#8221; css=&#8221;&#8221; el_class=&#8221;aperturamobile-int&#8221;][\/vc_column][\/vc_row][vc_row][vc_column css=&#8221;.vc_custom_1724926071659{padding-right: 0px !important;padding-left: 0px !important;}&#8221; offset=&#8221;vc_hidden-lg vc_hidden-md&#8221;][vc_column_text css=&#8221;&#8221;] SUB och SGB : M\u00e4rkning som st\u00e5r f\u00f6r europeisk spetskompetens [\/vc_column_text][\/vc_column][\/vc_row][vc_row][vc_column][vc_empty_space][\/vc_column][\/vc_row][vc_row gap=&#8221;35&#8243; equal_height=&#8221;yes&#8221; content_placement=&#8221;bottom&#8221;][vc_column width=&#8221;1\/2&#8243; css=&#8221;.vc_custom_1725003658344{padding-right: 0px !important;padding-left: 0px !important;}&#8221;][vc_single_image image=&#8221;212&#8243; img_size=&#8221;full&#8221; css=&#8221;&#8221; el_class=&#8221;img-radius&#8221;][\/vc_column][vc_column width=&#8221;1\/2&#8243;][vc_empty_space height=&#8221;60px&#8221; el_class=&#8221;hidemobile&#8221;][vc_column_text &#8230; <a title=\"Europeiska kvalitetsst\u00e4mplar\" class=\"read-more\" href=\"https:\/\/www.bornsustainable.eu\/sv\/europeiska-kvalitetsstamplar\/\" aria-label=\"Read more about Europeiska kvalitetsst\u00e4mplar\">L\u00e4s mer<\/a><\/p>\n","protected":false},"author":1,"featured_media":0,"parent":0,"menu_order":0,"comment_status":"closed","ping_status":"closed","template":"","meta":{"footnotes":""},"class_list":["post-753","page","type-page","status-publish"],"_links":{"self":[{"href":"https:\/\/www.bornsustainable.eu\/sv\/wp-json\/wp\/v2\/pages\/753"}],"collection":[{"href":"https:\/\/www.bornsustainable.eu\/sv\/wp-json\/wp\/v2\/pages"}],"about":[{"href":"https:\/\/www.bornsustainable.eu\/sv\/wp-json\/wp\/v2\/types\/page"}],"author":[{"embeddable":true,"href":"https:\/\/www.bornsustainable.eu\/sv\/wp-json\/wp\/v2\/users\/1"}],"replies":[{"embeddable":true,"href":"https:\/\/www.bornsustainable.eu\/sv\/wp-json\/wp\/v2\/comments?post=753"}],"version-history":[{"count":5,"href":"https:\/\/www.bornsustainable.eu\/sv\/wp-json\/wp\/v2\/pages\/753\/revisions"}],"predecessor-version":[{"id":758,"href":"https:\/\/www.bornsustainable.eu\/sv\/wp-json\/wp\/v2\/pages\/753\/revisions\/758"}],"wp:attachment":[{"href":"https:\/\/www.bornsustainable.eu\/sv\/wp-json\/wp\/v2\/media?parent=753"}],"curies":[{"name":"wp","href":"https:\/\/api.w.org\/{rel}","templated":true}]}}