{"id":746,"date":"2024-08-07T07:37:10","date_gmt":"2024-08-07T07:37:10","guid":{"rendered":"https:\/\/www.bornsustainable.eu\/?page_id=746"},"modified":"2024-10-15T06:44:12","modified_gmt":"2024-10-15T06:44:12","slug":"home","status":"publish","type":"page","link":"https:\/\/www.bornsustainable.eu\/sv\/","title":{"rendered":"Home"},"content":{"rendered":"<div class=\"wpb-content-wrapper\"><p>[vc_row][vc_column offset=&#8221;vc_hidden-sm vc_hidden-xs&#8221;]\n\t\t\t\t<p class=\"rs-p-wp-fix\"><\/p>\n\t\t\t\t<sr7-module data-alias=\"header-home\" data-id=\"1\" id=\"SR7_1_1\" class=\"rs-ov-hidden\" data-version=\"6.7.18\">\n\t\t\t\t\t<sr7-adjuster><\/sr7-adjuster>\n\t\t\t\t\t<sr7-content>\n\t\t\t\t\t\t<sr7-slide id=\"SR7_1_1-13\" data-key=\"13\">\n\t\t\t\t\t\t\t<sr7-bg id=\"SR7_1_1-13-4\" class=\"sr7-layer\"><noscript><img decoding=\"async\" src=\"https:\/\/www.bornsustainable.eu\/wp-content\/uploads\/2024\/08\/home-header.jpg\" alt=\"\" title=\"home-header\"><\/noscript><\/sr7-bg>\n\t\t\t\t\t\t\t<sr7-txt id=\"SR7_1_1-13-0\" class=\"sr7-layer\">Jordbruksprodukter med ett tydligt geografiskt ursprung som\nframst\u00e4lls med h\u00e5llbara metoder.<\/sr7-txt>\n\t\t\t\t\t\t\t<sr7-txt id=\"SR7_1_1-13-1\" class=\"sr7-layer\">Uppt\u00e4ck smakerna fr\u00e5n italienska produkter med skyddad\nursprungsbeteckning, SUB, eller skyddad geografisk\nbeteckning, SGB.<\/sr7-txt>\n\t\t\t\t\t\t\t<sr7-txt id=\"SR7_1_1-13-2\" class=\"sr7-layer\">Autenticit\u00e0 e sostenibilit\u00e0.<\/sr7-txt>\n\t\t\t\t\t\t\t<sr7-txt id=\"SR7_1_1-13-3\" class=\"sr7-layer\">Scopri i sapori dei territori protetti d\u2019Europa.<\/sr7-txt>\n\t\t\t\t\t\t<\/sr7-slide>\n\t\t\t\t\t\t<sr7-slide id=\"SR7_1_1-2\" data-key=\"2\">\n\t\t\t\t\t\t<\/sr7-slide>\n\t\t\t\t\t<\/sr7-content>\n\t\t\t\t\t<image_lists style=\"display:none\">\n\t\t\t\t\t\t<img data-src=\"\/\/www.bornsustainable.eu\/wp-content\/uploads\/2024\/08\/home-header.jpg\" data-libid=\"22\" data-lib=\"medialibrary\" title=\"home-header\" width=\"0\" height=\"0\" data-dbsrc=\"Ly93d3cuYm9ybnN1c3RhaW5hYmxlLmV1L3dwLWNvbnRlbnQvdXBsb2Fkcy8yMDI0LzA4L2hvbWUtaGVhZGVyLmpwZw==\"\/>\n\t\t\t\t\t<\/image_lists>\n\t\t\t\t<\/sr7-module>\n\t\t\t\t<script>\n\t\t\t\t\tSR7.PMH ??={}; SR7.PMH[\"SR7_1_1\"] = {cn:0,state:false,fn: function() { if (_tpt!==undefined && _tpt.prepareModuleHeight !== undefined) {  _tpt.prepareModuleHeight({id:\"SR7_1_1\",el:[761,761,768,960,500],type:'standard',shdw:'0',gh:[761,761,475,361,223],gw:[1640,1640,1024,778,480],vpt:['100px'],size:{fullWidth:false, fullHeight:false},mh:'0',onh:0,onw:0,bg:{color:'{\"orig\":\"transparent\",\"type\":\"solid\",\"string\":\"transparent\"}'}});   SR7.PMH[\"SR7_1_1\"].state=true;} else if((SR7.PMH[\"SR7_1_1\"].cn++)<100)\tsetTimeout( SR7.PMH[\"SR7_1_1\"].fn,19);}};SR7.PMH[\"SR7_1_1\" ].fn();\n\t\t\t\t<\/script>\n[\/vc_column][\/vc_row][vc_row][vc_column css=&#8221;.vc_custom_1724926071659{padding-right: 0px !important;padding-left: 0px !important;}&#8221; offset=&#8221;vc_hidden-lg vc_hidden-md&#8221;][vc_single_image image=&#8221;165&#8243; img_size=&#8221;full&#8221; alignment=&#8221;center&#8221; css=&#8221;&#8221; el_class=&#8221;aperturamobile-int&#8221;][\/vc_column][\/vc_row][vc_row][vc_column css=&#8221;.vc_custom_1724926071659{padding-right: 0px !important;padding-left: 0px !important;}&#8221; offset=&#8221;vc_hidden-lg vc_hidden-md&#8221;][vc_column_text css=&#8221;&#8221;]<\/p>\n<h1 style=\"text-align: center;\"><strong>Jordbruksprodukter med ett tydligt geografiskt ursprung som framst\u00e4lls med h\u00e5llbara metoder.<\/strong><br \/>\nUppt\u00e4ck smakerna fr\u00e5n italienska produkter med skyddad ursprungsbeteckning, SUB, eller skyddad geografisk beteckning, SGB.<\/h1>\n<p>[\/vc_column_text][\/vc_column][\/vc_row][vc_row][vc_column][vc_empty_space height=&#8221;40px&#8221; el_class=&#8221;hidemobile&#8221;][\/vc_column][\/vc_row][vc_row][vc_column][vc_column_text css=&#8221;.vc_custom_1727074778709{margin-bottom: 25px !important;}&#8221;]<\/p>\n<h2 style=\"text-align: center;\">Den gemensamma n\u00e4mnaren f\u00f6r<br \/>\nkonsortierna Barbera d&#8217; Asti och Vini del Monferrato samt f\u00f6r Roccaverano DOP och<br \/>\nConegliano Valdobbiadene Prosecco \u00e4r att de alla har en koppling till omr\u00e5det.<\/h2>\n<p>[\/vc_column_text][\/vc_column][\/vc_row][vc_row][vc_column][vc_separator color=&#8221;custom&#8221; border_width=&#8221;4&#8243; el_width=&#8221;10&#8243; css=&#8221;.vc_custom_1725369596336{margin-bottom: 25px !important;}&#8221; accent_color=&#8221;#d73007&#8243;][\/vc_column][\/vc_row][vc_row][vc_column][vc_column_text css=&#8221;.vc_custom_1727074792803{margin-bottom: 20px !important;}&#8221;]<\/p>\n<p style=\"text-align: center;\">Dessa konsortier \u00e4r inte bara ansedda representanter f\u00f6r italiensk mat- och vinkultur,<br \/>\nutan \u00e4r ocks\u00e5 f\u00f6rebilder f\u00f6r milj\u00f6m\u00e4ssig, ekonomisk och social h\u00e5llbarhet.<\/p>\n<p>[\/vc_column_text][\/vc_column][\/vc_row][vc_row][vc_column][vc_empty_space height=&#8221;30px&#8221;][\/vc_column][\/vc_row][vc_row][vc_column width=&#8221;1\/3&#8243;][vc_single_image image=&#8221;102&#8243; img_size=&#8221;full&#8221; onclick=&#8221;custom_link&#8221; css=&#8221;&#8221; el_class=&#8221;img-radius&#8221; link=&#8221;https:\/\/www.bornsustainable.eu\/prodotti\/consorzio-barbera-asti-vini-monferrato\/&#8221;][vc_column_text css=&#8221;.vc_custom_1727074885513{margin-bottom: 20px !important;}&#8221; el_class=&#8221;schedatext&#8221;]<\/p>\n<p style=\"text-align: center;\"><strong>Monferrato<\/strong>\u00a0\u00e4r en b\u00f6rdig region i Italien d\u00e4r konsten att framst\u00e4lla vin har utvecklats till full\u00e4ndning. Och det sker med h\u00e5llbara metoder.<\/p>\n<p>[\/vc_column_text]<div class=\" ubtn-ctn-center \"><a class=\"ubtn-link ult-adjust-bottom-margin ubtn-center ubtn-custom \" href=\"https:\/\/www.bornsustainable.eu\/sv\/consorzio-barbera-asti-vini-monferrato\/\" ><button type=\"button\" id=\"ubtn-4298\"  class=\"ubtn ult-adjust-bottom-margin ult-responsive ubtn-custom ubtn-no-hover-bg  none  ubtn-center   tooltip-69f53569bc0cd\"  data-hover=\"#ffffff\" data-border-color=\"#8a1d40\" data-bg=\"#8a1d40\" data-hover-bg=\"#6b1229\" data-border-hover=\"#6b1229\" data-shadow-hover=\"\" data-shadow-click=\"none\" data-shadow=\"\" data-shd-shadow=\"\"  data-ultimate-target='#ubtn-4298'  data-responsive-json-new='{\"font-size\":\"desktop:22px;tablet:22px;tablet_portrait:20px;mobile_landscape:18px;mobile:18px;\",\"line-height\":\"desktop:30px;tablet:30px;tablet_portrait:28px;mobile_landscape:24px;mobile:24px;\"}'  style=\"font-weight:normal;width:220px;min-height:50px;padding:px 50px;border-radius:50px;border-width:1px;border-color:#8a1d40;border-style:solid;background: #8a1d40;color: #ffffff;\"><span class=\"ubtn-hover\" style=\"background-color:#6b1229\"><\/span><span class=\"ubtn-data ubtn-text \" >MER INFO<\/span><\/button><\/a><\/div>[\/vc_column][vc_column width=&#8221;1\/3&#8243;][vc_single_image image=&#8221;103&#8243; img_size=&#8221;full&#8221; onclick=&#8221;custom_link&#8221; css=&#8221;&#8221; el_class=&#8221;img-radius&#8221; link=&#8221;https:\/\/www.bornsustainable.eu\/prodotti\/roccaverano-dop\/&#8221;][vc_column_text css=&#8221;.vc_custom_1727074914840{margin-bottom: 20px !important;}&#8221; el_class=&#8221;schedatext&#8221;]<\/p>\n<p style=\"text-align: center;\"><strong>Roccaverano:<\/strong> en ost med karakt\u00e4ristisk smak som vi framst\u00e4ller med k\u00e4rlek till jorden och v\u00e5ra betande djur \u2013 p\u00e5 ett h\u00e5llbart s\u00e4tt.[\/vc_column_text]<div class=\" ubtn-ctn-center \"><a class=\"ubtn-link ult-adjust-bottom-margin ubtn-center ubtn-custom \" href=\"https:\/\/www.bornsustainable.eu\/sv\/roccaverano-dop\/\" ><button type=\"button\" id=\"ubtn-8424\"  class=\"ubtn ult-adjust-bottom-margin ult-responsive ubtn-custom ubtn-no-hover-bg  none  ubtn-center   tooltip-69f53569bc19c\"  data-hover=\"#ffffff\" data-border-color=\"#beaa9d\" data-bg=\"#beaa9d\" data-hover-bg=\"#9e8d83\" data-border-hover=\"#9e8d83\" data-shadow-hover=\"\" data-shadow-click=\"none\" data-shadow=\"\" data-shd-shadow=\"\"  data-ultimate-target='#ubtn-8424'  data-responsive-json-new='{\"font-size\":\"desktop:22px;tablet:22px;tablet_portrait:20px;mobile_landscape:18px;mobile:18px;\",\"line-height\":\"desktop:30px;tablet:30px;tablet_portrait:28px;mobile_landscape:24px;mobile:24px;\"}'  style=\"font-weight:normal;width:220px;min-height:50px;padding:px 50px;border-radius:50px;border-width:1px;border-color:#beaa9d;border-style:solid;background: #beaa9d;color: #ffffff;\"><span class=\"ubtn-hover\" style=\"background-color:#9e8d83\"><\/span><span class=\"ubtn-data ubtn-text \" >MER INFO<\/span><\/button><\/a><\/div>[\/vc_column][vc_column width=&#8221;1\/3&#8243;][vc_single_image image=&#8221;101&#8243; img_size=&#8221;full&#8221; onclick=&#8221;custom_link&#8221; css=&#8221;&#8221; el_class=&#8221;img-radius&#8221; link=&#8221;https:\/\/www.bornsustainable.eu\/prodotti\/consorzio-tutela-conegliano-valdobbiadene-prosecco-docg\/&#8221;][vc_column_text css=&#8221;.vc_custom_1727074930582{margin-bottom: 20px !important;}&#8221; el_class=&#8221;schedatext&#8221;]<\/p>\n<p style=\"text-align: center;\"><strong>Conegliano Valdobbiadene:<\/strong> H\u00e4r, p\u00e5 de b\u00f6ljande gr\u00f6na kullarna, framst\u00e4lls Prosecco Superiore DOCG. Om\u00f6jlig att kopiera \u2013 och framst\u00e4llningen sker med h\u00e5llbara metoder.[\/vc_column_text]<div class=\" ubtn-ctn-center \"><a class=\"ubtn-link ult-adjust-bottom-margin ubtn-center ubtn-custom \" href=\"https:\/\/www.bornsustainable.eu\/sv\/consorzio-tutela-conegliano-valdobbiadene-prosecco-docg\/\" ><button type=\"button\" id=\"ubtn-9459\"  class=\"ubtn ult-adjust-bottom-margin ult-responsive ubtn-custom ubtn-no-hover-bg  none  ubtn-center   tooltip-69f53569bc1f7\"  data-hover=\"#ffffff\" data-border-color=\"#95c11f\" data-bg=\"#95c11f\" data-hover-bg=\"#769314\" data-border-hover=\"#769314\" data-shadow-hover=\"\" data-shadow-click=\"none\" data-shadow=\"\" data-shd-shadow=\"\"  data-ultimate-target='#ubtn-9459'  data-responsive-json-new='{\"font-size\":\"desktop:22px;tablet:22px;tablet_portrait:20px;mobile_landscape:18px;mobile:18px;\",\"line-height\":\"desktop:30px;tablet:30px;tablet_portrait:28px;mobile_landscape:24px;mobile:24px;\"}'  style=\"font-weight:normal;width:220px;min-height:50px;padding:px 50px;border-radius:50px;border-width:1px;border-color:#95c11f;border-style:solid;background: #95c11f;color: #ffffff;\"><span class=\"ubtn-hover\" style=\"background-color:#769314\"><\/span><span class=\"ubtn-data ubtn-text \" >MER INFO<\/span><\/button><\/a><\/div>[\/vc_column][\/vc_row][vc_row][vc_column][vc_empty_space height=&#8221;70px&#8221;][\/vc_column][\/vc_row][vc_row][vc_column][vc_column_text]<\/p>\n<p>[\/vc_column_text][\/vc_column][\/vc_row]<\/p>\n<\/div>","protected":false},"excerpt":{"rendered":"<p>[vc_row][vc_column offset=&#8221;vc_hidden-sm vc_hidden-xs&#8221;][\/vc_column][\/vc_row][vc_row][vc_column css=&#8221;.vc_custom_1724926071659{padding-right: 0px !important;padding-left: 0px !important;}&#8221; offset=&#8221;vc_hidden-lg vc_hidden-md&#8221;][vc_single_image image=&#8221;165&#8243; img_size=&#8221;full&#8221; alignment=&#8221;center&#8221; css=&#8221;&#8221; el_class=&#8221;aperturamobile-int&#8221;][\/vc_column][\/vc_row][vc_row][vc_column css=&#8221;.vc_custom_1724926071659{padding-right: 0px !important;padding-left: 0px !important;}&#8221; offset=&#8221;vc_hidden-lg vc_hidden-md&#8221;][vc_column_text css=&#8221;&#8221;] Jordbruksprodukter med ett tydligt geografiskt ursprung som framst\u00e4lls med h\u00e5llbara metoder. Uppt\u00e4ck smakerna fr\u00e5n italienska produkter med skyddad ursprungsbeteckning, SUB, eller skyddad geografisk beteckning, SGB. [\/vc_column_text][\/vc_column][\/vc_row][vc_row][vc_column][vc_empty_space height=&#8221;40px&#8221; el_class=&#8221;hidemobile&#8221;][\/vc_column][\/vc_row][vc_row][vc_column][vc_column_text css=&#8221;.vc_custom_1727074778709{margin-bottom: 25px !important;}&#8221;] Den &#8230; <a title=\"Home\" class=\"read-more\" href=\"https:\/\/www.bornsustainable.eu\/sv\/\" aria-label=\"Read more about Home\">L\u00e4s mer<\/a><\/p>\n","protected":false},"author":1,"featured_media":0,"parent":0,"menu_order":0,"comment_status":"closed","ping_status":"open","template":"","meta":{"footnotes":""},"class_list":["post-746","page","type-page","status-publish"],"_links":{"self":[{"href":"https:\/\/www.bornsustainable.eu\/sv\/wp-json\/wp\/v2\/pages\/746"}],"collection":[{"href":"https:\/\/www.bornsustainable.eu\/sv\/wp-json\/wp\/v2\/pages"}],"about":[{"href":"https:\/\/www.bornsustainable.eu\/sv\/wp-json\/wp\/v2\/types\/page"}],"author":[{"embeddable":true,"href":"https:\/\/www.bornsustainable.eu\/sv\/wp-json\/wp\/v2\/users\/1"}],"replies":[{"embeddable":true,"href":"https:\/\/www.bornsustainable.eu\/sv\/wp-json\/wp\/v2\/comments?post=746"}],"version-history":[{"count":3,"href":"https:\/\/www.bornsustainable.eu\/sv\/wp-json\/wp\/v2\/pages\/746\/revisions"}],"predecessor-version":[{"id":1009,"href":"https:\/\/www.bornsustainable.eu\/sv\/wp-json\/wp\/v2\/pages\/746\/revisions\/1009"}],"wp:attachment":[{"href":"https:\/\/www.bornsustainable.eu\/sv\/wp-json\/wp\/v2\/media?parent=746"}],"curies":[{"name":"wp","href":"https:\/\/api.w.org\/{rel}","templated":true}]}}