{"id":970,"date":"2024-09-02T08:05:06","date_gmt":"2024-09-02T08:05:06","guid":{"rendered":"https:\/\/www.bornsustainable.eu\/consorzio-tutela-conegliano-valdobbiadene-prosecco-docg\/"},"modified":"2024-11-06T08:19:23","modified_gmt":"2024-11-06T08:19:23","slug":"consorzio-tutela-conegliano-valdobbiadene-prosecco-docg","status":"publish","type":"page","link":"https:\/\/www.bornsustainable.eu\/fr\/consorzio-tutela-conegliano-valdobbiadene-prosecco-docg\/","title":{"rendered":"Consorzio di Tutela del Conegliano Valdobbiadene Prosecco DOCG"},"content":{"rendered":"<div class=\"wpb-content-wrapper\"><p>[vc_row][vc_column css=&#8221;.vc_custom_1724926063522{padding-right: 0px !important;padding-left: 0px !important;}&#8221; offset=&#8221;vc_hidden-sm vc_hidden-xs&#8221;]\n\t\t\t\t<p class=\"rs-p-wp-fix\"><\/p>\n\t\t\t\t<sr7-module data-alias=\"prosecco\" data-id=\"5\" id=\"SR7_5_1\" class=\"rs-ov-hidden\" data-version=\"6.7.18\">\n\t\t\t\t\t<sr7-adjuster><\/sr7-adjuster>\n\t\t\t\t\t<sr7-content>\n\t\t\t\t\t\t<sr7-slide id=\"SR7_5_1-36\" data-key=\"36\">\n\t\t\t\t\t\t\t<sr7-bg id=\"SR7_5_1-36-2\" class=\"sr7-layer\"><noscript><img decoding=\"async\" src=\"https:\/\/www.bornsustainable.eu\/wp-content\/uploads\/2024\/09\/prosecco-head.jpg\" alt=\"\" title=\"prosecco-head\"><\/noscript><\/sr7-bg>\n\t\t\t\t\t\t\t<sr7-txt id=\"SR7_5_1-36-0\" class=\"sr7-layer\">Conegliano Valdobbiadene : collines h\u00e9ro\u00efques, berceau de l'inimitable Prosecco Superiore DOCG.<\/sr7-txt>\n\t\t\t\t\t\t\t<sr7-txt id=\"SR7_5_1-36-1\" class=\"sr7-layer\">Et durable.<\/sr7-txt>\n\t\t\t\t\t\t<\/sr7-slide>\n\t\t\t\t\t\t<sr7-slide id=\"SR7_5_1-10\" data-key=\"10\">\n\t\t\t\t\t\t<\/sr7-slide>\n\t\t\t\t\t<\/sr7-content>\n\t\t\t\t\t<image_lists style=\"display:none\">\n\t\t\t\t\t\t<img data-src=\"\/\/www.bornsustainable.eu\/wp-content\/uploads\/2024\/09\/prosecco-head.jpg\" data-libid=\"357\" data-lib=\"medialibrary\" title=\"prosecco-head\" width=\"0\" height=\"0\" data-dbsrc=\"Ly93d3cuYm9ybnN1c3RhaW5hYmxlLmV1L3dwLWNvbnRlbnQvdXBsb2Fkcy8yMDI0LzA5L3Byb3NlY2NvLWhlYWQuanBn\"\/>\n\t\t\t\t\t<\/image_lists>\n\t\t\t\t<\/sr7-module>\n\t\t\t\t<script>\n\t\t\t\t\tSR7.PMH ??={}; SR7.PMH[\"SR7_5_1\"] = {cn:0,state:false,fn: function() { if (_tpt!==undefined && _tpt.prepareModuleHeight !== undefined) {  _tpt.prepareModuleHeight({id:\"SR7_5_1\",el:[500,500,312,678,500],type:'standard',shdw:'0',gh:[500,500,312,237,146],gw:[1640,1640,1024,778,480],vpt:['100px'],size:{fullWidth:false, fullHeight:false},mh:'0',onh:0,onw:0,bg:{color:'{\"orig\":\"transparent\",\"type\":\"solid\",\"string\":\"transparent\"}'}});   SR7.PMH[\"SR7_5_1\"].state=true;} else if((SR7.PMH[\"SR7_5_1\"].cn++)<100)\tsetTimeout( SR7.PMH[\"SR7_5_1\"].fn,19);}};SR7.PMH[\"SR7_5_1\" ].fn();\n\t\t\t\t<\/script>\n[\/vc_column][\/vc_row][vc_row][vc_column css=&#8221;.vc_custom_1724926071659{padding-right: 0px !important;padding-left: 0px !important;}&#8221; offset=&#8221;vc_hidden-lg vc_hidden-md&#8221;][vc_single_image image=&#8221;354&#8243; img_size=&#8221;full&#8221; alignment=&#8221;center&#8221; css=&#8221;&#8221; el_class=&#8221;aperturamobile-int&#8221;][\/vc_column][\/vc_row][vc_row][vc_column css=&#8221;.vc_custom_1724926071659{padding-right: 0px !important;padding-left: 0px !important;}&#8221; offset=&#8221;vc_hidden-lg vc_hidden-md&#8221;][vc_column_text css=&#8221;&#8221;]<\/p>\n<h1 style=\"text-align: center;\">Conegliano Valdobbiadene : collines h\u00e9ro\u00efques, berceau de l&#8217;inimitable Prosecco Superiore DOCG.<br \/>\n<strong>Et durable.<\/strong><\/h1>\n<p>[\/vc_column_text][\/vc_column][\/vc_row][vc_row][vc_column][vc_empty_space][\/vc_column][\/vc_row][vc_row][vc_column][vc_row_inner el_class=&#8221;boxshadowr swapmobile&#8221; el_id=&#8221;boxshadowr&#8221;][vc_column_inner width=&#8221;1\/3&#8243; css=&#8221;.vc_custom_1724928836365{padding-right: 0px !important;padding-left: 0px !important;}&#8221;][vc_single_image image=&#8221;373&#8243; img_size=&#8221;full&#8221; css=&#8221;.vc_custom_1725290769047{margin-bottom: 0px !important;}&#8221; el_class=&#8221;immaginesoffietto&#8221;][\/vc_column_inner][vc_column_inner width=&#8221;2\/3&#8243;][vc_column_text css=&#8221;.vc_custom_1727336820298{padding-top: 50px !important;padding-right: 60px !important;padding-bottom: 50px !important;padding-left: 60px !important;}&#8221;]<\/p>\n<h2>L&#8217;histoire <img loading=\"lazy\" decoding=\"async\" class=\"alignright wp-image-376\" src=\"https:\/\/www.bornsustainable.eu\/wp-content\/uploads\/2024\/09\/prosecco-logo.jpg\" alt=\"\" width=\"150\" height=\"188\" \/><\/h2>\n<p>En 1962, un groupe de 11 producteurs, repr\u00e9sentant les principales maisons de vins mousseux et coop\u00e9ratives viticoles, a fond\u00e9 le Consortium pour la protection du Prosecco di Conegliano Valdobbiadene. L&#8217;objectif \u00e9tait de cr\u00e9er un cahier des charges de production afin de prot\u00e9ger la qualit\u00e9 et l&#8217;image du vin. En 1969, le minist\u00e8re de l&#8217;agriculture a reconnu Conegliano et Valdobbiadene comme zone DOC pour la production de Prosecco et de Superiore di Cartizze, marquant ainsi la premi\u00e8re r\u00e9glementation officielle pour la production de Prosecco. En 2009, avec la r\u00e9organisation des appellations du Prosecco, le Conegliano Valdobbiadene Prosecco a \u00e9t\u00e9 class\u00e9 comme Denominazione di Origine Controllata e Garantita (DOCG), le niveau de qualit\u00e9 le plus \u00e9lev\u00e9 d&#8217;Italie.<\/p>\n<p>Aujourd&#8217;hui, le Consortium est un organisme priv\u00e9 d&#8217;int\u00e9r\u00eat public qui comprend des viticulteurs, des vinificateurs et des embouteilleurs. Ses principales activit\u00e9s sont l&#8217;assistance aux producteurs, la protection des consommateurs, la promotion du Conegliano Valdobbiadene Prosecco Superiore DOCG en Italie et \u00e0 l&#8217;\u00e9tranger, et la protection de l&#8217;environnement. Le Consortium encourage le d\u00e9veloppement de la marque Conegliano Valdobbiadene Prosecco, en mettant l&#8217;accent sur la durabilit\u00e9 environnementale, la mise en valeur de l&#8217;histoire de la r\u00e9gion et la pr\u00e9servation de la qualit\u00e9 sup\u00e9rieure du vin.[\/vc_column_text][\/vc_column_inner][\/vc_row_inner][vc_raw_html css=&#8221;&#8221;]JTNDYnV0dG9uJTIwaWQlM0QlMjJleHBhbmQtYnV0dG9uJTIyJTNFJTJCJTNDJTJGYnV0dG9uJTNF[\/vc_raw_html][vc_raw_js]JTNDc2NyaXB0JTNFJTIwbGV0JTIwYnRuJTIwJTNEJTIwZG9jdW1lbnQuZ2V0RWxlbWVudEJ5SWQlMjglMjdleHBhbmQtYnV0dG9uJTI3JTI5JTNCJTBBbGV0JTIwYm94c2hhZG93ciUyMCUzRCUyMGRvY3VtZW50LmdldEVsZW1lbnRCeUlkJTI4JTI3Ym94c2hhZG93ciUyNyUyOSUzQiUwQSUwQWJ0bi5hZGRFdmVudExpc3RlbmVyJTI4JTI3Y2xpY2slMjclMkMlMjAlMjglMjklMjAlM0QlM0UlMjAlN0IlMEElMjAlMjBib3hzaGFkb3dyLmNsYXNzTGlzdC50b2dnbGUlMjglMjJleHBhbmRlZCUyMiUyOSUzQiUwQSUyMCUyMGNvbnN0JTIwZXhwYW5kZWQlMjAlM0QlMjBib3hzaGFkb3dyLmNsYXNzTGlzdC5jb250YWlucyUyOCUyMmV4cGFuZGVkJTIyJTI5JTNCJTBBJTIwJTIwaWYlMjAlMjhleHBhbmRlZCUyOSUyMCU3QiUwQSUyMCUyMCUyMCUyMGJ0bi5pbm5lckhUTUwlMjAlM0QlMjAlMjItJTIyJTNCJTBBJTIwJTIwJTIwJTIwYm94c2hhZG93ci5zdHlsZS5vdmVyZmxvdyUyMCUzRCUyMCUyN3Njcm9sbCUyNyUzQiUwQSUyMCUyMCUyMCUyMGJveHNoYWRvd3Iuc3R5bGUub3ZlcmZsb3dYJTIwJTNEJTIwJTI3aGlkZGVuJTI3JTNCJTBBJTIwJTIwJTdEJTIwZWxzZSUyMCU3QiUwQSUyMCUyMCUyMCUyMGJ0bi5pbm5lckhUTUwlMjAlM0QlMjAlMjIlMkIlMjIlM0IlMEElMjAlMjAlMjAlMjBib3hzaGFkb3dyLmNsYXNzTGlzdC5yZW1vdmUlMjglMjJleHBhbmRlZCUyMiUyOSUzQiUwQSUyMCUyMCU3RCUwQSU3RCUyOSUzQyUyRnNjcmlwdCUzRQ==[\/vc_raw_js][\/vc_column][\/vc_row][vc_row][vc_column][vc_row_inner el_class=&#8221;boxshadowr&#8221; el_id=&#8221;boxshadowl&#8221;][vc_column_inner width=&#8221;2\/3&#8243;][vc_column_text css=&#8221;.vc_custom_1727336857034{padding-top: 50px !important;padding-right: 60px !important;padding-bottom: 50px !important;padding-left: 60px !important;}&#8221;]<\/p>\n<h2>Territoire<\/h2>\n<p>La r\u00e9gion de Conegliano Valdobbiadene s&#8217;\u00e9tend sur un terrain vallonn\u00e9 situ\u00e9 \u00e0 l&#8217;ouest de l&#8217;Italie.<br \/>\n\u00c0 50 km de Venise et \u00e0 environ 100 km des Dolomites, sur un territoire d&#8217;environ 8700 hectares, comprenant 15 communes de la province de Tr\u00e9vise, en V\u00e9n\u00e9tie. La viticulture y est tr\u00e8s ancienne, mais la premi\u00e8re mention \u00e9crite associant le Prosecco \u00e0 ce territoire remonte \u00e0 1772. Depuis l&#8217;introduction de l&#8217;AOC en 1969, l&#8217;aire de production historique est rest\u00e9e limit\u00e9e \u00e0 15 communes. Deux d&#8217;entre elles lui donnent son nom : Conegliano et Valdobbiadene, l&#8217;une \u00e9tant la capitale culturelle et l&#8217;autre le c\u0153ur de la production.<br \/>\nUn microclimat unique : la situation entre la mer et les Pr\u00e9alpes assure un climat temp\u00e9r\u00e9 avec une moyenne annuelle de 12,3\u00b0 C et une ventilation constante, ce qui permet aux raisins de s\u00e9cher rapidement apr\u00e8s les pluies. Les collines s&#8217;\u00e9tendent ensuite d&#8217;est en ouest, de sorte qu&#8217;elles pr\u00e9sentent un versant sud, o\u00f9 le vignoble b\u00e9n\u00e9ficie de la meilleure exposition au soleil, et un versant nord, g\u00e9n\u00e9ralement occup\u00e9 par des for\u00eats. L&#8217;altitude varie de 100 \u00e0 500 m et assure une amplitude thermique en rendant les sols plus doux.<br \/>\nLes ar\u00f4mes se d\u00e9veloppent. Depuis plus de trois si\u00e8cles, la vigne Glera a trouv\u00e9 sur ces collines un environnement id\u00e9al.<br \/>\nEn 2008, le projet de reconnaissance des collines de Conegliano Valdobbiadene en tant que site du patrimoine de l&#8217;Unesco a \u00e9galement \u00e9t\u00e9 lanc\u00e9, repr\u00e9sentant un v\u00e9ritable paysage culturel o\u00f9 le travail des viticulteurs a contribu\u00e9 \u00e0 cr\u00e9er un sc\u00e9nario unique, aboutissant \u00e0 la reconnaissance du titre en 2019.[\/vc_column_text][\/vc_column_inner][vc_column_inner width=&#8221;1\/3&#8243; css=&#8221;.vc_custom_1724928829713{padding-right: 0px !important;padding-left: 0px !important;}&#8221;][vc_single_image image=&#8221;374&#8243; img_size=&#8221;full&#8221; css=&#8221;.vc_custom_1725290774241{margin-bottom: 0px !important;}&#8221; el_class=&#8221;immaginesoffietto-r&#8221;][\/vc_column_inner][\/vc_row_inner][vc_raw_html css=&#8221;&#8221;]JTNDYnV0dG9uJTIwaWQlM0QlMjJleHBhbmQtYnV0dG9uLWxlZnQlMjIlM0UlMkIlM0MlMkZidXR0b24lM0U=[\/vc_raw_html][vc_raw_js]JTNDc2NyaXB0JTNFJTIwbGV0JTIwYnRubGVmdCUyMCUzRCUyMGRvY3VtZW50LmdldEVsZW1lbnRCeUlkJTI4JTI3ZXhwYW5kLWJ1dHRvbi1sZWZ0JTI3JTI5JTNCJTBBbGV0JTIwYm94c2hhZG93bCUyMCUzRCUyMGRvY3VtZW50LmdldEVsZW1lbnRCeUlkJTI4JTI3Ym94c2hhZG93bCUyNyUyOSUzQiUwQSUwQWJ0bmxlZnQuYWRkRXZlbnRMaXN0ZW5lciUyOCUyN2NsaWNrJTI3JTJDJTIwJTI4JTI5JTIwJTNEJTNFJTIwJTdCJTBBJTIwJTIwYm94c2hhZG93bC5jbGFzc0xpc3QudG9nZ2xlJTI4JTIyZXhwYW5kZWQlMjIlMjklM0IlMEElMjAlMjBjb25zdCUyMGV4cGFuZGVkJTIwJTNEJTIwYm94c2hhZG93bC5jbGFzc0xpc3QuY29udGFpbnMlMjglMjJleHBhbmRlZCUyMiUyOSUzQiUwQSUyMCUyMGlmJTIwJTI4ZXhwYW5kZWQlMjklMjAlN0IlMEElMjAlMjAlMjAlMjBidG5sZWZ0LmlubmVySFRNTCUyMCUzRCUyMCUyMi0lMjIlM0IlMEElMjAlMjAlMjAlMjBib3hzaGFkb3dsLnN0eWxlLm92ZXJmbG93JTIwJTNEJTIwJTI3c2Nyb2xsJTI3JTNCJTBBJTIwJTIwJTIwJTIwYm94c2hhZG93bC5zdHlsZS5vdmVyZmxvd1glMjAlM0QlMjAlMjdoaWRkZW4lMjclM0IlMEElMjAlMjAlN0QlMjBlbHNlJTIwJTdCJTBBJTIwJTIwJTIwJTIwYnRubGVmdC5pbm5lckhUTUwlMjAlM0QlMjAlMjIlMkIlMjIlM0IlMEElMjAlMjAlMjAlMjBib3hzaGFkb3dsLmNsYXNzTGlzdC5yZW1vdmUlMjglMjJleHBhbmRlZCUyMiUyOSUzQiUwQSUyMCUyMCU3RCUwQSU3RCUyOSUzQyUyRnNjcmlwdCUzRQ==[\/vc_raw_js][\/vc_column][\/vc_row][vc_row][vc_column][vc_row_inner el_class=&#8221;boxshadowr swapmobile&#8221; el_id=&#8221;boxshadowr2&#8243;][vc_column_inner width=&#8221;1\/3&#8243; css=&#8221;.vc_custom_1724928836365{padding-right: 0px !important;padding-left: 0px !important;}&#8221;][vc_single_image image=&#8221;375&#8243; img_size=&#8221;full&#8221; css=&#8221;.vc_custom_1725290780186{margin-bottom: 0px !important;}&#8221; el_class=&#8221;immaginesoffietto&#8221;][\/vc_column_inner][vc_column_inner width=&#8221;2\/3&#8243;][vc_column_text css=&#8221;.vc_custom_1730881161316{padding-top: 50px !important;padding-right: 60px !important;padding-bottom: 50px !important;padding-left: 60px !important;}&#8221;]<\/p>\n<h2>Caract\u00e9ristiques<\/h2>\n<p>Le Conegliano Valdobbiadene Prosecco Superiore DOCG est un vin mousseux italien aux ar\u00f4mes fruit\u00e9s et floraux, qui se distingue par les types suivants:<\/p>\n<p>\u2022 Conegliano Valdobbiadene Prosecco Superiore <strong>DOCG<\/strong>: Le Conegliano Valdobbiadene Prosecco Superiore est un vin mousseux DOCG produit exclusivement dans les collines de Conegliano Valdobbiadene, \u00e0 partir du c\u00e9page Glera, cultiv\u00e9 dans les 15 communes de l&#8217;appellation.<\/p>\n<p>\u2022 Conegliano Valdobbiadene Prosecco Superiore <strong>DOCG Rive<\/strong>: Le terme &#8220;Rive&#8221; d\u00e9signe, dans le langage local, les coteaux escarp\u00e9s qui caract\u00e9risent la r\u00e9gion. Ce type de vin met en valeur les diff\u00e9rentes expressions du Conegliano Valdobbiadene et est obtenu \u00e0 partir des vignobles les plus escarp\u00e9s et les plus vocalis\u00e9s, avec des raisins provenant d&#8217;une seule commune ou d&#8217;une fraction de celle-ci, afin de mettre en valeur les caract\u00e9ristiques que le territoire conf\u00e8re au vin. La d\u00e9nomination compte 43 coteaux, chacun exprimant une particularit\u00e9 de sol, d&#8217;exposition et de microclimat.<\/p>\n<p>\u2022 Valdobbiadene <strong>Superiore di Cartizze DOCG<\/strong>: sommet qualitatif de l&#8217;appellation, le Valdobbiadene Superiore di Cartizze provient d&#8217;une sous-zone r\u00e9glement\u00e9e depuis 1969 de seulement 107 hectares de vignobles, situ\u00e9e entre les collines les plus escarp\u00e9es de San Pietro di Barbozza, Santo Stefano et Saccol, dans la commune de Valdobbiadene. Une combinaison parfaite de microclimat et de sols anciens. L&#8217;approche olfactive se caract\u00e9rise par une complexit\u00e9 d&#8217;ar\u00f4mes rappelant la pomme et la poire, les agrumes, l&#8217;intensit\u00e9 de la p\u00eache et de l&#8217;abricot, des touches de rose, avec des notes d&#8217;amande en arri\u00e8re-go\u00fbt. La saveur est harmonieuse et \u00e9l\u00e9gante, avec beaucoup de douceur et de fra\u00eecheur, soutenue par un perlage l\u00e9ger et fin.<\/p>\n<p>\u2022 Conegliano Valdobbiadene Prosecco Superiore <strong>DOCG sur lie<\/strong>: c&#8217;est le nom du Prosecco traditionnel de Conegliano Valdobbiadene ferment\u00e9 en bouteille, \u00e9galement appel\u00e9 &#8220;col fondo&#8221; ou &#8220;sur lie&#8221; dans le dialecte local, la premi\u00e8re version avec des bulles na\u00eet sur ces collines. Les levures qui lui donnent son nom sont celles qui sont tomb\u00e9es au fond de la bouteille, o\u00f9 a lieu la refermentation, selon l&#8217;ancienne m\u00e9thode d&#8217;\u00e9laboration des vins mousseux, tr\u00e8s recherch\u00e9e par les consommateurs d&#8217;aujourd&#8217;hui.[\/vc_column_text][\/vc_column_inner][\/vc_row_inner][vc_raw_html css=&#8221;&#8221;]JTNDYnV0dG9uJTIwaWQlM0QlMjJleHBhbmQtYnV0dG9uMiUyMiUzRSUyQiUzQyUyRmJ1dHRvbiUzRQ==[\/vc_raw_html][vc_raw_js]JTNDc2NyaXB0JTNFJTIwbGV0JTIwYnRuMiUyMCUzRCUyMGRvY3VtZW50LmdldEVsZW1lbnRCeUlkJTI4JTI3ZXhwYW5kLWJ1dHRvbjIlMjclMjklM0IlMEFsZXQlMjBib3hzaGFkb3dyMiUyMCUzRCUyMGRvY3VtZW50LmdldEVsZW1lbnRCeUlkJTI4JTI3Ym94c2hhZG93cjIlMjclMjklM0IlMEElMEFidG4yLmFkZEV2ZW50TGlzdGVuZXIlMjglMjdjbGljayUyNyUyQyUyMCUyOCUyOSUyMCUzRCUzRSUyMCU3QiUwQSUyMCUyMGJveHNoYWRvd3IyLmNsYXNzTGlzdC50b2dnbGUlMjglMjJleHBhbmRlZCUyMiUyOSUzQiUwQSUyMCUyMGNvbnN0JTIwZXhwYW5kZWQlMjAlM0QlMjBib3hzaGFkb3dyMi5jbGFzc0xpc3QuY29udGFpbnMlMjglMjJleHBhbmRlZCUyMiUyOSUzQiUwQSUyMCUyMGlmJTIwJTI4ZXhwYW5kZWQlMjklMjAlN0IlMEElMjAlMjAlMjAlMjBidG4yLmlubmVySFRNTCUyMCUzRCUyMCUyMi0lMjIlM0IlMEElMjAlMjAlMjAlMjBib3hzaGFkb3dyMi5zdHlsZS5vdmVyZmxvdyUyMCUzRCUyMCUyN3Njcm9sbCUyNyUzQiUwQSUyMCUyMCUyMCUyMGJveHNoYWRvd3IyLnN0eWxlLm92ZXJmbG93WCUyMCUzRCUyMCUyN2hpZGRlbiUyNyUzQiUwQSUyMCUyMCU3RCUyMGVsc2UlMjAlN0IlMEElMjAlMjAlMjAlMjBidG4yLmlubmVySFRNTCUyMCUzRCUyMCUyMiUyQiUyMiUzQiUwQSUyMCUyMCUyMCUyMGJveHNoYWRvd3IyLmNsYXNzTGlzdC5yZW1vdmUlMjglMjJleHBhbmRlZCUyMiUyOSUzQiUwQSUyMCUyMCU3RCUwQSU3RCUyOSUzQyUyRnNjcmlwdCUzRQ==[\/vc_raw_js][\/vc_column][\/vc_row][vc_row][vc_column][vc_empty_space][\/vc_column][\/vc_row][vc_row][vc_column][vc_column_text css=&#8221;&#8221;]<\/p>\n<p style=\"text-align: center;\"><span style=\"color: #95c120;\">Pour plus d\u2019informations, consultez les cha\u00eenes officielles du consortium.<\/span><\/p>\n<p>[\/vc_column_text][vc_row_inner el_class=&#8221;socialicons&#8221;][vc_column_inner]<div class=\"ult-just-icon-wrapper   vc_custom_1726479646625\"><div class=\"align-icon\" style=\"text-align:center;\">\n<a class=\"aio-tooltip 6a006840bd0a6\" href=\"https:\/\/www.facebook.com\/ConeglianoValdobbiadeneProseccoDOCG\/\" target=\"_blank\" rel=\"noopener\"  data-toggle=\"tooltip\" data-placement=\"\"><div class=\"aio-icon-img \" style=\"font-size:55px;display:inline-block;\" >\n\t<img decoding=\"async\" class=\"img-icon\" alt=\"null\" src=\"https:\/\/www.bornsustainable.eu\/wp-content\/uploads\/2024\/09\/FB3-ico.svg\"\/>\n<\/div><\/a><\/div><\/div><div class=\"ult-just-icon-wrapper   vc_custom_1726479731400\"><div class=\"align-icon\" style=\"text-align:center;\">\n<a class=\"aio-tooltip 6a006840bd3ac\" href=\"https:\/\/instagram.com\/proseccocv\/\" target=\"_blank\" rel=\"noopener\"  data-toggle=\"tooltip\" data-placement=\"\"><div class=\"aio-icon-img \" style=\"font-size:55px;display:inline-block;\" >\n\t<img decoding=\"async\" class=\"img-icon\" alt=\"null\" src=\"https:\/\/www.bornsustainable.eu\/wp-content\/uploads\/2024\/09\/IG3-ico.svg\"\/>\n<\/div><\/a><\/div><\/div>[vc_icon icon_fontawesome=&#8221;fab fa-twitter&#8221; color=&#8221;custom&#8221; size=&#8221;lg&#8221; css=&#8221;.vc_custom_1726480134744{padding-right: 15px !important;}&#8221; custom_color=&#8221;#95c120&#8243; link=&#8221;url:https%3A%2F%2Ftwitter.com%2FProseccoCV|target:_blank&#8221;][vc_icon icon_fontawesome=&#8221;fab fa-pinterest&#8221; color=&#8221;custom&#8221; size=&#8221;lg&#8221; css=&#8221;.vc_custom_1726480149008{padding-right: 15px !important;}&#8221; custom_color=&#8221;#95c120&#8243; link=&#8221;url:https%3A%2F%2Fwww.pinterest.com%2Fproseccoacademy%2F|target:_blank&#8221;][vc_icon icon_fontawesome=&#8221;fab fa-youtube&#8221; color=&#8221;custom&#8221; size=&#8221;lg&#8221; css=&#8221;.vc_custom_1726480199922{padding-right: 15px !important;}&#8221; custom_color=&#8221;#95c120&#8243; link=&#8221;url:https%3A%2F%2Fwww.youtube.com%2Fuser%2FProseccoSuperiore|target:_blank&#8221;][vc_icon icon_fontawesome=&#8221;fab fa-flickr&#8221; color=&#8221;custom&#8221; size=&#8221;lg&#8221; css=&#8221;&#8221; custom_color=&#8221;#95c120&#8243; link=&#8221;url:https%3A%2F%2Fwww.flickr.com%2Fphotos%2Fconeglianovaldobbiadeneproseccosuperiore|target:_blank&#8221;][\/vc_column_inner][\/vc_row_inner][\/vc_column][\/vc_row]<\/p>\n<\/div>","protected":false},"excerpt":{"rendered":"<p>[vc_row][vc_column css=&#8221;.vc_custom_1724926063522{padding-right: 0px !important;padding-left: 0px !important;}&#8221; offset=&#8221;vc_hidden-sm vc_hidden-xs&#8221;][\/vc_column][\/vc_row][vc_row][vc_column css=&#8221;.vc_custom_1724926071659{padding-right: 0px !important;padding-left: 0px !important;}&#8221; offset=&#8221;vc_hidden-lg vc_hidden-md&#8221;][vc_single_image image=&#8221;354&#8243; img_size=&#8221;full&#8221; alignment=&#8221;center&#8221; css=&#8221;&#8221; el_class=&#8221;aperturamobile-int&#8221;][\/vc_column][\/vc_row][vc_row][vc_column css=&#8221;.vc_custom_1724926071659{padding-right: 0px !important;padding-left: 0px !important;}&#8221; offset=&#8221;vc_hidden-lg vc_hidden-md&#8221;][vc_column_text css=&#8221;&#8221;] Conegliano Valdobbiadene : collines h\u00e9ro\u00efques, berceau de l&#8217;inimitable Prosecco Superiore DOCG. Et durable. [\/vc_column_text][\/vc_column][\/vc_row][vc_row][vc_column][vc_empty_space][\/vc_column][\/vc_row][vc_row][vc_column][vc_row_inner el_class=&#8221;boxshadowr swapmobile&#8221; el_id=&#8221;boxshadowr&#8221;][vc_column_inner width=&#8221;1\/3&#8243; css=&#8221;.vc_custom_1724928836365{padding-right: 0px !important;padding-left: 0px !important;}&#8221;][vc_single_image image=&#8221;373&#8243; img_size=&#8221;full&#8221; css=&#8221;.vc_custom_1725290769047{margin-bottom: 0px &#8230; <a title=\"Consorzio di Tutela del Conegliano Valdobbiadene Prosecco DOCG\" class=\"read-more\" href=\"https:\/\/www.bornsustainable.eu\/fr\/consorzio-tutela-conegliano-valdobbiadene-prosecco-docg\/\" aria-label=\"Read more about Consorzio di Tutela del Conegliano Valdobbiadene Prosecco DOCG\">Lire plus<\/a><\/p>\n","protected":false},"author":1,"featured_media":0,"parent":0,"menu_order":0,"comment_status":"closed","ping_status":"closed","template":"","meta":{"footnotes":""},"class_list":["post-970","page","type-page","status-publish"],"_links":{"self":[{"href":"https:\/\/www.bornsustainable.eu\/fr\/wp-json\/wp\/v2\/pages\/970"}],"collection":[{"href":"https:\/\/www.bornsustainable.eu\/fr\/wp-json\/wp\/v2\/pages"}],"about":[{"href":"https:\/\/www.bornsustainable.eu\/fr\/wp-json\/wp\/v2\/types\/page"}],"author":[{"embeddable":true,"href":"https:\/\/www.bornsustainable.eu\/fr\/wp-json\/wp\/v2\/users\/1"}],"replies":[{"embeddable":true,"href":"https:\/\/www.bornsustainable.eu\/fr\/wp-json\/wp\/v2\/comments?post=970"}],"version-history":[{"count":3,"href":"https:\/\/www.bornsustainable.eu\/fr\/wp-json\/wp\/v2\/pages\/970\/revisions"}],"predecessor-version":[{"id":1019,"href":"https:\/\/www.bornsustainable.eu\/fr\/wp-json\/wp\/v2\/pages\/970\/revisions\/1019"}],"wp:attachment":[{"href":"https:\/\/www.bornsustainable.eu\/fr\/wp-json\/wp\/v2\/media?parent=970"}],"curies":[{"name":"wp","href":"https:\/\/api.w.org\/{rel}","templated":true}]}}