{"id":932,"date":"2024-08-30T07:20:05","date_gmt":"2024-08-30T07:20:05","guid":{"rendered":"https:\/\/www.bornsustainable.eu\/marchi\/"},"modified":"2024-09-26T07:26:45","modified_gmt":"2024-09-26T07:26:45","slug":"les-labels-de-qualite-europeens","status":"publish","type":"page","link":"https:\/\/www.bornsustainable.eu\/fr\/les-labels-de-qualite-europeens\/","title":{"rendered":"Les labels de qualit\u00e9 europ\u00e9ens"},"content":{"rendered":"<div class=\"wpb-content-wrapper\"><p>[vc_row][vc_column offset=&#8221;vc_hidden-sm vc_hidden-xs&#8221; css=&#8221;.vc_custom_1725003653321{padding-right: 0px !important;padding-left: 0px !important;}&#8221;]\n\t\t\t\t<p class=\"rs-p-wp-fix\"><\/p>\n\t\t\t\t<sr7-module data-alias=\"marchi\" data-id=\"2\" id=\"SR7_2_1\" class=\"rs-ov-hidden\" data-version=\"6.7.18\">\n\t\t\t\t\t<sr7-adjuster><\/sr7-adjuster>\n\t\t\t\t\t<sr7-content>\n\t\t\t\t\t\t<sr7-slide id=\"SR7_2_1-33\" data-key=\"33\">\n\t\t\t\t\t\t\t<sr7-bg id=\"SR7_2_1-33-4\" class=\"sr7-layer\"><noscript><img decoding=\"async\" src=\"https:\/\/www.bornsustainable.eu\/wp-content\/uploads\/2024\/08\/marchi-head.jpg\" alt=\"\" title=\"marchi-head\"><\/noscript><\/sr7-bg>\n\t\t\t\t\t\t\t<sr7-txt id=\"SR7_2_1-33-0\" class=\"sr7-layer\">AOP et IGP :<\/sr7-txt>\n\t\t\t\t\t\t\t<sr7-txt id=\"SR7_2_1-33-1\" class=\"sr7-layer\">les marques de l'excellence europ\u00e9enne\n<\/sr7-txt>\n\t\t\t\t\t\t\t<sr7-txt id=\"SR7_2_1-33-2\" class=\"sr7-layer\">DOP e IGP :<\/sr7-txt>\n\t\t\t\t\t\t\t<sr7-txt id=\"SR7_2_1-33-3\" class=\"sr7-layer\">I marchi delle eccellenze europee<\/sr7-txt>\n\t\t\t\t\t\t<\/sr7-slide>\n\t\t\t\t\t\t<sr7-slide id=\"SR7_2_1-4\" data-key=\"4\">\n\t\t\t\t\t\t<\/sr7-slide>\n\t\t\t\t\t<\/sr7-content>\n\t\t\t\t\t<image_lists style=\"display:none\">\n\t\t\t\t\t\t<img data-src=\"\/\/www.bornsustainable.eu\/wp-content\/uploads\/2024\/08\/marchi-head.jpg\" data-libid=\"157\" data-lib=\"medialibrary\" title=\"marchi-head\" width=\"0\" height=\"0\" data-dbsrc=\"Ly93d3cuYm9ybnN1c3RhaW5hYmxlLmV1L3dwLWNvbnRlbnQvdXBsb2Fkcy8yMDI0LzA4L21hcmNoaS1oZWFkLmpwZw==\"\/>\n\t\t\t\t\t<\/image_lists>\n\t\t\t\t<\/sr7-module>\n\t\t\t\t<script>\n\t\t\t\t\tSR7.PMH ??={}; SR7.PMH[\"SR7_2_1\"] = {cn:0,state:false,fn: function() { if (_tpt!==undefined && _tpt.prepareModuleHeight !== undefined) {  _tpt.prepareModuleHeight({id:\"SR7_2_1\",el:[500,500,312,678,500],type:'standard',shdw:'0',gh:[500,500,312,237,146],gw:[1640,1640,1024,778,480],vpt:['100px'],size:{fullWidth:false, fullHeight:false},mh:'0',onh:0,onw:0,bg:{color:'{\"orig\":\"transparent\",\"type\":\"solid\",\"string\":\"transparent\"}'}});   SR7.PMH[\"SR7_2_1\"].state=true;} else if((SR7.PMH[\"SR7_2_1\"].cn++)<100)\tsetTimeout( SR7.PMH[\"SR7_2_1\"].fn,19);}};SR7.PMH[\"SR7_2_1\" ].fn();\n\t\t\t\t<\/script>\n[\/vc_column][\/vc_row][vc_row][vc_column css=&#8221;.vc_custom_1724926071659{padding-right: 0px !important;padding-left: 0px !important;}&#8221; offset=&#8221;vc_hidden-lg vc_hidden-md&#8221;][vc_single_image image=&#8221;161&#8243; img_size=&#8221;full&#8221; alignment=&#8221;center&#8221; css=&#8221;&#8221; el_class=&#8221;aperturamobile-int&#8221;][\/vc_column][\/vc_row][vc_row][vc_column css=&#8221;.vc_custom_1724926071659{padding-right: 0px !important;padding-left: 0px !important;}&#8221; offset=&#8221;vc_hidden-lg vc_hidden-md&#8221;][vc_column_text css=&#8221;&#8221;]<\/p>\n<h1 style=\"text-align: center;\"><strong>AOP et IGP :<\/strong><br \/>\nles marques de l&#8217;excellence europ\u00e9enne<\/h1>\n<p>[\/vc_column_text][\/vc_column][\/vc_row][vc_row][vc_column][vc_empty_space][\/vc_column][\/vc_row][vc_row gap=&#8221;35&#8243; equal_height=&#8221;yes&#8221; content_placement=&#8221;bottom&#8221;][vc_column width=&#8221;1\/2&#8243; css=&#8221;.vc_custom_1725003658344{padding-right: 0px !important;padding-left: 0px !important;}&#8221;][vc_single_image image=&#8221;212&#8243; img_size=&#8221;full&#8221; css=&#8221;&#8221; el_class=&#8221;img-radius&#8221;][\/vc_column][vc_column width=&#8221;1\/2&#8243;][vc_empty_space height=&#8221;60px&#8221; el_class=&#8221;hidemobile&#8221;][vc_column_text css=&#8221;&#8221;]Les marques AOP et IGP repr\u00e9sentent l&#8217;excellence des produits agroalimentaires europ\u00e9ens, li\u00e9e \u00e0 leur origine g\u00e9ographique et aux traditions locales.<br \/>\nSoutenus par une r\u00e9glementation europ\u00e9enne stricte, <strong>ces symboles garantissent l&#8217;authenticit\u00e9 et la qualit\u00e9 des produits tout en prot\u00e9geant les consommateurs.<\/strong>[\/vc_column_text][\/vc_column][\/vc_row][vc_row][vc_column][vc_empty_space height=&#8221;80px&#8221;][\/vc_column][\/vc_row][vc_row gap=&#8221;30&#8243; equal_height=&#8221;yes&#8221; content_placement=&#8221;middle&#8221; el_class=&#8221;row-shadow&#8221;][vc_column width=&#8221;1\/2&#8243;][vc_row_inner content_placement=&#8221;top&#8221; gap=&#8221;30&#8243;][vc_column_inner el_class=&#8221;colmarchi&#8221; width=&#8221;1\/3&#8243;][vc_single_image image=&#8221;219&#8243; img_size=&#8221;full&#8221; alignment=&#8221;center&#8221; css=&#8221;.vc_custom_1725003810892{padding-right: 5% !important;padding-left: 5% !important;}&#8221; el_class=&#8221;marchi&#8221;][\/vc_column_inner][vc_column_inner width=&#8221;2\/3&#8243;][vc_column_text css=&#8221;&#8221;]<strong>PDO MARK<\/strong><br \/>\nLa marque AOP garantit que l&#8217;ensemble du processus de production se d\u00e9roule dans une zone sp\u00e9cifique, qui conserve des caract\u00e9ristiques uniques li\u00e9es \u00e0 l&#8217;environnement.[\/vc_column_text][\/vc_column_inner][\/vc_row_inner][\/vc_column][vc_column width=&#8221;1\/2&#8243;][vc_row_inner content_placement=&#8221;top&#8221; gap=&#8221;30&#8243;][vc_column_inner el_class=&#8221;colmarchi&#8221; width=&#8221;1\/3&#8243;][vc_single_image image=&#8221;218&#8243; img_size=&#8221;full&#8221; alignment=&#8221;center&#8221; css=&#8221;.vc_custom_1725003732837{padding-right: 5% !important;padding-left: 5% !important;}&#8221; el_class=&#8221;marchi&#8221;][\/vc_column_inner][vc_column_inner width=&#8221;2\/3&#8243;][vc_column_text css=&#8221;&#8221;]<strong>IGP MARK<\/strong><br \/>\nLa marque IGP identifie les produits provenant d&#8217;une zone pr\u00e9cise, dans laquelle au moins une \u00e9tape de production doit avoir lieu, ce qui permet de relier le produit \u00e0 son origine.[\/vc_column_text][\/vc_column_inner][\/vc_row_inner][\/vc_column][\/vc_row][vc_row][vc_column][vc_empty_space height=&#8221;80px&#8221;][\/vc_column][\/vc_row][vc_row][vc_column][vc_column_text css=&#8221;&#8221;]<\/p>\n<p style=\"text-align: center;\">La possibilit\u00e9 de porter ces marques est r\u00e9serv\u00e9e uniquement aux produits qui, gr\u00e2ce \u00e0 un processus certifi\u00e9 et contr\u00f4l\u00e9 par des organismes ind\u00e9pendants, d\u00e9montrent un lien indissoluble avec leur territoire d&#8217;origine, tout en maintenant des normes de qualit\u00e9 \u00e9lev\u00e9es. <strong>Ce syst\u00e8me de qualification permet non seulement de prot\u00e9ger les producteurs contre les pratiques d\u00e9loyales, mais aussi de valoriser le patrimoine gastronomique europ\u00e9en, en promouvant sa diversit\u00e9 et son caract\u00e8re unique dans le monde entier.<\/strong><\/p>\n<p>[\/vc_column_text][\/vc_column][\/vc_row]<\/p>\n<\/div>","protected":false},"excerpt":{"rendered":"<p>[vc_row][vc_column offset=&#8221;vc_hidden-sm vc_hidden-xs&#8221; css=&#8221;.vc_custom_1725003653321{padding-right: 0px !important;padding-left: 0px !important;}&#8221;][\/vc_column][\/vc_row][vc_row][vc_column css=&#8221;.vc_custom_1724926071659{padding-right: 0px !important;padding-left: 0px !important;}&#8221; offset=&#8221;vc_hidden-lg vc_hidden-md&#8221;][vc_single_image image=&#8221;161&#8243; img_size=&#8221;full&#8221; alignment=&#8221;center&#8221; css=&#8221;&#8221; el_class=&#8221;aperturamobile-int&#8221;][\/vc_column][\/vc_row][vc_row][vc_column css=&#8221;.vc_custom_1724926071659{padding-right: 0px !important;padding-left: 0px !important;}&#8221; offset=&#8221;vc_hidden-lg vc_hidden-md&#8221;][vc_column_text css=&#8221;&#8221;] AOP et IGP : les marques de l&#8217;excellence europ\u00e9enne [\/vc_column_text][\/vc_column][\/vc_row][vc_row][vc_column][vc_empty_space][\/vc_column][\/vc_row][vc_row gap=&#8221;35&#8243; equal_height=&#8221;yes&#8221; content_placement=&#8221;bottom&#8221;][vc_column width=&#8221;1\/2&#8243; css=&#8221;.vc_custom_1725003658344{padding-right: 0px !important;padding-left: 0px !important;}&#8221;][vc_single_image image=&#8221;212&#8243; img_size=&#8221;full&#8221; css=&#8221;&#8221; el_class=&#8221;img-radius&#8221;][\/vc_column][vc_column width=&#8221;1\/2&#8243;][vc_empty_space height=&#8221;60px&#8221; el_class=&#8221;hidemobile&#8221;][vc_column_text css=&#8221;&#8221;]Les &#8230; <a title=\"Les labels de qualit\u00e9 europ\u00e9ens\" class=\"read-more\" href=\"https:\/\/www.bornsustainable.eu\/fr\/les-labels-de-qualite-europeens\/\" aria-label=\"Read more about Les labels de qualit\u00e9 europ\u00e9ens\">Lire plus<\/a><\/p>\n","protected":false},"author":1,"featured_media":0,"parent":0,"menu_order":0,"comment_status":"closed","ping_status":"closed","template":"","meta":{"footnotes":""},"class_list":["post-932","page","type-page","status-publish"],"_links":{"self":[{"href":"https:\/\/www.bornsustainable.eu\/fr\/wp-json\/wp\/v2\/pages\/932"}],"collection":[{"href":"https:\/\/www.bornsustainable.eu\/fr\/wp-json\/wp\/v2\/pages"}],"about":[{"href":"https:\/\/www.bornsustainable.eu\/fr\/wp-json\/wp\/v2\/types\/page"}],"author":[{"embeddable":true,"href":"https:\/\/www.bornsustainable.eu\/fr\/wp-json\/wp\/v2\/users\/1"}],"replies":[{"embeddable":true,"href":"https:\/\/www.bornsustainable.eu\/fr\/wp-json\/wp\/v2\/comments?post=932"}],"version-history":[{"count":3,"href":"https:\/\/www.bornsustainable.eu\/fr\/wp-json\/wp\/v2\/pages\/932\/revisions"}],"predecessor-version":[{"id":938,"href":"https:\/\/www.bornsustainable.eu\/fr\/wp-json\/wp\/v2\/pages\/932\/revisions\/938"}],"wp:attachment":[{"href":"https:\/\/www.bornsustainable.eu\/fr\/wp-json\/wp\/v2\/media?parent=932"}],"curies":[{"name":"wp","href":"https:\/\/api.w.org\/{rel}","templated":true}]}}