{"id":1224,"date":"2025-10-15T09:35:56","date_gmt":"2025-10-15T09:35:56","guid":{"rendered":"https:\/\/www.bornsustainable.eu\/?page_id=1224"},"modified":"2026-02-06T14:21:37","modified_gmt":"2026-02-06T14:21:37","slug":"wine-paris-2026","status":"publish","type":"page","link":"https:\/\/www.bornsustainable.eu\/fr\/les-evenements\/wine-paris-2026\/","title":{"rendered":"Wine Paris 2026"},"content":{"rendered":"<div class=\"wpb-content-wrapper\"><p>[vc_row css=&#8221;.vc_custom_1726482760154{padding-right: 0px !important;padding-left: 0px !important;}&#8221;][vc_column offset=&#8221;vc_hidden-sm vc_hidden-xs&#8221; css=&#8221;.vc_custom_1726482764721{padding-right: 0px !important;padding-left: 0px !important;}&#8221;]\n\t\t\t\t<p class=\"rs-p-wp-fix\"><\/p>\n\t\t\t\t<sr7-module data-alias=\"wine-festival\" data-id=\"7\" id=\"SR7_7_1\" class=\"rs-ov-hidden\" data-version=\"6.7.18\">\n\t\t\t\t\t<sr7-adjuster><\/sr7-adjuster>\n\t\t\t\t\t<sr7-content>\n\t\t\t\t\t\t<sr7-slide id=\"SR7_7_1-42\" data-key=\"42\">\n\t\t\t\t\t\t\t<sr7-bg id=\"SR7_7_1-42-1\" class=\"sr7-layer\"><noscript><img decoding=\"async\" src=\"https:\/\/www.bornsustainable.eu\/wp-content\/uploads\/2026\/02\/news-paris-testata.jpg\" alt=\"\" title=\"news-paris-testata\"><\/noscript><\/sr7-bg>\n\t\t\t\t\t\t<\/sr7-slide>\n\t\t\t\t\t\t<sr7-slide id=\"SR7_7_1-43\" data-key=\"43\">\n\t\t\t\t\t\t<\/sr7-slide>\n\t\t\t\t\t<\/sr7-content>\n\t\t\t\t\t<image_lists style=\"display:none\">\n\t\t\t\t\t\t<img data-src=\"\/\/www.bornsustainable.eu\/wp-content\/uploads\/2025\/10\/1-BWF25-SLIDER-DESK.png\" data-libid=\"1241\" data-lib=\"medialibrary\" title=\"BWF25-SLIDER-DESK\" width=\"0\" height=\"0\" data-dbsrc=\"Ly93d3cuYm9ybnN1c3RhaW5hYmxlLmV1L3dwLWNvbnRlbnQvdXBsb2Fkcy8yMDI1LzEwLzEtQldGMjUtU0xJREVSLURFU0sucG5n\"\/>\n\t\t\t\t\t\t<img data-src=\"\/\/www.bornsustainable.eu\/wp-content\/uploads\/2026\/02\/news-paris-testata.jpg\" data-libid=\"1403\" data-lib=\"medialibrary\" title=\"news-paris-testata\" width=\"0\" height=\"0\" data-dbsrc=\"Ly93d3cuYm9ybnN1c3RhaW5hYmxlLmV1L3dwLWNvbnRlbnQvdXBsb2Fkcy8yMDI2LzAyL25ld3MtcGFyaXMtdGVzdGF0YS5qcGc=\"\/>\n\t\t\t\t\t<\/image_lists>\n\t\t\t\t<\/sr7-module>\n\t\t\t\t<script>\n\t\t\t\t\tSR7.PMH ??={}; SR7.PMH[\"SR7_7_1\"] = {cn:0,state:false,fn: function() { if (_tpt!==undefined && _tpt.prepareModuleHeight !== undefined) {  _tpt.prepareModuleHeight({id:\"SR7_7_1\",el:[500,500,312,678,500],type:'standard',shdw:'0',gh:[500,500,312,237,146],gw:[1640,1640,1024,778,480],vpt:['100px'],size:{fullWidth:false, fullHeight:false},mh:'0',onh:0,onw:0,bg:{color:'{\"orig\":\"transparent\",\"type\":\"solid\",\"string\":\"transparent\"}'}});   SR7.PMH[\"SR7_7_1\"].state=true;} else if((SR7.PMH[\"SR7_7_1\"].cn++)<100)\tsetTimeout( SR7.PMH[\"SR7_7_1\"].fn,19);}};SR7.PMH[\"SR7_7_1\" ].fn();\n\t\t\t\t<\/script>\n[\/vc_column][\/vc_row][vc_row][vc_column css=&#8221;.vc_custom_1724926071659{padding-right: 0px !important;padding-left: 0px !important;}&#8221; offset=&#8221;vc_hidden-lg vc_hidden-md&#8221;][vc_single_image image=&#8221;1408&#8243; img_size=&#8221;full&#8221; alignment=&#8221;center&#8221; css=&#8221;&#8221; el_class=&#8221;aperturamobile-int&#8221;][\/vc_column][\/vc_row][vc_row][vc_column][vc_empty_space height=&#8221;50px&#8221;][\/vc_column][\/vc_row][vc_row][vc_column width=&#8221;1\/6&#8243; css=&#8221;.vc_custom_1760520306661{padding-right: 0px !important;padding-left: 0px !important;}&#8221;][\/vc_column][vc_column width=&#8221;2\/3&#8243;][vc_column_text css=&#8221;.vc_custom_1770371165944{padding-bottom: 40px !important;}&#8221;]<\/p>\n<h2 style=\"text-align: center;\">Wine Paris 2026:<br \/>\nl\u2019excellence du Conegliano Valdobbiadene Prosecco Superiore DOCG<\/h2>\n<p>[\/vc_column_text][\/vc_column][vc_column width=&#8221;1\/6&#8243;][\/vc_column][\/vc_row][vc_row gap=&#8221;35&#8243; equal_height=&#8221;yes&#8221; content_placement=&#8221;bottom&#8221; el_class=&#8221;row-shadow&#8221;][vc_column width=&#8221;1\/2&#8243;][vc_column_text css=&#8221;&#8221;]\u00c0 l\u2019occasion de <strong>Wine Paris 2026<\/strong> (9-11 f\u00e9vrier), le <strong>Consorzio Conegliano Valdobbiadene Prosecco DOCG<\/strong> mettra en avant la force de son identit\u00e9 collective en r\u00e9unissant <strong>32 producteurs<\/strong> repr\u00e9sentatifs de l\u2019appellation.<\/p>\n<p>Aux c\u00f4t\u00e9s du Conegliano Valdobbiadene, seront \u00e9galement mis \u00e0 l\u2019honneur les <strong>vins Barbera d\u2019Asti et Vini del Monferrato<\/strong>, ainsi que le <strong>fromage Roccaverano AOP<\/strong>.<\/p>\n<p>Cette action s\u2019inscrit dans le cadre de la campagne europ\u00e9enne <strong>\u00ab Born Sustainable \u00bb<\/strong>, soutenue par l\u2019Union europ\u00e9enne, qui valorise des produits certifi\u00e9s, ancr\u00e9s dans leur territoire et issus de pratiques agricoles durables.<\/p>\n<p><strong>Plus de 60 <\/strong><strong>cuv\u00e9es<\/strong>\u00a0seront propos\u00e9es \u00e0 la d\u00e9gustation au comptoir institutionnel, afin de permettre aux visiteurs de d\u00e9couvrir toute la richesse et la complexit\u00e9 du Conegliano\u00a0Valdobbiadene Prosecco Superiore DOCG.<\/p>\n<p>Pour plus d\u2019informations ou pour organiser une visite sur le stand du Consorzio du Conegliano Valdobbiadene Prosecco DOCG, veuillez contacter Beatrice Vianello \u00e0 l\u2019adresse suivante : <a href=\"mailto:bvianello@hopscotch.one\"><u>bvianello@hopscotch.one<\/u><\/a>[\/vc_column_text][\/vc_column][vc_column width=&#8221;1\/2&#8243; css=&#8221;.vc_custom_1770387334528{padding-right: 0px !important;padding-left: 0px !important;background-image: url(https:\/\/www.bornsustainable.eu\/wp-content\/uploads\/2026\/02\/news-paris.jpg?id=1398) !important;background-position: center !important;background-repeat: no-repeat !important;background-size: cover !important;}&#8221;][vc_empty_space height=&#8221;180px&#8221;][\/vc_column][\/vc_row][vc_row css=&#8221;.vc_custom_1760520955598{padding-top: 70px !important;}&#8221;][vc_column width=&#8221;1\/2&#8243;][vc_column_text css=&#8221;&#8221;]<strong>Wine Paris<\/strong><\/p>\n<p><strong>Paris Expo Porte de Versailles <\/strong><\/p>\n<p><strong>Du 9 au 11 f\u00e9vrier<\/strong><\/p>\n<p><strong>Hall 5.2 \u2013 Stands D079 &amp; D121<\/strong>[\/vc_column_text][\/vc_column][vc_column width=&#8221;1\/2&#8243;][\/vc_column][\/vc_row][vc_row][vc_column offset=&#8221;vc_hidden-lg vc_hidden-md&#8221;][vc_empty_space height=&#8221;50px&#8221;][\/vc_column][\/vc_row]<\/p>\n<\/div>","protected":false},"excerpt":{"rendered":"<p>[vc_row css=&#8221;.vc_custom_1726482760154{padding-right: 0px !important;padding-left: 0px !important;}&#8221;][vc_column offset=&#8221;vc_hidden-sm vc_hidden-xs&#8221; css=&#8221;.vc_custom_1726482764721{padding-right: 0px !important;padding-left: 0px !important;}&#8221;][\/vc_column][\/vc_row][vc_row][vc_column css=&#8221;.vc_custom_1724926071659{padding-right: 0px !important;padding-left: 0px !important;}&#8221; offset=&#8221;vc_hidden-lg vc_hidden-md&#8221;][vc_single_image image=&#8221;1408&#8243; img_size=&#8221;full&#8221; alignment=&#8221;center&#8221; css=&#8221;&#8221; el_class=&#8221;aperturamobile-int&#8221;][\/vc_column][\/vc_row][vc_row][vc_column][vc_empty_space height=&#8221;50px&#8221;][\/vc_column][\/vc_row][vc_row][vc_column width=&#8221;1\/6&#8243; css=&#8221;.vc_custom_1760520306661{padding-right: 0px !important;padding-left: 0px !important;}&#8221;][\/vc_column][vc_column width=&#8221;2\/3&#8243;][vc_column_text css=&#8221;.vc_custom_1770371165944{padding-bottom: 40px !important;}&#8221;] Wine Paris 2026: l\u2019excellence du Conegliano Valdobbiadene Prosecco Superiore DOCG [\/vc_column_text][\/vc_column][vc_column width=&#8221;1\/6&#8243;][\/vc_column][\/vc_row][vc_row gap=&#8221;35&#8243; equal_height=&#8221;yes&#8221; content_placement=&#8221;bottom&#8221; el_class=&#8221;row-shadow&#8221;][vc_column width=&#8221;1\/2&#8243;][vc_column_text css=&#8221;&#8221;]\u00c0 l\u2019occasion &#8230; <a title=\"Wine Paris 2026\" class=\"read-more\" href=\"https:\/\/www.bornsustainable.eu\/fr\/les-evenements\/wine-paris-2026\/\" aria-label=\"Read more about Wine Paris 2026\">Lire plus<\/a><\/p>\n","protected":false},"author":1,"featured_media":0,"parent":1354,"menu_order":0,"comment_status":"closed","ping_status":"closed","template":"","meta":{"footnotes":""},"class_list":["post-1224","page","type-page","status-publish"],"_links":{"self":[{"href":"https:\/\/www.bornsustainable.eu\/fr\/wp-json\/wp\/v2\/pages\/1224"}],"collection":[{"href":"https:\/\/www.bornsustainable.eu\/fr\/wp-json\/wp\/v2\/pages"}],"about":[{"href":"https:\/\/www.bornsustainable.eu\/fr\/wp-json\/wp\/v2\/types\/page"}],"author":[{"embeddable":true,"href":"https:\/\/www.bornsustainable.eu\/fr\/wp-json\/wp\/v2\/users\/1"}],"replies":[{"embeddable":true,"href":"https:\/\/www.bornsustainable.eu\/fr\/wp-json\/wp\/v2\/comments?post=1224"}],"version-history":[{"count":11,"href":"https:\/\/www.bornsustainable.eu\/fr\/wp-json\/wp\/v2\/pages\/1224\/revisions"}],"predecessor-version":[{"id":1415,"href":"https:\/\/www.bornsustainable.eu\/fr\/wp-json\/wp\/v2\/pages\/1224\/revisions\/1415"}],"up":[{"embeddable":true,"href":"https:\/\/www.bornsustainable.eu\/fr\/wp-json\/wp\/v2\/pages\/1354"}],"wp:attachment":[{"href":"https:\/\/www.bornsustainable.eu\/fr\/wp-json\/wp\/v2\/media?parent=1224"}],"curies":[{"name":"wp","href":"https:\/\/api.w.org\/{rel}","templated":true}]}}