{"id":845,"date":"2024-09-02T08:07:29","date_gmt":"2024-09-02T08:07:29","guid":{"rendered":"https:\/\/www.bornsustainable.eu\/informazioni-downloads\/"},"modified":"2025-02-18T15:03:14","modified_gmt":"2025-02-18T15:03:14","slug":"information-downloads","status":"publish","type":"page","link":"https:\/\/www.bornsustainable.eu\/de\/information-downloads\/","title":{"rendered":"Information downloads"},"content":{"rendered":"<div class=\"wpb-content-wrapper\"><p>[vc_row css=&#8221;.vc_custom_1726482760154{padding-right: 0px !important;padding-left: 0px !important;}&#8221;][vc_column offset=&#8221;vc_hidden-sm vc_hidden-xs&#8221; css=&#8221;.vc_custom_1726482764721{padding-right: 0px !important;padding-left: 0px !important;}&#8221;]\n\t\t\t\t<p class=\"rs-p-wp-fix\"><\/p>\n\t\t\t\t<sr7-module data-alias=\"header-home\" data-id=\"1\" id=\"SR7_1_1\" class=\"rs-ov-hidden\" data-version=\"6.7.18\">\n\t\t\t\t\t<sr7-adjuster><\/sr7-adjuster>\n\t\t\t\t\t<sr7-content>\n\t\t\t\t\t\t<sr7-slide id=\"SR7_1_1-26\" data-key=\"26\">\n\t\t\t\t\t\t\t<sr7-bg id=\"SR7_1_1-26-4\" class=\"sr7-layer\"><noscript><img decoding=\"async\" src=\"https:\/\/www.bornsustainable.eu\/wp-content\/uploads\/2024\/08\/home-header.jpg\" alt=\"\" title=\"home-header\"><\/noscript><\/sr7-bg>\n\t\t\t\t\t\t\t<sr7-txt id=\"SR7_1_1-26-0\" class=\"sr7-layer\">Authentizit\u00e4t und Nachhaltigkeit.<\/sr7-txt>\n\t\t\t\t\t\t\t<sr7-txt id=\"SR7_1_1-26-1\" class=\"sr7-layer\">Entdecken Sie die Aromen der Spezialit\u00e4ten mit gesch\u00fctzter Ursprungsbezeichnung.\n<\/sr7-txt>\n\t\t\t\t\t\t\t<sr7-txt id=\"SR7_1_1-26-2\" class=\"sr7-layer\">Autenticit\u00e0 e sostenibilit\u00e0.<\/sr7-txt>\n\t\t\t\t\t\t\t<sr7-txt id=\"SR7_1_1-26-3\" class=\"sr7-layer\">Scopri i sapori dei territori protetti d\u2019Europa.<\/sr7-txt>\n\t\t\t\t\t\t<\/sr7-slide>\n\t\t\t\t\t\t<sr7-slide id=\"SR7_1_1-2\" data-key=\"2\">\n\t\t\t\t\t\t<\/sr7-slide>\n\t\t\t\t\t<\/sr7-content>\n\t\t\t\t\t<image_lists style=\"display:none\">\n\t\t\t\t\t\t<img data-src=\"\/\/www.bornsustainable.eu\/wp-content\/uploads\/2024\/08\/home-header.jpg\" data-libid=\"22\" data-lib=\"medialibrary\" title=\"home-header\" width=\"0\" height=\"0\" data-dbsrc=\"Ly93d3cuYm9ybnN1c3RhaW5hYmxlLmV1L3dwLWNvbnRlbnQvdXBsb2Fkcy8yMDI0LzA4L2hvbWUtaGVhZGVyLmpwZw==\"\/>\n\t\t\t\t\t<\/image_lists>\n\t\t\t\t<\/sr7-module>\n\t\t\t\t<script>\n\t\t\t\t\tSR7.PMH ??={}; SR7.PMH[\"SR7_1_1\"] = {cn:0,state:false,fn: function() { if (_tpt!==undefined && _tpt.prepareModuleHeight !== undefined) {  _tpt.prepareModuleHeight({id:\"SR7_1_1\",el:[761,761,768,960,500],type:'standard',shdw:'0',gh:[761,761,475,361,223],gw:[1640,1640,1024,778,480],vpt:['100px'],size:{fullWidth:false, fullHeight:false},mh:'0',onh:0,onw:0,bg:{color:'{\"orig\":\"transparent\",\"type\":\"solid\",\"string\":\"transparent\"}'}});   SR7.PMH[\"SR7_1_1\"].state=true;} else if((SR7.PMH[\"SR7_1_1\"].cn++)<100)\tsetTimeout( SR7.PMH[\"SR7_1_1\"].fn,19);}};SR7.PMH[\"SR7_1_1\" ].fn();\n\t\t\t\t<\/script>\n[\/vc_column][\/vc_row][vc_row][vc_column css=&#8221;.vc_custom_1724926071659{padding-right: 0px !important;padding-left: 0px !important;}&#8221; offset=&#8221;vc_hidden-lg vc_hidden-md&#8221;][vc_single_image image=&#8221;165&#8243; img_size=&#8221;full&#8221; alignment=&#8221;center&#8221; css=&#8221;&#8221; el_class=&#8221;aperturamobile-int&#8221;][\/vc_column][\/vc_row][vc_row][vc_column css=&#8221;.vc_custom_1724926071659{padding-right: 0px !important;padding-left: 0px !important;}&#8221; offset=&#8221;vc_hidden-lg vc_hidden-md&#8221;][vc_column_text css=&#8221;&#8221;]<\/p>\n<h1 style=\"text-align: center;\"><strong>Authentizit\u00e4t und Nachhaltigkeit.<\/strong><br \/>\nEntdecken Sie die Aromen der Spezialit\u00e4ten mit gesch\u00fctzter Ursprungsbezeichnung.<\/h1>\n<p>[\/vc_column_text][\/vc_column][\/vc_row][vc_row disable_element=&#8221;yes&#8221; css=&#8221;.vc_custom_1731317390773{padding-top: 50px !important;padding-bottom: 50px !important;}&#8221;][vc_column width=&#8221;1\/2&#8243;][vc_column_text css=&#8221;.vc_custom_1731317368233{margin-bottom: 25px !important;}&#8221;]<\/p>\n<p style=\"text-align: center;\">Brosch\u00fcre<\/p>\n<p>[\/vc_column_text]<div class=\" ubtn-ctn-center \"><a class=\"ubtn-link ult-adjust-bottom-margin ubtn-center ubtn-custom \" href=\"#\" ><button type=\"button\" id=\"ubtn-2350\"  class=\"ubtn ult-adjust-bottom-margin ult-responsive ubtn-custom ubtn-no-hover-bg  none  ubtn-center   tooltip-6a0067ae12d80\"  data-hover=\"#ffffff\" data-border-color=\"#707070\" data-bg=\"#707070\" data-hover-bg=\"#494949\" data-border-hover=\"#494949\" data-shadow-hover=\"\" data-shadow-click=\"none\" data-shadow=\"\" data-shd-shadow=\"\"  data-ultimate-target='#ubtn-2350'  data-responsive-json-new='{\"font-size\":\"desktop:22px;tablet:22px;tablet_portrait:20px;mobile_landscape:18px;mobile:18px;\",\"line-height\":\"desktop:30px;tablet:30px;tablet_portrait:28px;mobile_landscape:24px;mobile:24px;\"}'  style=\"font-weight:normal;width:280px;min-height:50px;padding:px 50px;border-radius:50px;border-width:1px;border-color:#707070;border-style:solid;background: #707070;color: #ffffff;\"><span class=\"ubtn-hover\" style=\"background-color:#494949\"><\/span><span class=\"ubtn-data ubtn-text \" >Download<\/span><\/button><\/a><\/div>[\/vc_column][vc_column width=&#8221;1\/2&#8243;][vc_column_text css=&#8221;.vc_custom_1731317380068{margin-bottom: 25px !important;}&#8221;]<\/p>\n<p style=\"text-align: center;\">Presseunterlagen<\/p>\n<p>[\/vc_column_text]<div class=\" ubtn-ctn-center \"><a class=\"ubtn-link ult-adjust-bottom-margin ubtn-center ubtn-custom \" href=\"#\" ><button type=\"button\" id=\"ubtn-7097\"  class=\"ubtn ult-adjust-bottom-margin ult-responsive ubtn-custom ubtn-no-hover-bg  none  ubtn-center   tooltip-6a0067ae12e26\"  data-hover=\"#ffffff\" data-border-color=\"#707070\" data-bg=\"#707070\" data-hover-bg=\"#494949\" data-border-hover=\"#494949\" data-shadow-hover=\"\" data-shadow-click=\"none\" data-shadow=\"\" data-shd-shadow=\"\"  data-ultimate-target='#ubtn-7097'  data-responsive-json-new='{\"font-size\":\"desktop:22px;tablet:22px;tablet_portrait:20px;mobile_landscape:18px;mobile:18px;\",\"line-height\":\"desktop:30px;tablet:30px;tablet_portrait:28px;mobile_landscape:24px;mobile:24px;\"}'  style=\"font-weight:normal;width:280px;min-height:50px;padding:px 50px;border-radius:50px;border-width:1px;border-color:#707070;border-style:solid;background: #707070;color: #ffffff;\"><span class=\"ubtn-hover\" style=\"background-color:#494949\"><\/span><span class=\"ubtn-data ubtn-text \" >Download<\/span><\/button><\/a><\/div>[\/vc_column][\/vc_row][vc_row css=&#8221;.vc_custom_1737370542666{padding-top: 50px !important;padding-bottom: 50px !important;}&#8221;][vc_column][vc_column_text css=&#8221;.vc_custom_1739890942776{margin-bottom: 25px !important;}&#8221;]<\/p>\n<p style=\"text-align: center;\">PDF-Brosch\u00fcre herunterladen<\/p>\n<p>[\/vc_column_text]<div class=\" ubtn-ctn-center \"><a class=\"ubtn-link ult-adjust-bottom-margin ubtn-center ubtn-custom \" href=\"https:\/\/www.bornsustainable.eu\/docs\/BORN-SUSTAINABLE-A4-DE-DIGITAL.pdf\" target=\"_blank\" rel=\"noopener\" ><button type=\"button\" id=\"ubtn-7686\"  class=\"ubtn ult-adjust-bottom-margin ult-responsive ubtn-custom ubtn-no-hover-bg  none  ubtn-center   tooltip-6a0067ae12e8d\"  data-hover=\"#ffffff\" data-border-color=\"#707070\" data-bg=\"#707070\" data-hover-bg=\"#494949\" data-border-hover=\"#494949\" data-shadow-hover=\"\" data-shadow-click=\"none\" data-shadow=\"\" data-shd-shadow=\"\"  data-ultimate-target='#ubtn-7686'  data-responsive-json-new='{\"font-size\":\"desktop:22px;tablet:22px;tablet_portrait:20px;mobile_landscape:18px;mobile:18px;\",\"line-height\":\"desktop:30px;tablet:30px;tablet_portrait:28px;mobile_landscape:24px;mobile:24px;\"}'  style=\"font-weight:normal;width:280px;min-height:50px;padding:px 50px;border-radius:50px;border-width:1px;border-color:#707070;border-style:solid;background: #707070;color: #ffffff;\"><span class=\"ubtn-hover\" style=\"background-color:#494949\"><\/span><span class=\"ubtn-data ubtn-text \" >Download<\/span><\/button><\/a><\/div>[\/vc_column][\/vc_row][vc_row gap=&#8221;30&#8243; equal_height=&#8221;yes&#8221; el_class=&#8221;schedadx&#8221;][vc_column css=&#8221;.vc_custom_1726561451754{background-color: #8a1d40 !important;}&#8221; el_class=&#8221;schedasx&#8221; offset=&#8221;vc_col-lg-4 vc_col-md-4 vc_col-xs-12&#8243;][vc_column_text css=&#8221;.vc_custom_1731317414794{margin-bottom: 20px !important;}&#8221; el_class=&#8221;schedatext whitecolor&#8221;]<\/p>\n<p class=\"titoloconsorzio\" style=\"text-align: center;\"><strong>KONSORTIUM BARBERA D\u2019ASTI<\/strong><br \/>\n<strong>UND MONFERRATO WEINE<\/strong><\/p>\n<p class=\"indirizzomail\" style=\"text-align: center;\">Email: consorzio@viniastimonferrato.it<br \/>\nTelefon: +39 0141324368<\/p>\n<p>[\/vc_column_text]<div class=\" ubtn-ctn-center \"><a class=\"ubtn-link ult-adjust-bottom-margin ubtn-center ubtn-custom \" href=\"https:\/\/www.viniastimonferrato.it\/\" target=\"_blank\" rel=\"noopener\" ><button type=\"button\" id=\"ubtn-7587\"  class=\"ubtn ult-adjust-bottom-margin ult-responsive ubtn-custom ubtn-no-hover-bg  none  ubtn-center   tooltip-6a0067ae12eef\"  data-hover=\"#8a1d40\" data-border-color=\"\" data-bg=\"#ffffff\" data-hover-bg=\"#ededed\" data-border-hover=\"\" data-shadow-hover=\"\" data-shadow-click=\"none\" data-shadow=\"\" data-shd-shadow=\"\"  data-ultimate-target='#ubtn-7587'  data-responsive-json-new='{\"font-size\":\"desktop:22px;tablet:22px;tablet_portrait:20px;mobile_landscape:18px;mobile:18px;\",\"line-height\":\"desktop:30px;tablet:30px;tablet_portrait:28px;mobile_landscape:24px;mobile:24px;\"}'  style=\"font-weight:normal;width:520px;min-height:50px;padding:px 50px;border-radius:50px;border-width:1px;border-color:;border-style:solid;background: #ffffff;color: #8a1d40;\"><span class=\"ubtn-hover\" style=\"background-color:#ededed\"><\/span><span class=\"ubtn-data ubtn-text \" >viniastimonferrato.it<\/span><\/button><\/a><\/div>[\/vc_column][vc_column css=&#8221;.vc_custom_1726561459819{background-color: #bfaa9d !important;}&#8221; offset=&#8221;vc_col-lg-4 vc_col-md-4 vc_col-xs-12&#8243;][vc_column_text css=&#8221;.vc_custom_1731317420337{margin-bottom: 20px !important;}&#8221; el_class=&#8221;schedatext whitecolor&#8221;]<\/p>\n<p class=\"titoloconsorzio\" style=\"text-align: center;\"><strong>KONSORTIUM ZUM SCHUTZ<\/strong><br \/>\n<strong>DES ROCCAVERANO DOP K\u00c4SES <\/strong><\/p>\n<p class=\"indirizzomail\" style=\"text-align: center;\">Email: info@roccaveranodop.it<br \/>\nTelefon: +39 0144 88465<\/p>\n<p>[\/vc_column_text]<div class=\" ubtn-ctn-center \"><a class=\"ubtn-link ult-adjust-bottom-margin ubtn-center ubtn-custom \" href=\"https:\/\/roccaveranodop.it\/\" target=\"_blank\" rel=\"noopener\" ><button type=\"button\" id=\"ubtn-4979\"  class=\"ubtn ult-adjust-bottom-margin ult-responsive ubtn-custom ubtn-no-hover-bg  none  ubtn-center   tooltip-6a0067ae12f65\"  data-hover=\"#bfaa9d\" data-border-color=\"\" data-bg=\"#ffffff\" data-hover-bg=\"#ededed\" data-border-hover=\"\" data-shadow-hover=\"\" data-shadow-click=\"none\" data-shadow=\"\" data-shd-shadow=\"\"  data-ultimate-target='#ubtn-4979'  data-responsive-json-new='{\"font-size\":\"desktop:22px;tablet:22px;tablet_portrait:20px;mobile_landscape:18px;mobile:18px;\",\"line-height\":\"desktop:30px;tablet:30px;tablet_portrait:28px;mobile_landscape:24px;mobile:24px;\"}'  style=\"font-weight:normal;width:520px;min-height:50px;padding:px 50px;border-radius:50px;border-width:1px;border-color:;border-style:solid;background: #ffffff;color: #bfaa9d;\"><span class=\"ubtn-hover\" style=\"background-color:#ededed\"><\/span><span class=\"ubtn-data ubtn-text \" >roccaveranodop.it<\/span><\/button><\/a><\/div>[\/vc_column][vc_column css=&#8221;.vc_custom_1726561467237{background-color: #95c120 !important;}&#8221; el_class=&#8221;schedadx&#8221; offset=&#8221;vc_col-lg-4 vc_col-md-4 vc_col-xs-12&#8243;][vc_column_text css=&#8221;.vc_custom_1727102049914{margin-bottom: 20px !important;}&#8221; el_class=&#8221;schedatext whitecolor&#8221;]<\/p>\n<p class=\"titoloconsorzio\" style=\"text-align: center;\"><strong>KONSORTIUM CONEGLIANO<\/strong><br \/>\n<strong>VALDOBBIADENE PROSECCO SUPERIORE<\/strong><\/p>\n<p class=\"indirizzomail\" style=\"text-align: center;\">Email: info@prosecco.it<br \/>\nTelefon: + 39 0438 83028<\/p>\n<p>[\/vc_column_text]<div class=\" ubtn-ctn-center \"><a class=\"ubtn-link ult-adjust-bottom-margin ubtn-center ubtn-custom \" href=\"https:\/\/prosecco.it\/\" target=\"_blank\" rel=\"noopener\" ><button type=\"button\" id=\"ubtn-8451\"  class=\"ubtn ult-adjust-bottom-margin ult-responsive ubtn-custom ubtn-no-hover-bg  none  ubtn-center   tooltip-6a0067ae12fc1\"  data-hover=\"#95c120\" data-border-color=\"\" data-bg=\"#ffffff\" data-hover-bg=\"#ededed\" data-border-hover=\"\" data-shadow-hover=\"\" data-shadow-click=\"none\" data-shadow=\"\" data-shd-shadow=\"\"  data-ultimate-target='#ubtn-8451'  data-responsive-json-new='{\"font-size\":\"desktop:22px;tablet:22px;tablet_portrait:20px;mobile_landscape:18px;mobile:18px;\",\"line-height\":\"desktop:30px;tablet:30px;tablet_portrait:28px;mobile_landscape:24px;mobile:24px;\"}'  style=\"font-weight:normal;width:520px;min-height:50px;padding:px 50px;border-radius:50px;border-width:1px;border-color:;border-style:solid;background: #ffffff;color: #95c120;\"><span class=\"ubtn-hover\" style=\"background-color:#ededed\"><\/span><span class=\"ubtn-data ubtn-text \" >prosecco.it<\/span><\/button><\/a><\/div>[\/vc_column][\/vc_row][vc_row][vc_column][vc_empty_space height=&#8221;70px&#8221;][\/vc_column][\/vc_row]<\/p>\n<\/div>","protected":false},"excerpt":{"rendered":"<p>[vc_row css=&#8221;.vc_custom_1726482760154{padding-right: 0px !important;padding-left: 0px !important;}&#8221;][vc_column offset=&#8221;vc_hidden-sm vc_hidden-xs&#8221; css=&#8221;.vc_custom_1726482764721{padding-right: 0px !important;padding-left: 0px !important;}&#8221;][\/vc_column][\/vc_row][vc_row][vc_column css=&#8221;.vc_custom_1724926071659{padding-right: 0px !important;padding-left: 0px !important;}&#8221; offset=&#8221;vc_hidden-lg vc_hidden-md&#8221;][vc_single_image image=&#8221;165&#8243; img_size=&#8221;full&#8221; alignment=&#8221;center&#8221; css=&#8221;&#8221; el_class=&#8221;aperturamobile-int&#8221;][\/vc_column][\/vc_row][vc_row][vc_column css=&#8221;.vc_custom_1724926071659{padding-right: 0px !important;padding-left: 0px !important;}&#8221; offset=&#8221;vc_hidden-lg vc_hidden-md&#8221;][vc_column_text css=&#8221;&#8221;] Authentizit\u00e4t und Nachhaltigkeit. Entdecken Sie die Aromen der Spezialit\u00e4ten mit gesch\u00fctzter Ursprungsbezeichnung. [\/vc_column_text][\/vc_column][\/vc_row][vc_row disable_element=&#8221;yes&#8221; css=&#8221;.vc_custom_1731317390773{padding-top: 50px !important;padding-bottom: 50px !important;}&#8221;][vc_column width=&#8221;1\/2&#8243;][vc_column_text css=&#8221;.vc_custom_1731317368233{margin-bottom: 25px &#8230; <a title=\"Information downloads\" class=\"read-more\" href=\"https:\/\/www.bornsustainable.eu\/de\/information-downloads\/\" aria-label=\"Read more about Information downloads\">Weiterlesen &#8230;<\/a><\/p>\n","protected":false},"author":1,"featured_media":0,"parent":0,"menu_order":0,"comment_status":"closed","ping_status":"closed","template":"","meta":{"footnotes":""},"class_list":["post-845","page","type-page","status-publish"],"_links":{"self":[{"href":"https:\/\/www.bornsustainable.eu\/de\/wp-json\/wp\/v2\/pages\/845"}],"collection":[{"href":"https:\/\/www.bornsustainable.eu\/de\/wp-json\/wp\/v2\/pages"}],"about":[{"href":"https:\/\/www.bornsustainable.eu\/de\/wp-json\/wp\/v2\/types\/page"}],"author":[{"embeddable":true,"href":"https:\/\/www.bornsustainable.eu\/de\/wp-json\/wp\/v2\/users\/1"}],"replies":[{"embeddable":true,"href":"https:\/\/www.bornsustainable.eu\/de\/wp-json\/wp\/v2\/comments?post=845"}],"version-history":[{"count":4,"href":"https:\/\/www.bornsustainable.eu\/de\/wp-json\/wp\/v2\/pages\/845\/revisions"}],"predecessor-version":[{"id":1216,"href":"https:\/\/www.bornsustainable.eu\/de\/wp-json\/wp\/v2\/pages\/845\/revisions\/1216"}],"wp:attachment":[{"href":"https:\/\/www.bornsustainable.eu\/de\/wp-json\/wp\/v2\/media?parent=845"}],"curies":[{"name":"wp","href":"https:\/\/api.w.org\/{rel}","templated":true}]}}