{"id":841,"date":"2024-09-02T08:05:06","date_gmt":"2024-09-02T08:05:06","guid":{"rendered":"https:\/\/www.bornsustainable.eu\/consorzio-tutela-conegliano-valdobbiadene-prosecco-docg\/"},"modified":"2024-09-24T09:48:38","modified_gmt":"2024-09-24T09:48:38","slug":"consorzio-tutela-conegliano-valdobbiadene-prosecco-docg","status":"publish","type":"page","link":"https:\/\/www.bornsustainable.eu\/de\/consorzio-tutela-conegliano-valdobbiadene-prosecco-docg\/","title":{"rendered":"Consorzio di Tutela del Conegliano Valdobbiadene Prosecco DOCG"},"content":{"rendered":"<div class=\"wpb-content-wrapper\"><p>[vc_row][vc_column css=&#8221;.vc_custom_1724926063522{padding-right: 0px !important;padding-left: 0px !important;}&#8221; offset=&#8221;vc_hidden-sm vc_hidden-xs&#8221;]\n\t\t\t\t<p class=\"rs-p-wp-fix\"><\/p>\n\t\t\t\t<sr7-module data-alias=\"prosecco\" data-id=\"5\" id=\"SR7_5_1\" class=\"rs-ov-hidden\" data-version=\"6.7.18\">\n\t\t\t\t\t<sr7-adjuster><\/sr7-adjuster>\n\t\t\t\t\t<sr7-content>\n\t\t\t\t\t\t<sr7-slide id=\"SR7_5_1-31\" data-key=\"31\">\n\t\t\t\t\t\t\t<sr7-bg id=\"SR7_5_1-31-2\" class=\"sr7-layer\"><noscript><img decoding=\"async\" src=\"https:\/\/www.bornsustainable.eu\/wp-content\/uploads\/2024\/09\/prosecco-head.jpg\" alt=\"\" title=\"prosecco-head\"><\/noscript><\/sr7-bg>\n\t\t\t\t\t\t\t<sr7-txt id=\"SR7_5_1-31-0\" class=\"sr7-layer\">Conegliano Valdobbiadene: heroische H\u00fcgel,\nWiege des unnachahmlichen Prosecco Superiore DOCG.\n<\/sr7-txt>\n\t\t\t\t\t\t\t<sr7-txt id=\"SR7_5_1-31-1\" class=\"sr7-layer\">Und nachhaltig.<\/sr7-txt>\n\t\t\t\t\t\t<\/sr7-slide>\n\t\t\t\t\t\t<sr7-slide id=\"SR7_5_1-10\" data-key=\"10\">\n\t\t\t\t\t\t<\/sr7-slide>\n\t\t\t\t\t<\/sr7-content>\n\t\t\t\t\t<image_lists style=\"display:none\">\n\t\t\t\t\t\t<img data-src=\"\/\/www.bornsustainable.eu\/wp-content\/uploads\/2024\/09\/prosecco-head.jpg\" data-libid=\"357\" data-lib=\"medialibrary\" title=\"prosecco-head\" width=\"0\" height=\"0\" data-dbsrc=\"Ly93d3cuYm9ybnN1c3RhaW5hYmxlLmV1L3dwLWNvbnRlbnQvdXBsb2Fkcy8yMDI0LzA5L3Byb3NlY2NvLWhlYWQuanBn\"\/>\n\t\t\t\t\t<\/image_lists>\n\t\t\t\t<\/sr7-module>\n\t\t\t\t<script>\n\t\t\t\t\tSR7.PMH ??={}; SR7.PMH[\"SR7_5_1\"] = {cn:0,state:false,fn: function() { if (_tpt!==undefined && _tpt.prepareModuleHeight !== undefined) {  _tpt.prepareModuleHeight({id:\"SR7_5_1\",el:[500,500,312,678,500],type:'standard',shdw:'0',gh:[500,500,312,237,146],gw:[1640,1640,1024,778,480],vpt:['100px'],size:{fullWidth:false, fullHeight:false},mh:'0',onh:0,onw:0,bg:{color:'{\"orig\":\"transparent\",\"type\":\"solid\",\"string\":\"transparent\"}'}});   SR7.PMH[\"SR7_5_1\"].state=true;} else if((SR7.PMH[\"SR7_5_1\"].cn++)<100)\tsetTimeout( SR7.PMH[\"SR7_5_1\"].fn,19);}};SR7.PMH[\"SR7_5_1\" ].fn();\n\t\t\t\t<\/script>\n[\/vc_column][\/vc_row][vc_row][vc_column css=&#8221;.vc_custom_1724926071659{padding-right: 0px !important;padding-left: 0px !important;}&#8221; offset=&#8221;vc_hidden-lg vc_hidden-md&#8221;][vc_single_image image=&#8221;354&#8243; img_size=&#8221;full&#8221; alignment=&#8221;center&#8221; css=&#8221;&#8221; el_class=&#8221;aperturamobile-int&#8221;][\/vc_column][\/vc_row][vc_row][vc_column css=&#8221;.vc_custom_1724926071659{padding-right: 0px !important;padding-left: 0px !important;}&#8221; offset=&#8221;vc_hidden-lg vc_hidden-md&#8221;][vc_column_text css=&#8221;&#8221;]<\/p>\n<h1 style=\"text-align: center;\">Conegliano Valdobbiadene: heroische H\u00fcgel, Wiege des unnachahmlichen Prosecco Superiore DOCG.<br \/>\n<strong>Und nachhaltig.<\/strong><\/h1>\n<p>[\/vc_column_text][\/vc_column][\/vc_row][vc_row][vc_column][vc_empty_space][\/vc_column][\/vc_row][vc_row][vc_column][vc_row_inner el_class=&#8221;boxshadowr swapmobile&#8221; el_id=&#8221;boxshadowr&#8221;][vc_column_inner width=&#8221;1\/3&#8243; css=&#8221;.vc_custom_1724928836365{padding-right: 0px !important;padding-left: 0px !important;}&#8221;][vc_single_image image=&#8221;373&#8243; img_size=&#8221;full&#8221; css=&#8221;.vc_custom_1725290769047{margin-bottom: 0px !important;}&#8221; el_class=&#8221;immaginesoffietto&#8221;][\/vc_column_inner][vc_column_inner width=&#8221;2\/3&#8243;][vc_column_text css=&#8221;.vc_custom_1727101319595{padding-top: 50px !important;padding-right: 60px !important;padding-bottom: 50px !important;padding-left: 60px !important;}&#8221;]<\/p>\n<h2>Geschichte <img loading=\"lazy\" decoding=\"async\" class=\"alignright wp-image-376\" src=\"https:\/\/www.bornsustainable.eu\/wp-content\/uploads\/2024\/09\/prosecco-logo.jpg\" alt=\"\" width=\"150\" height=\"188\" \/><\/h2>\n<p>Im Jahr 1962 gr\u00fcndete eine Gruppe von elf Erzeugern, die die wichtigsten Sektkellereien und Winzergenossenschaften vertraten, das Konsortium zum Schutz des Prosecco di Conegliano Valdobbiadene. Ziel war es, eine Produktionsspezifikation zu erstellen, um die Qualit\u00e4t und das Image des Weins zu sch\u00fctzen. 1969 erkannte das Landwirtschaftsministerium Conegliano und Valdobbiadene als DOC-Gebiet f\u00fcr die Herstellung von Prosecco und Superiore di Cartizze an, was die erste offizielle Regelung f\u00fcr die Herstellung von Prosecco bedeutete. Im Jahr 2009 wurde der Prosecco aus Conegliano und Valdobbiadene im Zuge der Neuordnung der Prosecco-Bezeichnungen als Denominazione di Origine Controllata e Garantita (DOCG) eingestuft, der h\u00f6chsten Qualit\u00e4tsstufe Italiens.<\/p>\n<p>Heute ist das Konsortium eine private Einrichtung von \u00f6ffentlichem Interesse, der Winzer, Weinhersteller und Abf\u00fcller angeh\u00f6ren. Zu seinen Hauptaufgaben geh\u00f6ren die Unterst\u00fctzung der Erzeuger, der Verbraucherschutz, die F\u00f6rderung des Conegliano Valdobbiadene Prosecco Superiore DOCG in Italien und im Ausland sowie der Umweltschutz. Das Konsortium f\u00f6rdert die Entwicklung der Marke Conegliano Valdobbiadene Prosecco, wobei der Schwerpunkt auf \u00f6kologischer Nachhaltigkeit, der Aufwertung der Geschichte des Gebiets und der Bewahrung der hervorragenden Qualit\u00e4t des Weins liegt.[\/vc_column_text][\/vc_column_inner][\/vc_row_inner][vc_raw_html css=&#8221;&#8221;]JTNDYnV0dG9uJTIwaWQlM0QlMjJleHBhbmQtYnV0dG9uJTIyJTNFJTJCJTNDJTJGYnV0dG9uJTNF[\/vc_raw_html][vc_raw_js]JTNDc2NyaXB0JTNFJTIwbGV0JTIwYnRuJTIwJTNEJTIwZG9jdW1lbnQuZ2V0RWxlbWVudEJ5SWQlMjglMjdleHBhbmQtYnV0dG9uJTI3JTI5JTNCJTBBbGV0JTIwYm94c2hhZG93ciUyMCUzRCUyMGRvY3VtZW50LmdldEVsZW1lbnRCeUlkJTI4JTI3Ym94c2hhZG93ciUyNyUyOSUzQiUwQSUwQWJ0bi5hZGRFdmVudExpc3RlbmVyJTI4JTI3Y2xpY2slMjclMkMlMjAlMjglMjklMjAlM0QlM0UlMjAlN0IlMEElMjAlMjBib3hzaGFkb3dyLmNsYXNzTGlzdC50b2dnbGUlMjglMjJleHBhbmRlZCUyMiUyOSUzQiUwQSUyMCUyMGNvbnN0JTIwZXhwYW5kZWQlMjAlM0QlMjBib3hzaGFkb3dyLmNsYXNzTGlzdC5jb250YWlucyUyOCUyMmV4cGFuZGVkJTIyJTI5JTNCJTBBJTIwJTIwaWYlMjAlMjhleHBhbmRlZCUyOSUyMCU3QiUwQSUyMCUyMCUyMCUyMGJ0bi5pbm5lckhUTUwlMjAlM0QlMjAlMjItJTIyJTNCJTBBJTIwJTIwJTIwJTIwYm94c2hhZG93ci5zdHlsZS5vdmVyZmxvdyUyMCUzRCUyMCUyN3Njcm9sbCUyNyUzQiUwQSUyMCUyMCUyMCUyMGJveHNoYWRvd3Iuc3R5bGUub3ZlcmZsb3dYJTIwJTNEJTIwJTI3aGlkZGVuJTI3JTNCJTBBJTIwJTIwJTdEJTIwZWxzZSUyMCU3QiUwQSUyMCUyMCUyMCUyMGJ0bi5pbm5lckhUTUwlMjAlM0QlMjAlMjIlMkIlMjIlM0IlMEElMjAlMjAlMjAlMjBib3hzaGFkb3dyLmNsYXNzTGlzdC5yZW1vdmUlMjglMjJleHBhbmRlZCUyMiUyOSUzQiUwQSUyMCUyMCU3RCUwQSU3RCUyOSUzQyUyRnNjcmlwdCUzRQ==[\/vc_raw_js][\/vc_column][\/vc_row][vc_row][vc_column][vc_row_inner el_class=&#8221;boxshadowr&#8221; el_id=&#8221;boxshadowl&#8221;][vc_column_inner width=&#8221;2\/3&#8243;][vc_column_text css=&#8221;.vc_custom_1727101345319{padding-top: 50px !important;padding-right: 60px !important;padding-bottom: 50px !important;padding-left: 60px !important;}&#8221;]<\/p>\n<h2>Territorium<\/h2>\n<p>Das Gebiet von Conegliano Valdobbiadene erstreckt sich \u00fcber ein h\u00fcgeliges Terrain in 50 km von Venedig und etwa 100 km von den Dolomiten entfernt, in einem Gebiet von etwa 8.700 Hektar, das 15 Gemeinden in der Provinz Treviso in Venetien umfasst. Der Weinbau in dieser Region hat eine jahrhundertealte Tradition, aber die erste schriftliche Erw\u00e4hnung, die Prosecco mit diesem Gebiet in Verbindung bringt, stammt aus dem Jahr 1772. Seit der Einf\u00fchrung der DOC im Jahr 1969 ist das historische Produktionsgebiet auf 15 Gemeinden beschr\u00e4nkt. Zwei davon geben dem Gebiet seinen Namen: Conegliano und Valdobbiadene, die eine die kulturelle Hauptstadt, die andere das Produktionszentrum.<\/p>\n<p>Ein einzigartiges Mikroklima: Die Lage zwischen dem Meer und den Voralpen sorgt f\u00fcr ein gem\u00e4\u00dfigtes Klima mit einer Jahresdurchschnittstemperatur von 12,3\u00b0 C und einer konstanten Bel\u00fcftung, die ein schnelles Trocknen der Trauben nach den Regenf\u00e4llen erm\u00f6glicht. Die H\u00fcgel erstrecken sich von Osten nach Westen, so dass es einen S\u00fcdhang gibt, an dem die Weinberge am besten besonnt sind, und einen Nordhang, der meist von W\u00e4ldern bedeckt ist. Die H\u00f6henlage variiert zwischen 100 und 500 m und gew\u00e4hrleistet die Temperaturspanne, indem sie Aromen entwickeln.<\/p>\n<p>Die Glera-Rebe findet auf diesen H\u00fcgeln seit mehr als drei Jahrhunderten ihr ideales Umfeld.Im Jahr 2008 wurde auch das Projekt zur Anerkennung der H\u00fcgel von Conegliano Valdobbiadene als Unesco-Kulturerbe ins Leben gerufen: Eine Kulturlandschaft, in der die Arbeit der Winzer zur Schaffung eines einzigartigen Szenarios beigetragen hat, das 2019 in der Anerkennung des Titels gipfelt.[\/vc_column_text][\/vc_column_inner][vc_column_inner width=&#8221;1\/3&#8243; css=&#8221;.vc_custom_1724928829713{padding-right: 0px !important;padding-left: 0px !important;}&#8221;][vc_single_image image=&#8221;374&#8243; img_size=&#8221;full&#8221; css=&#8221;.vc_custom_1725290774241{margin-bottom: 0px !important;}&#8221; el_class=&#8221;immaginesoffietto-r&#8221;][\/vc_column_inner][\/vc_row_inner][vc_raw_html css=&#8221;&#8221;]JTNDYnV0dG9uJTIwaWQlM0QlMjJleHBhbmQtYnV0dG9uLWxlZnQlMjIlM0UlMkIlM0MlMkZidXR0b24lM0U=[\/vc_raw_html][vc_raw_js]JTNDc2NyaXB0JTNFJTIwbGV0JTIwYnRubGVmdCUyMCUzRCUyMGRvY3VtZW50LmdldEVsZW1lbnRCeUlkJTI4JTI3ZXhwYW5kLWJ1dHRvbi1sZWZ0JTI3JTI5JTNCJTBBbGV0JTIwYm94c2hhZG93bCUyMCUzRCUyMGRvY3VtZW50LmdldEVsZW1lbnRCeUlkJTI4JTI3Ym94c2hhZG93bCUyNyUyOSUzQiUwQSUwQWJ0bmxlZnQuYWRkRXZlbnRMaXN0ZW5lciUyOCUyN2NsaWNrJTI3JTJDJTIwJTI4JTI5JTIwJTNEJTNFJTIwJTdCJTBBJTIwJTIwYm94c2hhZG93bC5jbGFzc0xpc3QudG9nZ2xlJTI4JTIyZXhwYW5kZWQlMjIlMjklM0IlMEElMjAlMjBjb25zdCUyMGV4cGFuZGVkJTIwJTNEJTIwYm94c2hhZG93bC5jbGFzc0xpc3QuY29udGFpbnMlMjglMjJleHBhbmRlZCUyMiUyOSUzQiUwQSUyMCUyMGlmJTIwJTI4ZXhwYW5kZWQlMjklMjAlN0IlMEElMjAlMjAlMjAlMjBidG5sZWZ0LmlubmVySFRNTCUyMCUzRCUyMCUyMi0lMjIlM0IlMEElMjAlMjAlMjAlMjBib3hzaGFkb3dsLnN0eWxlLm92ZXJmbG93JTIwJTNEJTIwJTI3c2Nyb2xsJTI3JTNCJTBBJTIwJTIwJTIwJTIwYm94c2hhZG93bC5zdHlsZS5vdmVyZmxvd1glMjAlM0QlMjAlMjdoaWRkZW4lMjclM0IlMEElMjAlMjAlN0QlMjBlbHNlJTIwJTdCJTBBJTIwJTIwJTIwJTIwYnRubGVmdC5pbm5lckhUTUwlMjAlM0QlMjAlMjIlMkIlMjIlM0IlMEElMjAlMjAlMjAlMjBib3hzaGFkb3dsLmNsYXNzTGlzdC5yZW1vdmUlMjglMjJleHBhbmRlZCUyMiUyOSUzQiUwQSUyMCUyMCU3RCUwQSU3RCUyOSUzQyUyRnNjcmlwdCUzRQ==[\/vc_raw_js][\/vc_column][\/vc_row][vc_row][vc_column][vc_row_inner el_class=&#8221;boxshadowr swapmobile&#8221; el_id=&#8221;boxshadowr2&#8243;][vc_column_inner width=&#8221;1\/3&#8243; css=&#8221;.vc_custom_1724928836365{padding-right: 0px !important;padding-left: 0px !important;}&#8221;][vc_single_image image=&#8221;375&#8243; img_size=&#8221;full&#8221; css=&#8221;.vc_custom_1725290780186{margin-bottom: 0px !important;}&#8221; el_class=&#8221;immaginesoffietto&#8221;][\/vc_column_inner][vc_column_inner width=&#8221;2\/3&#8243;][vc_column_text css=&#8221;.vc_custom_1727101479254{padding-top: 50px !important;padding-right: 60px !important;padding-bottom: 50px !important;padding-left: 60px !important;}&#8221;]<\/p>\n<h2>Eigenschaften<\/h2>\n<p>Der Prosecco Superiore DOCG von Conegliano Valdobbiadene ist ein italienischer Schaumwein mit lebendiger Eleganz und fruchtigen, blumigen Aromen. Er wird in folgenden Sorten unterschieden:<\/p>\n<p>\u2022 Conegliano Valdobbiadene Prosecco Superiore <strong>DOCG<\/strong>: Conegliano Valdobbiadene Prosecco Superiore ist ein DOCG-Schaumwein, der ausschlie\u00dflich in den H\u00fcgeln von Conegliano Valdobbiadene aus der Rebsorte Glera hergestellt wird, die in den 15 Gemeinden der Appellation w\u00e4chst.<\/p>\n<p>\u2022 Conegliano Valdobbiadene Prosecco Superiore <strong>DOCG Rive<\/strong>: Der Begriff &#8220;Rive&#8221; bezeichnet im lokalen Sprachgebrauch die steilen H\u00e4nge, die das Gebiet charakterisieren. Diese Typologie hebt die verschiedenen Ausdrucksformen von Conegliano Valdobbiadene hervor und wird aus den steilsten und am st\u00e4rksten beanspruchten Weinbergen mit Trauben aus einer einzigen Gemeinde oder einem Teil davon gewonnen, um die Eigenschaften, die das Gebiet dem Wein verleiht, hervorzuheben. Es gibt 43 Steillagen in der Bezeichnung, und jede bringt eine andere Besonderheit des Bodens, der Lage und des Mikroklimas zum Ausdruck.<\/p>\n<p>\u2022 Valdobbiadene Superiore di Cartizze <strong>DOCG<\/strong>: : Valdobbiadene Superiore di Cartizze ist qualitativ die h\u00f6chste Form der Herkunftsbezeichnung. Er stammt aus einer seit 1969 geregelten Unterzone mit nur 107 Hektar Weinbergen, die zwischen den steilsten H\u00fcgeln von San Pietro di Barbozza, Santo Stefano und Saccol in der Gemeinde Valdobbiadene liegen. Eine perfekte Kombination von Mikroklima und alten B\u00f6den. In der Nase zeichnet er sich durch eine Komplexit\u00e4t von Aromen aus, die an Apfel und Birne, Zitrusfr\u00fcchte, Pfirsich, Aprikose und Rosenbl\u00fcten erinnern. Im Abgang findet sich ein Hauch von Mandel. Der Geschmack ist harmonisch und elegant, mit gro\u00dfer Weichheit und Frische, unterst\u00fctzt durch eine leichte und feine Perlage.<\/p>\n<p>\u2022 Conegliano Valdobbiadene Prosecco Superiore <strong>DOCG auf dem Hefesatz<\/strong>: So hei\u00dft der traditionelle, in der Flasche vergorene Prosecco aus Conegliano Valdobbiadene, der im lokalen Dialekt auch &#8220;col fondo&#8221; oder &#8220;sur lie&#8221; genannt wird, die erste Version mit \u201cBubbles\u201d, die in diesen H\u00fcgeln entstanden ist. Wenn die Hefen, die der Sorte ihren Namen geben, auf den Boden der Flasche gefallen sind, findet eine erneute G\u00e4rung statt, so, wie es nach der alten Methode der Schaumweinherstellung, die heute von den Verbrauchern sehr gesch\u00e4tzt wird, \u00fcblich ist.[\/vc_column_text][\/vc_column_inner][\/vc_row_inner][vc_raw_html css=&#8221;&#8221;]JTNDYnV0dG9uJTIwaWQlM0QlMjJleHBhbmQtYnV0dG9uMiUyMiUzRSUyQiUzQyUyRmJ1dHRvbiUzRQ==[\/vc_raw_html][vc_raw_js]JTNDc2NyaXB0JTNFJTIwbGV0JTIwYnRuMiUyMCUzRCUyMGRvY3VtZW50LmdldEVsZW1lbnRCeUlkJTI4JTI3ZXhwYW5kLWJ1dHRvbjIlMjclMjklM0IlMEFsZXQlMjBib3hzaGFkb3dyMiUyMCUzRCUyMGRvY3VtZW50LmdldEVsZW1lbnRCeUlkJTI4JTI3Ym94c2hhZG93cjIlMjclMjklM0IlMEElMEFidG4yLmFkZEV2ZW50TGlzdGVuZXIlMjglMjdjbGljayUyNyUyQyUyMCUyOCUyOSUyMCUzRCUzRSUyMCU3QiUwQSUyMCUyMGJveHNoYWRvd3IyLmNsYXNzTGlzdC50b2dnbGUlMjglMjJleHBhbmRlZCUyMiUyOSUzQiUwQSUyMCUyMGNvbnN0JTIwZXhwYW5kZWQlMjAlM0QlMjBib3hzaGFkb3dyMi5jbGFzc0xpc3QuY29udGFpbnMlMjglMjJleHBhbmRlZCUyMiUyOSUzQiUwQSUyMCUyMGlmJTIwJTI4ZXhwYW5kZWQlMjklMjAlN0IlMEElMjAlMjAlMjAlMjBidG4yLmlubmVySFRNTCUyMCUzRCUyMCUyMi0lMjIlM0IlMEElMjAlMjAlMjAlMjBib3hzaGFkb3dyMi5zdHlsZS5vdmVyZmxvdyUyMCUzRCUyMCUyN3Njcm9sbCUyNyUzQiUwQSUyMCUyMCUyMCUyMGJveHNoYWRvd3IyLnN0eWxlLm92ZXJmbG93WCUyMCUzRCUyMCUyN2hpZGRlbiUyNyUzQiUwQSUyMCUyMCU3RCUyMGVsc2UlMjAlN0IlMEElMjAlMjAlMjAlMjBidG4yLmlubmVySFRNTCUyMCUzRCUyMCUyMiUyQiUyMiUzQiUwQSUyMCUyMCUyMCUyMGJveHNoYWRvd3IyLmNsYXNzTGlzdC5yZW1vdmUlMjglMjJleHBhbmRlZCUyMiUyOSUzQiUwQSUyMCUyMCU3RCUwQSU3RCUyOSUzQyUyRnNjcmlwdCUzRQ==[\/vc_raw_js][\/vc_column][\/vc_row][vc_row][vc_column][vc_empty_space][\/vc_column][\/vc_row][vc_row][vc_column][vc_column_text css=&#8221;&#8221;]<\/p>\n<p style=\"text-align: center;\"><span style=\"color: #95c120;\">Weitere Informationen finden Sie auf den offiziellen Kan\u00e4len des Konsortiums.<\/span><\/p>\n<p>[\/vc_column_text][vc_row_inner el_class=&#8221;socialicons&#8221;][vc_column_inner]<div class=\"ult-just-icon-wrapper   vc_custom_1726479646625\"><div class=\"align-icon\" style=\"text-align:center;\">\n<a class=\"aio-tooltip 6a0067ae8db92\" href=\"https:\/\/www.facebook.com\/ConeglianoValdobbiadeneProseccoDOCG\/\" target=\"_blank\" rel=\"noopener\"  data-toggle=\"tooltip\" data-placement=\"\"><div class=\"aio-icon-img \" style=\"font-size:55px;display:inline-block;\" >\n\t<img decoding=\"async\" class=\"img-icon\" alt=\"null\" src=\"https:\/\/www.bornsustainable.eu\/wp-content\/uploads\/2024\/09\/FB3-ico.svg\"\/>\n<\/div><\/a><\/div><\/div><div class=\"ult-just-icon-wrapper   vc_custom_1726479731400\"><div class=\"align-icon\" style=\"text-align:center;\">\n<a class=\"aio-tooltip 6a0067ae8de59\" href=\"https:\/\/instagram.com\/proseccocv\/\" target=\"_blank\" rel=\"noopener\"  data-toggle=\"tooltip\" data-placement=\"\"><div class=\"aio-icon-img \" style=\"font-size:55px;display:inline-block;\" >\n\t<img decoding=\"async\" class=\"img-icon\" alt=\"null\" src=\"https:\/\/www.bornsustainable.eu\/wp-content\/uploads\/2024\/09\/IG3-ico.svg\"\/>\n<\/div><\/a><\/div><\/div>[vc_icon icon_fontawesome=&#8221;fab fa-twitter&#8221; color=&#8221;custom&#8221; size=&#8221;lg&#8221; css=&#8221;.vc_custom_1726480134744{padding-right: 15px !important;}&#8221; custom_color=&#8221;#95c120&#8243; link=&#8221;url:https%3A%2F%2Ftwitter.com%2FProseccoCV|target:_blank&#8221;][vc_icon icon_fontawesome=&#8221;fab fa-pinterest&#8221; color=&#8221;custom&#8221; size=&#8221;lg&#8221; css=&#8221;.vc_custom_1726480149008{padding-right: 15px !important;}&#8221; custom_color=&#8221;#95c120&#8243; link=&#8221;url:https%3A%2F%2Fwww.pinterest.com%2Fproseccoacademy%2F|target:_blank&#8221;][vc_icon icon_fontawesome=&#8221;fab fa-youtube&#8221; color=&#8221;custom&#8221; size=&#8221;lg&#8221; css=&#8221;.vc_custom_1726480199922{padding-right: 15px !important;}&#8221; custom_color=&#8221;#95c120&#8243; link=&#8221;url:https%3A%2F%2Fwww.youtube.com%2Fuser%2FProseccoSuperiore|target:_blank&#8221;][vc_icon icon_fontawesome=&#8221;fab fa-flickr&#8221; color=&#8221;custom&#8221; size=&#8221;lg&#8221; css=&#8221;&#8221; custom_color=&#8221;#95c120&#8243; link=&#8221;url:https%3A%2F%2Fwww.flickr.com%2Fphotos%2Fconeglianovaldobbiadeneproseccosuperiore|target:_blank&#8221;][\/vc_column_inner][\/vc_row_inner][\/vc_column][\/vc_row]<\/p>\n<\/div>","protected":false},"excerpt":{"rendered":"<p>[vc_row][vc_column css=&#8221;.vc_custom_1724926063522{padding-right: 0px !important;padding-left: 0px !important;}&#8221; offset=&#8221;vc_hidden-sm vc_hidden-xs&#8221;][\/vc_column][\/vc_row][vc_row][vc_column css=&#8221;.vc_custom_1724926071659{padding-right: 0px !important;padding-left: 0px !important;}&#8221; offset=&#8221;vc_hidden-lg vc_hidden-md&#8221;][vc_single_image image=&#8221;354&#8243; img_size=&#8221;full&#8221; alignment=&#8221;center&#8221; css=&#8221;&#8221; el_class=&#8221;aperturamobile-int&#8221;][\/vc_column][\/vc_row][vc_row][vc_column css=&#8221;.vc_custom_1724926071659{padding-right: 0px !important;padding-left: 0px !important;}&#8221; offset=&#8221;vc_hidden-lg vc_hidden-md&#8221;][vc_column_text css=&#8221;&#8221;] Conegliano Valdobbiadene: heroische H\u00fcgel, Wiege des unnachahmlichen Prosecco Superiore DOCG. Und nachhaltig. [\/vc_column_text][\/vc_column][\/vc_row][vc_row][vc_column][vc_empty_space][\/vc_column][\/vc_row][vc_row][vc_column][vc_row_inner el_class=&#8221;boxshadowr swapmobile&#8221; el_id=&#8221;boxshadowr&#8221;][vc_column_inner width=&#8221;1\/3&#8243; css=&#8221;.vc_custom_1724928836365{padding-right: 0px !important;padding-left: 0px !important;}&#8221;][vc_single_image image=&#8221;373&#8243; img_size=&#8221;full&#8221; css=&#8221;.vc_custom_1725290769047{margin-bottom: 0px !important;}&#8221; &#8230; <a title=\"Consorzio di Tutela del Conegliano Valdobbiadene Prosecco DOCG\" class=\"read-more\" href=\"https:\/\/www.bornsustainable.eu\/de\/consorzio-tutela-conegliano-valdobbiadene-prosecco-docg\/\" aria-label=\"Read more about Consorzio di Tutela del Conegliano Valdobbiadene Prosecco DOCG\">Weiterlesen &#8230;<\/a><\/p>\n","protected":false},"author":1,"featured_media":0,"parent":0,"menu_order":0,"comment_status":"closed","ping_status":"closed","template":"","meta":{"footnotes":""},"class_list":["post-841","page","type-page","status-publish"],"_links":{"self":[{"href":"https:\/\/www.bornsustainable.eu\/de\/wp-json\/wp\/v2\/pages\/841"}],"collection":[{"href":"https:\/\/www.bornsustainable.eu\/de\/wp-json\/wp\/v2\/pages"}],"about":[{"href":"https:\/\/www.bornsustainable.eu\/de\/wp-json\/wp\/v2\/types\/page"}],"author":[{"embeddable":true,"href":"https:\/\/www.bornsustainable.eu\/de\/wp-json\/wp\/v2\/users\/1"}],"replies":[{"embeddable":true,"href":"https:\/\/www.bornsustainable.eu\/de\/wp-json\/wp\/v2\/comments?post=841"}],"version-history":[{"count":3,"href":"https:\/\/www.bornsustainable.eu\/de\/wp-json\/wp\/v2\/pages\/841\/revisions"}],"predecessor-version":[{"id":867,"href":"https:\/\/www.bornsustainable.eu\/de\/wp-json\/wp\/v2\/pages\/841\/revisions\/867"}],"wp:attachment":[{"href":"https:\/\/www.bornsustainable.eu\/de\/wp-json\/wp\/v2\/media?parent=841"}],"curies":[{"name":"wp","href":"https:\/\/api.w.org\/{rel}","templated":true}]}}