{"id":837,"date":"2024-09-02T08:05:35","date_gmt":"2024-09-02T08:05:35","guid":{"rendered":"https:\/\/www.bornsustainable.eu\/roccaverano-dop\/"},"modified":"2024-09-24T09:48:50","modified_gmt":"2024-09-24T09:48:50","slug":"roccaverano-dop","status":"publish","type":"page","link":"https:\/\/www.bornsustainable.eu\/de\/roccaverano-dop\/","title":{"rendered":"Roccaverano DOP"},"content":{"rendered":"<div class=\"wpb-content-wrapper\"><p>[vc_row][vc_column css=&#8221;.vc_custom_1724926063522{padding-right: 0px !important;padding-left: 0px !important;}&#8221; offset=&#8221;vc_hidden-sm vc_hidden-xs&#8221;]\n\t\t\t\t<p class=\"rs-p-wp-fix\"><\/p>\n\t\t\t\t<sr7-module data-alias=\"roccaverano\" data-id=\"4\" id=\"SR7_4_1\" class=\"rs-ov-hidden\" data-version=\"6.7.18\">\n\t\t\t\t\t<sr7-adjuster><\/sr7-adjuster>\n\t\t\t\t\t<sr7-content>\n\t\t\t\t\t\t<sr7-slide id=\"SR7_4_1-30\" data-key=\"30\">\n\t\t\t\t\t\t\t<sr7-bg id=\"SR7_4_1-30-1\" class=\"sr7-layer\"><noscript><img decoding=\"async\" src=\"https:\/\/www.bornsustainable.eu\/wp-content\/uploads\/2024\/09\/roccaverano-head.jpg\" alt=\"\" title=\"roccaverano-head\"><\/noscript><\/sr7-bg>\n\t\t\t\t\t\t\t<sr7-txt id=\"SR7_4_1-30-0\" class=\"sr7-layer\">Roccaverano: aus Liebe zum Land\nund zu unseren Tieren, ein K\u00e4se mit unverwechselbarem Geschmack, \n<b>der nachhaltig ist.<\/b><\/sr7-txt>\n\t\t\t\t\t\t<\/sr7-slide>\n\t\t\t\t\t\t<sr7-slide id=\"SR7_4_1-8\" data-key=\"8\">\n\t\t\t\t\t\t<\/sr7-slide>\n\t\t\t\t\t<\/sr7-content>\n\t\t\t\t\t<image_lists style=\"display:none\">\n\t\t\t\t\t\t<img data-src=\"\/\/www.bornsustainable.eu\/wp-content\/uploads\/2024\/09\/roccaverano-head.jpg\" data-libid=\"355\" data-lib=\"medialibrary\" title=\"roccaverano-head\" width=\"0\" height=\"0\" data-dbsrc=\"Ly93d3cuYm9ybnN1c3RhaW5hYmxlLmV1L3dwLWNvbnRlbnQvdXBsb2Fkcy8yMDI0LzA5L3JvY2NhdmVyYW5vLWhlYWQuanBn\"\/>\n\t\t\t\t\t<\/image_lists>\n\t\t\t\t<\/sr7-module>\n\t\t\t\t<script>\n\t\t\t\t\tSR7.PMH ??={}; SR7.PMH[\"SR7_4_1\"] = {cn:0,state:false,fn: function() { if (_tpt!==undefined && _tpt.prepareModuleHeight !== undefined) {  _tpt.prepareModuleHeight({id:\"SR7_4_1\",el:[500,500,312,678,500],type:'standard',shdw:'0',gh:[500,500,312,237,146],gw:[1640,1640,1024,778,480],vpt:['100px'],size:{fullWidth:false, fullHeight:false},mh:'0',onh:0,onw:0,bg:{color:'{\"orig\":\"transparent\",\"type\":\"solid\",\"string\":\"transparent\"}'}});   SR7.PMH[\"SR7_4_1\"].state=true;} else if((SR7.PMH[\"SR7_4_1\"].cn++)<100)\tsetTimeout( SR7.PMH[\"SR7_4_1\"].fn,19);}};SR7.PMH[\"SR7_4_1\" ].fn();\n\t\t\t\t<\/script>\n[\/vc_column][\/vc_row][vc_row][vc_column css=&#8221;.vc_custom_1724926071659{padding-right: 0px !important;padding-left: 0px !important;}&#8221; offset=&#8221;vc_hidden-lg vc_hidden-md&#8221;][vc_single_image image=&#8221;356&#8243; img_size=&#8221;full&#8221; alignment=&#8221;center&#8221; css=&#8221;&#8221; el_class=&#8221;aperturamobile-int&#8221;][\/vc_column][\/vc_row][vc_row][vc_column css=&#8221;.vc_custom_1724926071659{padding-right: 0px !important;padding-left: 0px !important;}&#8221; offset=&#8221;vc_hidden-lg vc_hidden-md&#8221;][vc_column_text css=&#8221;&#8221;]<\/p>\n<h1 style=\"text-align: center;\">Roccaverano: aus Liebe zum Land und zu unseren Tieren, ein K\u00e4se mit unverwechselbarem Geschmack,<br \/>\n<strong>der nachhaltig ist.<\/strong><\/h1>\n<p>[\/vc_column_text][\/vc_column][\/vc_row][vc_row][vc_column][vc_empty_space][\/vc_column][\/vc_row][vc_row][vc_column][vc_row_inner el_class=&#8221;boxshadowr swapmobile&#8221; el_id=&#8221;boxshadowr&#8221;][vc_column_inner width=&#8221;1\/3&#8243; css=&#8221;.vc_custom_1724928836365{padding-right: 0px !important;padding-left: 0px !important;}&#8221;][vc_single_image image=&#8221;366&#8243; img_size=&#8221;full&#8221; css=&#8221;.vc_custom_1725290456636{margin-bottom: 0px !important;}&#8221; el_class=&#8221;immaginesoffietto&#8221;][\/vc_column_inner][vc_column_inner width=&#8221;2\/3&#8243;][vc_column_text css=&#8221;.vc_custom_1727101148199{padding-top: 50px !important;padding-right: 60px !important;padding-bottom: 50px !important;padding-left: 60px !important;}&#8221;]<\/p>\n<h2>Geschichte <img loading=\"lazy\" decoding=\"async\" class=\"alignright wp-image-370\" src=\"https:\/\/www.bornsustainable.eu\/wp-content\/uploads\/2024\/09\/roccaverano-logo.jpg\" alt=\"\" width=\"180\" height=\"180\" srcset=\"https:\/\/www.bornsustainable.eu\/wp-content\/uploads\/2024\/09\/roccaverano-logo.jpg 203w, https:\/\/www.bornsustainable.eu\/wp-content\/uploads\/2024\/09\/roccaverano-logo-150x150.jpg 150w\" sizes=\"(max-width: 180px) 100vw, 180px\" \/><\/h2>\n<p>Das 1988 gegr\u00fcndete Konsortium ging aus einer bereits bestehenden Erzeugergemeinschaft hervor, die bereits 1979 das Lastenheft erstellt und hinterlegt hatte. Die anschlie\u00dfende Arbeit f\u00fchrte zur Erlangung der g.U. im Jahr 1996.<\/p>\n<p>Die Geschichte des Roccaverano geht, wie die anderer gro\u00dfer italienischer K\u00e4sesorten, auf b\u00e4uerliche Traditionen zur\u00fcck, als \u00fcbersch\u00fcssige Milch zur Herstellung eines Haushaltsprodukts verwendet wurde.<br \/>\nEin weiterer T\u00e4tigkeitsbereich des Konsortiums ist die Forschung, um die Qualit\u00e4t der K\u00e4seproduktion jedes Jahr zu steigern und zu gew\u00e4hrleisten.[\/vc_column_text][\/vc_column_inner][\/vc_row_inner][vc_raw_html css=&#8221;&#8221;]JTNDYnV0dG9uJTIwaWQlM0QlMjJleHBhbmQtYnV0dG9uJTIyJTNFJTJCJTNDJTJGYnV0dG9uJTNF[\/vc_raw_html][vc_raw_js]JTNDc2NyaXB0JTNFJTIwbGV0JTIwYnRuJTIwJTNEJTIwZG9jdW1lbnQuZ2V0RWxlbWVudEJ5SWQlMjglMjdleHBhbmQtYnV0dG9uJTI3JTI5JTNCJTBBbGV0JTIwYm94c2hhZG93ciUyMCUzRCUyMGRvY3VtZW50LmdldEVsZW1lbnRCeUlkJTI4JTI3Ym94c2hhZG93ciUyNyUyOSUzQiUwQSUwQWJ0bi5hZGRFdmVudExpc3RlbmVyJTI4JTI3Y2xpY2slMjclMkMlMjAlMjglMjklMjAlM0QlM0UlMjAlN0IlMEElMjAlMjBib3hzaGFkb3dyLmNsYXNzTGlzdC50b2dnbGUlMjglMjJleHBhbmRlZCUyMiUyOSUzQiUwQSUyMCUyMGNvbnN0JTIwZXhwYW5kZWQlMjAlM0QlMjBib3hzaGFkb3dyLmNsYXNzTGlzdC5jb250YWlucyUyOCUyMmV4cGFuZGVkJTIyJTI5JTNCJTBBJTIwJTIwaWYlMjAlMjhleHBhbmRlZCUyOSUyMCU3QiUwQSUyMCUyMCUyMCUyMGJ0bi5pbm5lckhUTUwlMjAlM0QlMjAlMjItJTIyJTNCJTBBJTIwJTIwJTIwJTIwYm94c2hhZG93ci5zdHlsZS5vdmVyZmxvdyUyMCUzRCUyMCUyN3Njcm9sbCUyNyUzQiUwQSUyMCUyMCUyMCUyMGJveHNoYWRvd3Iuc3R5bGUub3ZlcmZsb3dYJTIwJTNEJTIwJTI3aGlkZGVuJTI3JTNCJTBBJTIwJTIwJTdEJTIwZWxzZSUyMCU3QiUwQSUyMCUyMCUyMCUyMGJ0bi5pbm5lckhUTUwlMjAlM0QlMjAlMjIlMkIlMjIlM0IlMEElMjAlMjAlMjAlMjBib3hzaGFkb3dyLmNsYXNzTGlzdC5yZW1vdmUlMjglMjJleHBhbmRlZCUyMiUyOSUzQiUwQSUyMCUyMCU3RCUwQSU3RCUyOSUzQyUyRnNjcmlwdCUzRQ==[\/vc_raw_js][\/vc_column][\/vc_row][vc_row][vc_column][vc_row_inner el_class=&#8221;boxshadowr&#8221; el_id=&#8221;boxshadowl&#8221;][vc_column_inner width=&#8221;2\/3&#8243;][vc_column_text css=&#8221;.vc_custom_1727101164123{padding-top: 50px !important;padding-right: 60px !important;padding-bottom: 50px !important;padding-left: 60px !important;}&#8221;]<\/p>\n<h2>Territorium<\/h2>\n<p>Das Erzeugungsgebiet des Roccaverano K\u00e4se g.U. umfasst 10 Gemeinden in der Provinz Asti (Bubbio, Cessole, Loazzolo, Mombaldone, Monastero Bormida, Olmo Gentile, Roccaverano, San Giorgio Scarampi, Serole, Vesime) und 9 Gemeinden in der Provinz Alessandria im \u00f6stlichsten Teil der Langhe, in der Region Piemont.<\/p>\n<p>Das Erzeugungsgebiet des Roccaverano K\u00e4se g.U. ist durch eine inhomogene Morphologie gekennzeichnet. Die geologische Beschaffenheit wechselt vom h\u00fcgeligen Gebiet der Langa di Roccaverano und dem Gebiet des Bormida-Tals zum gebirgigeren Gebiet des Erro-Tals.[\/vc_column_text][\/vc_column_inner][vc_column_inner width=&#8221;1\/3&#8243; css=&#8221;.vc_custom_1724928829713{padding-right: 0px !important;padding-left: 0px !important;}&#8221;][vc_single_image image=&#8221;367&#8243; img_size=&#8221;full&#8221; css=&#8221;.vc_custom_1725290378250{margin-bottom: 0px !important;}&#8221; el_class=&#8221;immaginesoffietto-r&#8221;][\/vc_column_inner][\/vc_row_inner][vc_raw_html css=&#8221;&#8221;]JTNDYnV0dG9uJTIwaWQlM0QlMjJleHBhbmQtYnV0dG9uLWxlZnQlMjIlM0UlMkIlM0MlMkZidXR0b24lM0U=[\/vc_raw_html][vc_raw_js]JTNDc2NyaXB0JTNFJTIwbGV0JTIwYnRubGVmdCUyMCUzRCUyMGRvY3VtZW50LmdldEVsZW1lbnRCeUlkJTI4JTI3ZXhwYW5kLWJ1dHRvbi1sZWZ0JTI3JTI5JTNCJTBBbGV0JTIwYm94c2hhZG93bCUyMCUzRCUyMGRvY3VtZW50LmdldEVsZW1lbnRCeUlkJTI4JTI3Ym94c2hhZG93bCUyNyUyOSUzQiUwQSUwQWJ0bmxlZnQuYWRkRXZlbnRMaXN0ZW5lciUyOCUyN2NsaWNrJTI3JTJDJTIwJTI4JTI5JTIwJTNEJTNFJTIwJTdCJTBBJTIwJTIwYm94c2hhZG93bC5jbGFzc0xpc3QudG9nZ2xlJTI4JTIyZXhwYW5kZWQlMjIlMjklM0IlMEElMjAlMjBjb25zdCUyMGV4cGFuZGVkJTIwJTNEJTIwYm94c2hhZG93bC5jbGFzc0xpc3QuY29udGFpbnMlMjglMjJleHBhbmRlZCUyMiUyOSUzQiUwQSUyMCUyMGlmJTIwJTI4ZXhwYW5kZWQlMjklMjAlN0IlMEElMjAlMjAlMjAlMjBidG5sZWZ0LmlubmVySFRNTCUyMCUzRCUyMCUyMi0lMjIlM0IlMEElMjAlMjAlMjAlMjBib3hzaGFkb3dsLnN0eWxlLm92ZXJmbG93JTIwJTNEJTIwJTI3c2Nyb2xsJTI3JTNCJTBBJTIwJTIwJTIwJTIwYm94c2hhZG93bC5zdHlsZS5vdmVyZmxvd1glMjAlM0QlMjAlMjdoaWRkZW4lMjclM0IlMEElMjAlMjAlN0QlMjBlbHNlJTIwJTdCJTBBJTIwJTIwJTIwJTIwYnRubGVmdC5pbm5lckhUTUwlMjAlM0QlMjAlMjIlMkIlMjIlM0IlMEElMjAlMjAlMjAlMjBib3hzaGFkb3dsLmNsYXNzTGlzdC5yZW1vdmUlMjglMjJleHBhbmRlZCUyMiUyOSUzQiUwQSUyMCUyMCU3RCUwQSU3RCUyOSUzQyUyRnNjcmlwdCUzRQ==[\/vc_raw_js][\/vc_column][\/vc_row][vc_row][vc_column][vc_row_inner el_class=&#8221;boxshadowr swapmobile&#8221; el_id=&#8221;boxshadowr2&#8243;][vc_column_inner width=&#8221;1\/3&#8243; css=&#8221;.vc_custom_1724928836365{padding-right: 0px !important;padding-left: 0px !important;}&#8221;][vc_single_image image=&#8221;368&#8243; img_size=&#8221;full&#8221; css=&#8221;.vc_custom_1725290467563{margin-bottom: 0px !important;}&#8221; el_class=&#8221;immaginesoffietto&#8221;][\/vc_column_inner][vc_column_inner width=&#8221;2\/3&#8243;][vc_column_text css=&#8221;.vc_custom_1727101201272{padding-top: 50px !important;padding-right: 60px !important;padding-bottom: 50px !important;padding-left: 60px !important;}&#8221;]<\/p>\n<h2>Eigenschaften<\/h2>\n<p>Die gesch\u00fctzte Ursprungsbezeichnung des Roccaverano K\u00e4ses bezieht sich auf einen Weichk\u00e4se, der aus roher Ziegenvollmilch hergestellt wird. Frisch oder gereift zeichnet er sich durch einen wei\u00dfen und weichen, mehr oder weniger kompakten Teig aus, dessen Geschmack von zart bis kr\u00e4ftig variiert.<\/p>\n<p>Die einzelnen Typen des Roccaverano K\u00e4se g.U., wie sie vermarktet werden, unterscheiden sich insbesondere durch die folgenden Merkmale:<\/p>\n<p>\u2022 Gereift: mit einer Mindestreifezeit von 10 Tagen, einer strohgelben oder r\u00f6tlichen Rinde mit nat\u00fcrlichem Schimmelpilzbefall, einer weichen und leicht kompakten Textur und einem kr\u00e4ftigen Geschmack;<\/p>\n<p>\u2022 Frisch: mit einer Reifezeit von mindestens 4 und h\u00f6chstens 10 Tagen, ohne Rinde oder mit leichter nat\u00fcrlicher Schimmelbildung, mit cremiger und weicher Textur und einem feinen, w\u00fcrzigen und leicht s\u00e4uerlichen Geschmack.[\/vc_column_text][\/vc_column_inner][\/vc_row_inner][vc_raw_html css=&#8221;&#8221;]JTNDYnV0dG9uJTIwaWQlM0QlMjJleHBhbmQtYnV0dG9uMiUyMiUzRSUyQiUzQyUyRmJ1dHRvbiUzRQ==[\/vc_raw_html][vc_raw_js]JTNDc2NyaXB0JTNFJTIwbGV0JTIwYnRuMiUyMCUzRCUyMGRvY3VtZW50LmdldEVsZW1lbnRCeUlkJTI4JTI3ZXhwYW5kLWJ1dHRvbjIlMjclMjklM0IlMEFsZXQlMjBib3hzaGFkb3dyMiUyMCUzRCUyMGRvY3VtZW50LmdldEVsZW1lbnRCeUlkJTI4JTI3Ym94c2hhZG93cjIlMjclMjklM0IlMEElMEFidG4yLmFkZEV2ZW50TGlzdGVuZXIlMjglMjdjbGljayUyNyUyQyUyMCUyOCUyOSUyMCUzRCUzRSUyMCU3QiUwQSUyMCUyMGJveHNoYWRvd3IyLmNsYXNzTGlzdC50b2dnbGUlMjglMjJleHBhbmRlZCUyMiUyOSUzQiUwQSUyMCUyMGNvbnN0JTIwZXhwYW5kZWQlMjAlM0QlMjBib3hzaGFkb3dyMi5jbGFzc0xpc3QuY29udGFpbnMlMjglMjJleHBhbmRlZCUyMiUyOSUzQiUwQSUyMCUyMGlmJTIwJTI4ZXhwYW5kZWQlMjklMjAlN0IlMEElMjAlMjAlMjAlMjBidG4yLmlubmVySFRNTCUyMCUzRCUyMCUyMi0lMjIlM0IlMEElMjAlMjAlMjAlMjBib3hzaGFkb3dyMi5zdHlsZS5vdmVyZmxvdyUyMCUzRCUyMCUyN3Njcm9sbCUyNyUzQiUwQSUyMCUyMCUyMCUyMGJveHNoYWRvd3IyLnN0eWxlLm92ZXJmbG93WCUyMCUzRCUyMCUyN2hpZGRlbiUyNyUzQiUwQSUyMCUyMCU3RCUyMGVsc2UlMjAlN0IlMEElMjAlMjAlMjAlMjBidG4yLmlubmVySFRNTCUyMCUzRCUyMCUyMiUyQiUyMiUzQiUwQSUyMCUyMCUyMCUyMGJveHNoYWRvd3IyLmNsYXNzTGlzdC5yZW1vdmUlMjglMjJleHBhbmRlZCUyMiUyOSUzQiUwQSUyMCUyMCU3RCUwQSU3RCUyOSUzQyUyRnNjcmlwdCUzRQ==[\/vc_raw_js][\/vc_column][\/vc_row][vc_row][vc_column][vc_empty_space][\/vc_column][\/vc_row][vc_row][vc_column][vc_column_text css=&#8221;&#8221;]<\/p>\n<p style=\"text-align: center;\"><span style=\"color: #beab9c;\">Weitere Informationen finden Sie auf den offiziellen Kan\u00e4len des Konsortiums.<\/span><\/p>\n<p>[\/vc_column_text][vc_row_inner el_class=&#8221;socialicons&#8221;][vc_column_inner]<div class=\"ult-just-icon-wrapper   vc_custom_1726480248775\"><div class=\"align-icon\" style=\"text-align:center;\">\n<a class=\"aio-tooltip 6a00672f1e9c9\" href=\"https:\/\/www.facebook.com\/robioladiroccaverano\/\" target=\"_blank\" rel=\"noopener\"  data-toggle=\"tooltip\" data-placement=\"\"><div class=\"aio-icon-img \" style=\"font-size:55px;display:inline-block;\" >\n\t<img decoding=\"async\" class=\"img-icon\" alt=\"null\" src=\"https:\/\/www.bornsustainable.eu\/wp-content\/uploads\/2024\/09\/FB2-ico.svg\"\/>\n<\/div><\/a><\/div><\/div><div class=\"ult-just-icon-wrapper  \"><div class=\"align-icon\" style=\"text-align:center;\">\n<a class=\"aio-tooltip 6a00672f1ed88\" href=\"https:\/\/www.instagram.com\/robiolaroccaverano\/\" target=\"_blank\" rel=\"noopener\"  data-toggle=\"tooltip\" data-placement=\"\"><div class=\"aio-icon-img \" style=\"font-size:55px;display:inline-block;\" >\n\t<img decoding=\"async\" class=\"img-icon\" alt=\"null\" src=\"https:\/\/www.bornsustainable.eu\/wp-content\/uploads\/2024\/09\/IG2-ico.svg\"\/>\n<\/div><\/a><\/div><\/div>[\/vc_column_inner][\/vc_row_inner][\/vc_column][\/vc_row]<\/p>\n<\/div>","protected":false},"excerpt":{"rendered":"<p>[vc_row][vc_column css=&#8221;.vc_custom_1724926063522{padding-right: 0px !important;padding-left: 0px !important;}&#8221; offset=&#8221;vc_hidden-sm vc_hidden-xs&#8221;][\/vc_column][\/vc_row][vc_row][vc_column css=&#8221;.vc_custom_1724926071659{padding-right: 0px !important;padding-left: 0px !important;}&#8221; offset=&#8221;vc_hidden-lg vc_hidden-md&#8221;][vc_single_image image=&#8221;356&#8243; img_size=&#8221;full&#8221; alignment=&#8221;center&#8221; css=&#8221;&#8221; el_class=&#8221;aperturamobile-int&#8221;][\/vc_column][\/vc_row][vc_row][vc_column css=&#8221;.vc_custom_1724926071659{padding-right: 0px !important;padding-left: 0px !important;}&#8221; offset=&#8221;vc_hidden-lg vc_hidden-md&#8221;][vc_column_text css=&#8221;&#8221;] Roccaverano: aus Liebe zum Land und zu unseren Tieren, ein K\u00e4se mit unverwechselbarem Geschmack, der nachhaltig ist. [\/vc_column_text][\/vc_column][\/vc_row][vc_row][vc_column][vc_empty_space][\/vc_column][\/vc_row][vc_row][vc_column][vc_row_inner el_class=&#8221;boxshadowr swapmobile&#8221; el_id=&#8221;boxshadowr&#8221;][vc_column_inner width=&#8221;1\/3&#8243; css=&#8221;.vc_custom_1724928836365{padding-right: 0px !important;padding-left: 0px !important;}&#8221;][vc_single_image &#8230; <a title=\"Roccaverano DOP\" class=\"read-more\" href=\"https:\/\/www.bornsustainable.eu\/de\/roccaverano-dop\/\" aria-label=\"Read more about Roccaverano DOP\">Weiterlesen &#8230;<\/a><\/p>\n","protected":false},"author":1,"featured_media":0,"parent":0,"menu_order":0,"comment_status":"closed","ping_status":"closed","template":"","meta":{"footnotes":""},"class_list":["post-837","page","type-page","status-publish"],"_links":{"self":[{"href":"https:\/\/www.bornsustainable.eu\/de\/wp-json\/wp\/v2\/pages\/837"}],"collection":[{"href":"https:\/\/www.bornsustainable.eu\/de\/wp-json\/wp\/v2\/pages"}],"about":[{"href":"https:\/\/www.bornsustainable.eu\/de\/wp-json\/wp\/v2\/types\/page"}],"author":[{"embeddable":true,"href":"https:\/\/www.bornsustainable.eu\/de\/wp-json\/wp\/v2\/users\/1"}],"replies":[{"embeddable":true,"href":"https:\/\/www.bornsustainable.eu\/de\/wp-json\/wp\/v2\/comments?post=837"}],"version-history":[{"count":3,"href":"https:\/\/www.bornsustainable.eu\/de\/wp-json\/wp\/v2\/pages\/837\/revisions"}],"predecessor-version":[{"id":868,"href":"https:\/\/www.bornsustainable.eu\/de\/wp-json\/wp\/v2\/pages\/837\/revisions\/868"}],"wp:attachment":[{"href":"https:\/\/www.bornsustainable.eu\/de\/wp-json\/wp\/v2\/media?parent=837"}],"curies":[{"name":"wp","href":"https:\/\/api.w.org\/{rel}","templated":true}]}}