{"id":822,"date":"2024-08-30T07:20:05","date_gmt":"2024-08-30T07:20:05","guid":{"rendered":"https:\/\/www.bornsustainable.eu\/marchi\/"},"modified":"2024-09-23T14:01:38","modified_gmt":"2024-09-23T14:01:38","slug":"guetesiegel","status":"publish","type":"page","link":"https:\/\/www.bornsustainable.eu\/de\/guetesiegel\/","title":{"rendered":"Europ\u00e4ische g\u00fctesiegel"},"content":{"rendered":"<div class=\"wpb-content-wrapper\"><p>[vc_row][vc_column offset=&#8221;vc_hidden-sm vc_hidden-xs&#8221; css=&#8221;.vc_custom_1725003653321{padding-right: 0px !important;padding-left: 0px !important;}&#8221;]\n\t\t\t\t<p class=\"rs-p-wp-fix\"><\/p>\n\t\t\t\t<sr7-module data-alias=\"marchi\" data-id=\"2\" id=\"SR7_2_1\" class=\"rs-ov-hidden\" data-version=\"6.7.18\">\n\t\t\t\t\t<sr7-adjuster><\/sr7-adjuster>\n\t\t\t\t\t<sr7-content>\n\t\t\t\t\t\t<sr7-slide id=\"SR7_2_1-27\" data-key=\"27\">\n\t\t\t\t\t\t\t<sr7-bg id=\"SR7_2_1-27-4\" class=\"sr7-layer\"><noscript><img decoding=\"async\" src=\"https:\/\/www.bornsustainable.eu\/wp-content\/uploads\/2024\/08\/marchi-head.jpg\" alt=\"\" title=\"marchi-head\"><\/noscript><\/sr7-bg>\n\t\t\t\t\t\t\t<sr7-txt id=\"SR7_2_1-27-0\" class=\"sr7-layer\">g.U. und g.g.A. :<\/sr7-txt>\n\t\t\t\t\t\t\t<sr7-txt id=\"SR7_2_1-27-1\" class=\"sr7-layer\">Die europ\u00e4ischen Qualit\u00e4tssiegel<\/sr7-txt>\n\t\t\t\t\t\t\t<sr7-txt id=\"SR7_2_1-27-2\" class=\"sr7-layer\">DOP e IGP :<\/sr7-txt>\n\t\t\t\t\t\t\t<sr7-txt id=\"SR7_2_1-27-3\" class=\"sr7-layer\">I marchi delle eccellenze europee<\/sr7-txt>\n\t\t\t\t\t\t<\/sr7-slide>\n\t\t\t\t\t\t<sr7-slide id=\"SR7_2_1-4\" data-key=\"4\">\n\t\t\t\t\t\t<\/sr7-slide>\n\t\t\t\t\t<\/sr7-content>\n\t\t\t\t\t<image_lists style=\"display:none\">\n\t\t\t\t\t\t<img data-src=\"\/\/www.bornsustainable.eu\/wp-content\/uploads\/2024\/08\/marchi-head.jpg\" data-libid=\"157\" data-lib=\"medialibrary\" title=\"marchi-head\" width=\"0\" height=\"0\" data-dbsrc=\"Ly93d3cuYm9ybnN1c3RhaW5hYmxlLmV1L3dwLWNvbnRlbnQvdXBsb2Fkcy8yMDI0LzA4L21hcmNoaS1oZWFkLmpwZw==\"\/>\n\t\t\t\t\t<\/image_lists>\n\t\t\t\t<\/sr7-module>\n\t\t\t\t<script>\n\t\t\t\t\tSR7.PMH ??={}; SR7.PMH[\"SR7_2_1\"] = {cn:0,state:false,fn: function() { if (_tpt!==undefined && _tpt.prepareModuleHeight !== undefined) {  _tpt.prepareModuleHeight({id:\"SR7_2_1\",el:[500,500,312,678,500],type:'standard',shdw:'0',gh:[500,500,312,237,146],gw:[1640,1640,1024,778,480],vpt:['100px'],size:{fullWidth:false, fullHeight:false},mh:'0',onh:0,onw:0,bg:{color:'{\"orig\":\"transparent\",\"type\":\"solid\",\"string\":\"transparent\"}'}});   SR7.PMH[\"SR7_2_1\"].state=true;} else if((SR7.PMH[\"SR7_2_1\"].cn++)<100)\tsetTimeout( SR7.PMH[\"SR7_2_1\"].fn,19);}};SR7.PMH[\"SR7_2_1\" ].fn();\n\t\t\t\t<\/script>\n[\/vc_column][\/vc_row][vc_row][vc_column css=&#8221;.vc_custom_1724926071659{padding-right: 0px !important;padding-left: 0px !important;}&#8221; offset=&#8221;vc_hidden-lg vc_hidden-md&#8221;][vc_single_image image=&#8221;161&#8243; img_size=&#8221;full&#8221; alignment=&#8221;center&#8221; css=&#8221;&#8221; el_class=&#8221;aperturamobile-int&#8221;][\/vc_column][\/vc_row][vc_row][vc_column css=&#8221;.vc_custom_1724926071659{padding-right: 0px !important;padding-left: 0px !important;}&#8221; offset=&#8221;vc_hidden-lg vc_hidden-md&#8221;][vc_column_text css=&#8221;&#8221;]<\/p>\n<h1 style=\"text-align: center;\"><strong>g.U. und g.g.A. :<\/strong><br \/>\nDie europ\u00e4ischen Qualit\u00e4tssiegel<\/h1>\n<p>[\/vc_column_text][\/vc_column][\/vc_row][vc_row][vc_column][vc_empty_space][\/vc_column][\/vc_row][vc_row gap=&#8221;35&#8243; equal_height=&#8221;yes&#8221; content_placement=&#8221;bottom&#8221;][vc_column width=&#8221;1\/2&#8243; css=&#8221;.vc_custom_1725003658344{padding-right: 0px !important;padding-left: 0px !important;}&#8221;][vc_single_image image=&#8221;212&#8243; img_size=&#8221;full&#8221; css=&#8221;&#8221; el_class=&#8221;img-radius&#8221;][\/vc_column][vc_column width=&#8221;1\/2&#8243;][vc_empty_space height=&#8221;60px&#8221; el_class=&#8221;hidemobile&#8221;][vc_column_text css=&#8221;&#8221;]Die EU-Siegel g.U. und g.g.A. stehen f\u00fcr die Vorz\u00fcglichkeit der europ\u00e4ischen Agrar- und Lebensmittelerzeugnisse, die mit ihrem geografischen Ursprung und ihren lokalen Traditionen verbunden sind. Auf der Grundlage strenger EU-Vorschriften garantieren diese Symbole die Authentizit\u00e4t und Qualit\u00e4t der Produkte und sch\u00fctzen gleichzeitig die Verbraucher.[\/vc_column_text][\/vc_column][\/vc_row][vc_row][vc_column][vc_empty_space height=&#8221;80px&#8221;][\/vc_column][\/vc_row][vc_row gap=&#8221;30&#8243; equal_height=&#8221;yes&#8221; content_placement=&#8221;middle&#8221; el_class=&#8221;row-shadow&#8221;][vc_column width=&#8221;1\/2&#8243;][vc_row_inner content_placement=&#8221;top&#8221; gap=&#8221;30&#8243;][vc_column_inner el_class=&#8221;colmarchi&#8221; width=&#8221;1\/3&#8243;][vc_single_image image=&#8221;219&#8243; img_size=&#8221;full&#8221; alignment=&#8221;center&#8221; css=&#8221;.vc_custom_1725003810892{padding-right: 5% !important;padding-left: 5% !important;}&#8221; el_class=&#8221;marchi&#8221;][\/vc_column_inner][vc_column_inner width=&#8221;2\/3&#8243;][vc_column_text css=&#8221;&#8221;]<strong>G.U. Siegel<br \/>\n<\/strong>Das G\u00fctesiegel g.U. garantiert, dass der gesamte Herstellungsprozess in einem bestimmten Gebiet stattfindet und die Besonderheiten der Natur erhalten bleiben.[\/vc_column_text][\/vc_column_inner][\/vc_row_inner][\/vc_column][vc_column width=&#8221;1\/2&#8243;][vc_row_inner content_placement=&#8221;top&#8221; gap=&#8221;30&#8243;][vc_column_inner el_class=&#8221;colmarchi&#8221; width=&#8221;1\/3&#8243;][vc_single_image image=&#8221;218&#8243; img_size=&#8221;full&#8221; alignment=&#8221;center&#8221; css=&#8221;.vc_custom_1725003732837{padding-right: 5% !important;padding-left: 5% !important;}&#8221; el_class=&#8221;marchi&#8221;][\/vc_column_inner][vc_column_inner width=&#8221;2\/3&#8243;][vc_column_text css=&#8221;&#8221;]<strong>G.G.A. Siegel<\/strong><br \/>\nDas g.g.A.-Siegel kennzeichnet Erzeugnisse aus einem bestimmten Gebiet, in dem mindestens ein Produktionsschritt stattfinden muss, wodurch das Erzeugnis mit seinem Ursprung in Verbindung gebracht wird.[\/vc_column_text][\/vc_column_inner][\/vc_row_inner][\/vc_column][\/vc_row][vc_row][vc_column][vc_empty_space height=&#8221;80px&#8221;][\/vc_column][\/vc_row][vc_row][vc_column][vc_column_text css=&#8221;&#8221;]<\/p>\n<p style=\"text-align: center;\">Die M\u00f6glichkeit, diese Siegel zu tragen, ist nur denjenigen Produkten vorbehalten, die durch ein von unabh\u00e4ngigen Stellen kontrolliertes Zertifizierungsverfahren eine untrennbare Verbindung zu ihrem Herkunftsgebiet nachweisen und dabei hohe Qualit\u00e4tsstandards einhalten. Dieses Qualifizierungssystem sch\u00fctzt nicht nur die Erzeuger vor unlauteren Praktiken, sondern wertet auch das europ\u00e4ische gastronomische Erbe auf und f\u00f6rdert seine Vielfalt und Einzigartigkeit weltweit.<\/p>\n<p>[\/vc_column_text][\/vc_column][\/vc_row]<\/p>\n<\/div>","protected":false},"excerpt":{"rendered":"<p>[vc_row][vc_column offset=&#8221;vc_hidden-sm vc_hidden-xs&#8221; css=&#8221;.vc_custom_1725003653321{padding-right: 0px !important;padding-left: 0px !important;}&#8221;][\/vc_column][\/vc_row][vc_row][vc_column css=&#8221;.vc_custom_1724926071659{padding-right: 0px !important;padding-left: 0px !important;}&#8221; offset=&#8221;vc_hidden-lg vc_hidden-md&#8221;][vc_single_image image=&#8221;161&#8243; img_size=&#8221;full&#8221; alignment=&#8221;center&#8221; css=&#8221;&#8221; el_class=&#8221;aperturamobile-int&#8221;][\/vc_column][\/vc_row][vc_row][vc_column css=&#8221;.vc_custom_1724926071659{padding-right: 0px !important;padding-left: 0px !important;}&#8221; offset=&#8221;vc_hidden-lg vc_hidden-md&#8221;][vc_column_text css=&#8221;&#8221;] g.U. und g.g.A. : Die europ\u00e4ischen Qualit\u00e4tssiegel [\/vc_column_text][\/vc_column][\/vc_row][vc_row][vc_column][vc_empty_space][\/vc_column][\/vc_row][vc_row gap=&#8221;35&#8243; equal_height=&#8221;yes&#8221; content_placement=&#8221;bottom&#8221;][vc_column width=&#8221;1\/2&#8243; css=&#8221;.vc_custom_1725003658344{padding-right: 0px !important;padding-left: 0px !important;}&#8221;][vc_single_image image=&#8221;212&#8243; img_size=&#8221;full&#8221; css=&#8221;&#8221; el_class=&#8221;img-radius&#8221;][\/vc_column][vc_column width=&#8221;1\/2&#8243;][vc_empty_space height=&#8221;60px&#8221; el_class=&#8221;hidemobile&#8221;][vc_column_text css=&#8221;&#8221;]Die EU-Siegel g.U. &#8230; <a title=\"Europ\u00e4ische g\u00fctesiegel\" class=\"read-more\" href=\"https:\/\/www.bornsustainable.eu\/de\/guetesiegel\/\" aria-label=\"Read more about Europ\u00e4ische g\u00fctesiegel\">Weiterlesen &#8230;<\/a><\/p>\n","protected":false},"author":1,"featured_media":0,"parent":0,"menu_order":0,"comment_status":"closed","ping_status":"closed","template":"","meta":{"footnotes":""},"class_list":["post-822","page","type-page","status-publish"],"_links":{"self":[{"href":"https:\/\/www.bornsustainable.eu\/de\/wp-json\/wp\/v2\/pages\/822"}],"collection":[{"href":"https:\/\/www.bornsustainable.eu\/de\/wp-json\/wp\/v2\/pages"}],"about":[{"href":"https:\/\/www.bornsustainable.eu\/de\/wp-json\/wp\/v2\/types\/page"}],"author":[{"embeddable":true,"href":"https:\/\/www.bornsustainable.eu\/de\/wp-json\/wp\/v2\/users\/1"}],"replies":[{"embeddable":true,"href":"https:\/\/www.bornsustainable.eu\/de\/wp-json\/wp\/v2\/comments?post=822"}],"version-history":[{"count":5,"href":"https:\/\/www.bornsustainable.eu\/de\/wp-json\/wp\/v2\/pages\/822\/revisions"}],"predecessor-version":[{"id":827,"href":"https:\/\/www.bornsustainable.eu\/de\/wp-json\/wp\/v2\/pages\/822\/revisions\/827"}],"wp:attachment":[{"href":"https:\/\/www.bornsustainable.eu\/de\/wp-json\/wp\/v2\/media?parent=822"}],"curies":[{"name":"wp","href":"https:\/\/api.w.org\/{rel}","templated":true}]}}