{"id":810,"date":"2024-09-02T08:05:06","date_gmt":"2024-09-02T08:05:06","guid":{"rendered":"https:\/\/www.bornsustainable.eu\/consorzio-tutela-conegliano-valdobbiadene-prosecco-docg\/"},"modified":"2024-11-06T08:14:09","modified_gmt":"2024-11-06T08:14:09","slug":"consorzio-tutela-conegliano-valdobbiadene-prosecco-docg","status":"publish","type":"page","link":"https:\/\/www.bornsustainable.eu\/da\/consorzio-tutela-conegliano-valdobbiadene-prosecco-docg\/","title":{"rendered":"Consorzio di Tutela del Conegliano Valdobbiadene Prosecco DOCG"},"content":{"rendered":"<div class=\"wpb-content-wrapper\"><p>[vc_row][vc_column css=&#8221;.vc_custom_1724926063522{padding-right: 0px !important;padding-left: 0px !important;}&#8221; offset=&#8221;vc_hidden-sm vc_hidden-xs&#8221;]\n\t\t\t\t<p class=\"rs-p-wp-fix\"><\/p>\n\t\t\t\t<sr7-module data-alias=\"prosecco\" data-id=\"5\" id=\"SR7_5_1\" class=\"rs-ov-hidden\" data-version=\"6.7.18\">\n\t\t\t\t\t<sr7-adjuster><\/sr7-adjuster>\n\t\t\t\t\t<sr7-content>\n\t\t\t\t\t\t<sr7-slide id=\"SR7_5_1-24\" data-key=\"24\">\n\t\t\t\t\t\t\t<sr7-bg id=\"SR7_5_1-24-2\" class=\"sr7-layer\"><noscript><img decoding=\"async\" src=\"https:\/\/www.bornsustainable.eu\/wp-content\/uploads\/2024\/09\/prosecco-head.jpg\" alt=\"\" title=\"prosecco-head\"><\/noscript><\/sr7-bg>\n\t\t\t\t\t\t\t<sr7-txt id=\"SR7_5_1-24-0\" class=\"sr7-layer\">Conegliano Valdobbiadene: stedet med de b\u00f8lgende bakker, hvor den unikke Prosecco Superiore DOCG stammer fra. <\/sr7-txt>\n\t\t\t\t\t\t\t<sr7-txt id=\"SR7_5_1-24-1\" class=\"sr7-layer\">Og produceret med fokus p\u00e5 b\u00e6redygtighed.<\/sr7-txt>\n\t\t\t\t\t\t<\/sr7-slide>\n\t\t\t\t\t\t<sr7-slide id=\"SR7_5_1-10\" data-key=\"10\">\n\t\t\t\t\t\t<\/sr7-slide>\n\t\t\t\t\t<\/sr7-content>\n\t\t\t\t\t<image_lists style=\"display:none\">\n\t\t\t\t\t\t<img data-src=\"\/\/www.bornsustainable.eu\/wp-content\/uploads\/2024\/09\/prosecco-head.jpg\" data-libid=\"357\" data-lib=\"medialibrary\" title=\"prosecco-head\" width=\"0\" height=\"0\" data-dbsrc=\"Ly93d3cuYm9ybnN1c3RhaW5hYmxlLmV1L3dwLWNvbnRlbnQvdXBsb2Fkcy8yMDI0LzA5L3Byb3NlY2NvLWhlYWQuanBn\"\/>\n\t\t\t\t\t<\/image_lists>\n\t\t\t\t<\/sr7-module>\n\t\t\t\t<script>\n\t\t\t\t\tSR7.PMH ??={}; SR7.PMH[\"SR7_5_1\"] = {cn:0,state:false,fn: function() { if (_tpt!==undefined && _tpt.prepareModuleHeight !== undefined) {  _tpt.prepareModuleHeight({id:\"SR7_5_1\",el:[500,500,312,678,500],type:'standard',shdw:'0',gh:[500,500,312,237,146],gw:[1640,1640,1024,778,480],vpt:['100px'],size:{fullWidth:false, fullHeight:false},mh:'0',onh:0,onw:0,bg:{color:'{\"orig\":\"transparent\",\"type\":\"solid\",\"string\":\"transparent\"}'}});   SR7.PMH[\"SR7_5_1\"].state=true;} else if((SR7.PMH[\"SR7_5_1\"].cn++)<100)\tsetTimeout( SR7.PMH[\"SR7_5_1\"].fn,19);}};SR7.PMH[\"SR7_5_1\" ].fn();\n\t\t\t\t<\/script>\n[\/vc_column][\/vc_row][vc_row][vc_column css=&#8221;.vc_custom_1724926071659{padding-right: 0px !important;padding-left: 0px !important;}&#8221; offset=&#8221;vc_hidden-lg vc_hidden-md&#8221;][vc_single_image image=&#8221;354&#8243; img_size=&#8221;full&#8221; alignment=&#8221;center&#8221; css=&#8221;&#8221; el_class=&#8221;aperturamobile-int&#8221;][\/vc_column][\/vc_row][vc_row][vc_column css=&#8221;.vc_custom_1724926071659{padding-right: 0px !important;padding-left: 0px !important;}&#8221; offset=&#8221;vc_hidden-lg vc_hidden-md&#8221;][vc_column_text css=&#8221;&#8221;]<\/p>\n<h1 style=\"text-align: center;\">Conegliano Valdobbiadene: stedet med de b\u00f8lgende bakker, hvor den unikke Prosecco Superiore DOCG stammer fra.<br \/>\n<strong>Og produceret med fokus p\u00e5 b\u00e6redygtighed.<\/strong><\/h1>\n<p>[\/vc_column_text][\/vc_column][\/vc_row][vc_row][vc_column][vc_empty_space][\/vc_column][\/vc_row][vc_row][vc_column][vc_row_inner el_class=&#8221;boxshadowr swapmobile&#8221; el_id=&#8221;boxshadowr&#8221;][vc_column_inner width=&#8221;1\/3&#8243; css=&#8221;.vc_custom_1724928836365{padding-right: 0px !important;padding-left: 0px !important;}&#8221;][vc_single_image image=&#8221;373&#8243; img_size=&#8221;full&#8221; css=&#8221;.vc_custom_1725290769047{margin-bottom: 0px !important;}&#8221; el_class=&#8221;immaginesoffietto&#8221;][\/vc_column_inner][vc_column_inner width=&#8221;2\/3&#8243;][vc_column_text css=&#8221;.vc_custom_1730880849922{padding-top: 50px !important;padding-right: 60px !important;padding-bottom: 50px !important;padding-left: 60px !important;}&#8221;]<\/p>\n<h2>Historie <img loading=\"lazy\" decoding=\"async\" class=\"alignright wp-image-376\" src=\"https:\/\/www.bornsustainable.eu\/wp-content\/uploads\/2024\/09\/prosecco-logo.jpg\" alt=\"\" width=\"150\" height=\"188\" \/><\/h2>\n<p>11 producenter fra de st\u00f8rste mousserende vinhuse og vinavlerkooperativer gik I 1962 sammen for at danne et konsortium for at beskytte Prosecco Conegliano Valdobbiadene. M\u00e5let var at lave en produktionsspecifikation for at beskytte vinens kvalitet og image. I 1969 anerkendte landbrugsministeriet Conegliano og Valdobbiadene som et DOC-omr\u00e5de til produktion af Prosecco og Superiore di Cartizze. Det blev den f\u00f8rste officielle forordning vedr\u00f8rende produktionen af \u200b\u200bProsecco. I 2009, da Prosecco-betegnelserne gennemgik en omorganisering, blev Conegliano Valdobbiadene Prosecco klassificeret som Denominazione di Origine Controllata e Garantita (DOCG), det h\u00f8jeste italienske kvalitetsniveau, der kan overs\u00e6ttes til beskyttet og garanteret oprindelsesbetegnelse.<\/p>\n<p>I dag er konsortiet en privat sammenslutning af almen interesse, der omfatter b\u00e5de vinb\u00f8nder, vinproducenter og tappere. Dets hovedaktiviteter best\u00e5r af producentst\u00f8tte, forbrugerbeskyttelse, milj\u00f8beskyttelse og markedsf\u00f8ring af Conegliano Valdobbiadene Prosecco Superiore DOCG i Italien og p\u00e5 eksportmarkederne. Konsortiet arbejder for at fremme udviklingen af \u200b\u200bConegliano Valdobbiadene Prosecco-m\u00e6rkningen, med fokus p\u00e5 milj\u00f8m\u00e6ssig b\u00e6redygtighed, styrkelse af omr\u00e5dets historie og bevaring af vinenes h\u00f8je kvalitet.[\/vc_column_text][\/vc_column_inner][\/vc_row_inner][vc_raw_html css=&#8221;&#8221;]JTNDYnV0dG9uJTIwaWQlM0QlMjJleHBhbmQtYnV0dG9uJTIyJTNFJTJCJTNDJTJGYnV0dG9uJTNF[\/vc_raw_html][vc_raw_js]JTNDc2NyaXB0JTNFJTIwbGV0JTIwYnRuJTIwJTNEJTIwZG9jdW1lbnQuZ2V0RWxlbWVudEJ5SWQlMjglMjdleHBhbmQtYnV0dG9uJTI3JTI5JTNCJTBBbGV0JTIwYm94c2hhZG93ciUyMCUzRCUyMGRvY3VtZW50LmdldEVsZW1lbnRCeUlkJTI4JTI3Ym94c2hhZG93ciUyNyUyOSUzQiUwQSUwQWJ0bi5hZGRFdmVudExpc3RlbmVyJTI4JTI3Y2xpY2slMjclMkMlMjAlMjglMjklMjAlM0QlM0UlMjAlN0IlMEElMjAlMjBib3hzaGFkb3dyLmNsYXNzTGlzdC50b2dnbGUlMjglMjJleHBhbmRlZCUyMiUyOSUzQiUwQSUyMCUyMGNvbnN0JTIwZXhwYW5kZWQlMjAlM0QlMjBib3hzaGFkb3dyLmNsYXNzTGlzdC5jb250YWlucyUyOCUyMmV4cGFuZGVkJTIyJTI5JTNCJTBBJTIwJTIwaWYlMjAlMjhleHBhbmRlZCUyOSUyMCU3QiUwQSUyMCUyMCUyMCUyMGJ0bi5pbm5lckhUTUwlMjAlM0QlMjAlMjItJTIyJTNCJTBBJTIwJTIwJTIwJTIwYm94c2hhZG93ci5zdHlsZS5vdmVyZmxvdyUyMCUzRCUyMCUyN3Njcm9sbCUyNyUzQiUwQSUyMCUyMCUyMCUyMGJveHNoYWRvd3Iuc3R5bGUub3ZlcmZsb3dYJTIwJTNEJTIwJTI3aGlkZGVuJTI3JTNCJTBBJTIwJTIwJTdEJTIwZWxzZSUyMCU3QiUwQSUyMCUyMCUyMCUyMGJ0bi5pbm5lckhUTUwlMjAlM0QlMjAlMjIlMkIlMjIlM0IlMEElMjAlMjAlMjAlMjBib3hzaGFkb3dyLmNsYXNzTGlzdC5yZW1vdmUlMjglMjJleHBhbmRlZCUyMiUyOSUzQiUwQSUyMCUyMCU3RCUwQSU3RCUyOSUzQyUyRnNjcmlwdCUzRQ==[\/vc_raw_js][\/vc_column][\/vc_row][vc_row][vc_column][vc_row_inner el_class=&#8221;boxshadowr&#8221; el_id=&#8221;boxshadowl&#8221;][vc_column_inner width=&#8221;2\/3&#8243;][vc_column_text css=&#8221;.vc_custom_1730880742055{padding-top: 50px !important;padding-right: 60px !important;padding-bottom: 50px !important;padding-left: 60px !important;}&#8221;]<\/p>\n<h2>Omr\u00e5det<\/h2>\n<p>Conegliano Valdobbiadene-omr\u00e5det str\u00e6kker sig over et areal p\u00e5 omkring 8700 hektar p\u00e5 et kuperet terr\u00e6n 50 km fra Venedig og omkring 100 km fra Dolomitterne. Det ligger i 15 kommuner i provinsen Treviso, Veneto. Her har man dyrket vin i umindelige tider, men f\u00f8rst i 1772 finder man det f\u00f8rste skriftlige vidneudsagn, der forbinder Prosecco med omr\u00e5det. Det historiske produktionsomr\u00e5de har v\u00e6ret begr\u00e6nset til 15 kommuner siden det blev anerkendt som et DOC i 1969, To af disse har givet omr\u00e5det sit navn: Conegliano og Valdobbiadene, f\u00f8rstn\u00e6vnte er omr\u00e5dets kulturelle hovedstad og sidstn\u00e6vnte hjertet af produktionen. Et helt specielt mikroklima mellem havet og pr\u00e6alperne giver et tempereret klima med en \u00e5rlig gennemsnitstemperatur p\u00e5 12,3\u00b0C og en konstant brise, s\u00e5 druerne t\u00f8rrer hurtigt efter regnbyger<\/p>\n<p>Bakkerne str\u00e6kker sig fra \u00f8st til vest med solrige sydlige skr\u00e5ninger perfekte til vindyrkning og skovkl\u00e6dte nordlige skr\u00e5ninger. H\u00f8jden varierer fra 100 til 500 m, hvilket giver et ideelt temperaturomr\u00e5de<br \/>\nfor god aromatisk udvikling af druer. I mere end tre hundrede \u00e5r har Glera-druesorten fundet ideelle v\u00e6kstbetingelser p\u00e5 disse bakker.<\/p>\n<p>I 2008 blev der s\u00f8sat et projekt for at f\u00e5 anerkendt landskabet i Conegliano Valdobbiadene som UNESCOs verdensarv. Vinomr\u00e5det er et sandt kulturlandskab, hvor vinbondens arbejde har bidraget til at skabe et unikt landskab, der kulminerede med opn\u00e5else af \u200b\u200btitlen i 2019.[\/vc_column_text][\/vc_column_inner][vc_column_inner width=&#8221;1\/3&#8243; css=&#8221;.vc_custom_1724928829713{padding-right: 0px !important;padding-left: 0px !important;}&#8221;][vc_single_image image=&#8221;374&#8243; img_size=&#8221;full&#8221; css=&#8221;.vc_custom_1725290774241{margin-bottom: 0px !important;}&#8221; el_class=&#8221;immaginesoffietto-r&#8221;][\/vc_column_inner][\/vc_row_inner][vc_raw_html css=&#8221;&#8221;]JTNDYnV0dG9uJTIwaWQlM0QlMjJleHBhbmQtYnV0dG9uLWxlZnQlMjIlM0UlMkIlM0MlMkZidXR0b24lM0U=[\/vc_raw_html][vc_raw_js]JTNDc2NyaXB0JTNFJTIwbGV0JTIwYnRubGVmdCUyMCUzRCUyMGRvY3VtZW50LmdldEVsZW1lbnRCeUlkJTI4JTI3ZXhwYW5kLWJ1dHRvbi1sZWZ0JTI3JTI5JTNCJTBBbGV0JTIwYm94c2hhZG93bCUyMCUzRCUyMGRvY3VtZW50LmdldEVsZW1lbnRCeUlkJTI4JTI3Ym94c2hhZG93bCUyNyUyOSUzQiUwQSUwQWJ0bmxlZnQuYWRkRXZlbnRMaXN0ZW5lciUyOCUyN2NsaWNrJTI3JTJDJTIwJTI4JTI5JTIwJTNEJTNFJTIwJTdCJTBBJTIwJTIwYm94c2hhZG93bC5jbGFzc0xpc3QudG9nZ2xlJTI4JTIyZXhwYW5kZWQlMjIlMjklM0IlMEElMjAlMjBjb25zdCUyMGV4cGFuZGVkJTIwJTNEJTIwYm94c2hhZG93bC5jbGFzc0xpc3QuY29udGFpbnMlMjglMjJleHBhbmRlZCUyMiUyOSUzQiUwQSUyMCUyMGlmJTIwJTI4ZXhwYW5kZWQlMjklMjAlN0IlMEElMjAlMjAlMjAlMjBidG5sZWZ0LmlubmVySFRNTCUyMCUzRCUyMCUyMi0lMjIlM0IlMEElMjAlMjAlMjAlMjBib3hzaGFkb3dsLnN0eWxlLm92ZXJmbG93JTIwJTNEJTIwJTI3c2Nyb2xsJTI3JTNCJTBBJTIwJTIwJTIwJTIwYm94c2hhZG93bC5zdHlsZS5vdmVyZmxvd1glMjAlM0QlMjAlMjdoaWRkZW4lMjclM0IlMEElMjAlMjAlN0QlMjBlbHNlJTIwJTdCJTBBJTIwJTIwJTIwJTIwYnRubGVmdC5pbm5lckhUTUwlMjAlM0QlMjAlMjIlMkIlMjIlM0IlMEElMjAlMjAlMjAlMjBib3hzaGFkb3dsLmNsYXNzTGlzdC5yZW1vdmUlMjglMjJleHBhbmRlZCUyMiUyOSUzQiUwQSUyMCUyMCU3RCUwQSU3RCUyOSUzQyUyRnNjcmlwdCUzRQ==[\/vc_raw_js][\/vc_column][\/vc_row][vc_row][vc_column][vc_row_inner el_class=&#8221;boxshadowr swapmobile&#8221; el_id=&#8221;boxshadowr2&#8243;][vc_column_inner width=&#8221;1\/3&#8243; css=&#8221;.vc_custom_1724928836365{padding-right: 0px !important;padding-left: 0px !important;}&#8221;][vc_single_image image=&#8221;375&#8243; img_size=&#8221;full&#8221; css=&#8221;.vc_custom_1725290780186{margin-bottom: 0px !important;}&#8221; el_class=&#8221;immaginesoffietto&#8221;][\/vc_column_inner][vc_column_inner width=&#8221;2\/3&#8243;][vc_column_text css=&#8221;.vc_custom_1730880833258{padding-top: 50px !important;padding-right: 60px !important;padding-bottom: 50px !important;padding-left: 60px !important;}&#8221;]<\/p>\n<h2>Karaktertr\u00e6k<\/h2>\n<p>Conegliano Valdobbiadene Prosecco Superiore DOCG er en italiensk mousserende vin med livlig elegance og frug- og blomsterduft. Den f\u00e5s i f\u00f8lgende varianter:<\/p>\n<p>\u2022 Conegliano Valdobbiadene Prosecco Superiore DOCG: Conegliano Valdobbiadene Prosecco Superiore er en DOCG mousserende vin produceret udelukkende p\u00e5 bakkerne i Conegliano Valdobbiadene. Den er produceret af druesorten Glera, som dyrkes i appellationens 15 kommuner.<\/p>\n<p>\u2022 Conegliano Valdobbiadene Prosecco Superiore DOCG Rive: I lokalsproget refererer udtrykket &#8220;Rive&#8221; til skr\u00e5ningerne af de stejle bakker, der karakteriserer omr\u00e5det. Rive-vinene er lavet med druer dyrket p\u00e5 de stejleste skr\u00e5ninger p\u00e5 udvalgte vinmarker i en enkelt kommune eller del af kommunen. Her forst\u00e6rkes vinens egenskaber yderligere af landskabets specielle karakter. Der er 43 forskellige h\u00f8jdedrag, som alle giver forskellige udtryk for stedets jorde, eksponering og mikroklima.<\/p>\n<p>\u2022 Valdobbiadene Superiore di Cartizze DOCG: Valdobbiadene Superiore di Cartizze har den allerh\u00f8jeste kvalitet af betegnelsen. De kommer fra en underzone, som siden 1969 best\u00e5r af vinmarker med et samlet areal p\u00e5 kun 107 hektar. De ligger mellem de stejleste bakker i San Pietro di Barbozza, Santo Stefano og Saccol, i kommunen Valdobbiadene. Omr\u00e5det byder p\u00e5 en perfekt kombination af mikroklima og gamle jorde. Vinene herfra har en kompleks duft, der minder om \u00e6ble, p\u00e6re, citrusfrugter, fersken og abrikos, med et strejf af roser, og en meget fin eftersmag af mandler. Smagen er harmonisk og elegant, med en betydelig bl\u00f8dhed og friskhed og underst\u00f8ttes af lette, fine bobler.<\/p>\n<p>\u2022 Conegliano Valdobbiadene Prosecco Superiore DOCG sui lieviti: : Dette er navnet p\u00e5 den traditionelle flaskeg\u00e6rede Conegliano Valdobbiadene Prosecco, ogs\u00e5 kaldet &#8220;col fondo&#8221; eller &#8220;sur lie&#8221; p\u00e5 den lokale dialekt. Det var den f\u00f8rste version med bobler produceret p\u00e5 disse bakker. De g\u00e6rtyper, der giver typen dens navn, er dem, der falder til bunds i \u200b\u200bflasken, n\u00e5r flaskeg\u00e6ringen er slut, efter den traditionelle fremstillingsmetode for mousservende vine. Denne type mousserende vin er meget eftertragtet af nutidens forbrugere.[\/vc_column_text][\/vc_column_inner][\/vc_row_inner][vc_raw_html css=&#8221;&#8221;]JTNDYnV0dG9uJTIwaWQlM0QlMjJleHBhbmQtYnV0dG9uMiUyMiUzRSUyQiUzQyUyRmJ1dHRvbiUzRQ==[\/vc_raw_html][vc_raw_js]JTNDc2NyaXB0JTNFJTIwbGV0JTIwYnRuMiUyMCUzRCUyMGRvY3VtZW50LmdldEVsZW1lbnRCeUlkJTI4JTI3ZXhwYW5kLWJ1dHRvbjIlMjclMjklM0IlMEFsZXQlMjBib3hzaGFkb3dyMiUyMCUzRCUyMGRvY3VtZW50LmdldEVsZW1lbnRCeUlkJTI4JTI3Ym94c2hhZG93cjIlMjclMjklM0IlMEElMEFidG4yLmFkZEV2ZW50TGlzdGVuZXIlMjglMjdjbGljayUyNyUyQyUyMCUyOCUyOSUyMCUzRCUzRSUyMCU3QiUwQSUyMCUyMGJveHNoYWRvd3IyLmNsYXNzTGlzdC50b2dnbGUlMjglMjJleHBhbmRlZCUyMiUyOSUzQiUwQSUyMCUyMGNvbnN0JTIwZXhwYW5kZWQlMjAlM0QlMjBib3hzaGFkb3dyMi5jbGFzc0xpc3QuY29udGFpbnMlMjglMjJleHBhbmRlZCUyMiUyOSUzQiUwQSUyMCUyMGlmJTIwJTI4ZXhwYW5kZWQlMjklMjAlN0IlMEElMjAlMjAlMjAlMjBidG4yLmlubmVySFRNTCUyMCUzRCUyMCUyMi0lMjIlM0IlMEElMjAlMjAlMjAlMjBib3hzaGFkb3dyMi5zdHlsZS5vdmVyZmxvdyUyMCUzRCUyMCUyN3Njcm9sbCUyNyUzQiUwQSUyMCUyMCUyMCUyMGJveHNoYWRvd3IyLnN0eWxlLm92ZXJmbG93WCUyMCUzRCUyMCUyN2hpZGRlbiUyNyUzQiUwQSUyMCUyMCU3RCUyMGVsc2UlMjAlN0IlMEElMjAlMjAlMjAlMjBidG4yLmlubmVySFRNTCUyMCUzRCUyMCUyMiUyQiUyMiUzQiUwQSUyMCUyMCUyMCUyMGJveHNoYWRvd3IyLmNsYXNzTGlzdC5yZW1vdmUlMjglMjJleHBhbmRlZCUyMiUyOSUzQiUwQSUyMCUyMCU3RCUwQSU3RCUyOSUzQyUyRnNjcmlwdCUzRQ==[\/vc_raw_js][\/vc_column][\/vc_row][vc_row][vc_column][vc_empty_space][\/vc_column][\/vc_row][vc_row][vc_column][vc_column_text css=&#8221;&#8221;]<\/p>\n<p style=\"text-align: center;\"><span style=\"color: #95c120;\">For yderligere information henvises til konsortiets officielle kanaler.<\/span><\/p>\n<p>[\/vc_column_text][vc_row_inner el_class=&#8221;socialicons&#8221;][vc_column_inner]<div class=\"ult-just-icon-wrapper   vc_custom_1726479646625\"><div class=\"align-icon\" style=\"text-align:center;\">\n<a class=\"aio-tooltip 6a0068412a764\" href=\"https:\/\/www.facebook.com\/ConeglianoValdobbiadeneProseccoDOCG\/\" target=\"_blank\" rel=\"noopener\"  data-toggle=\"tooltip\" data-placement=\"\"><div class=\"aio-icon-img \" style=\"font-size:55px;display:inline-block;\" >\n\t<img decoding=\"async\" class=\"img-icon\" alt=\"null\" src=\"https:\/\/www.bornsustainable.eu\/wp-content\/uploads\/2024\/09\/FB3-ico.svg\"\/>\n<\/div><\/a><\/div><\/div><div class=\"ult-just-icon-wrapper   vc_custom_1726479731400\"><div class=\"align-icon\" style=\"text-align:center;\">\n<a class=\"aio-tooltip 6a0068412aa9e\" href=\"https:\/\/instagram.com\/proseccocv\/\" target=\"_blank\" rel=\"noopener\"  data-toggle=\"tooltip\" data-placement=\"\"><div class=\"aio-icon-img \" style=\"font-size:55px;display:inline-block;\" >\n\t<img decoding=\"async\" class=\"img-icon\" alt=\"null\" src=\"https:\/\/www.bornsustainable.eu\/wp-content\/uploads\/2024\/09\/IG3-ico.svg\"\/>\n<\/div><\/a><\/div><\/div>[vc_icon icon_fontawesome=&#8221;fab fa-twitter&#8221; color=&#8221;custom&#8221; size=&#8221;lg&#8221; css=&#8221;.vc_custom_1726480134744{padding-right: 15px !important;}&#8221; custom_color=&#8221;#95c120&#8243; link=&#8221;url:https%3A%2F%2Ftwitter.com%2FProseccoCV|target:_blank&#8221;][vc_icon icon_fontawesome=&#8221;fab fa-pinterest&#8221; color=&#8221;custom&#8221; size=&#8221;lg&#8221; css=&#8221;.vc_custom_1726480149008{padding-right: 15px !important;}&#8221; custom_color=&#8221;#95c120&#8243; link=&#8221;url:https%3A%2F%2Fwww.pinterest.com%2Fproseccoacademy%2F|target:_blank&#8221;][vc_icon icon_fontawesome=&#8221;fab fa-youtube&#8221; color=&#8221;custom&#8221; size=&#8221;lg&#8221; css=&#8221;.vc_custom_1726480199922{padding-right: 15px !important;}&#8221; custom_color=&#8221;#95c120&#8243; link=&#8221;url:https%3A%2F%2Fwww.youtube.com%2Fuser%2FProseccoSuperiore|target:_blank&#8221;][vc_icon icon_fontawesome=&#8221;fab fa-flickr&#8221; color=&#8221;custom&#8221; size=&#8221;lg&#8221; css=&#8221;&#8221; custom_color=&#8221;#95c120&#8243; link=&#8221;url:https%3A%2F%2Fwww.flickr.com%2Fphotos%2Fconeglianovaldobbiadeneproseccosuperiore|target:_blank&#8221;][\/vc_column_inner][\/vc_row_inner][\/vc_column][\/vc_row]<\/p>\n<\/div>","protected":false},"excerpt":{"rendered":"<p>[vc_row][vc_column css=&#8221;.vc_custom_1724926063522{padding-right: 0px !important;padding-left: 0px !important;}&#8221; offset=&#8221;vc_hidden-sm vc_hidden-xs&#8221;][\/vc_column][\/vc_row][vc_row][vc_column css=&#8221;.vc_custom_1724926071659{padding-right: 0px !important;padding-left: 0px !important;}&#8221; offset=&#8221;vc_hidden-lg vc_hidden-md&#8221;][vc_single_image image=&#8221;354&#8243; img_size=&#8221;full&#8221; alignment=&#8221;center&#8221; css=&#8221;&#8221; el_class=&#8221;aperturamobile-int&#8221;][\/vc_column][\/vc_row][vc_row][vc_column css=&#8221;.vc_custom_1724926071659{padding-right: 0px !important;padding-left: 0px !important;}&#8221; offset=&#8221;vc_hidden-lg vc_hidden-md&#8221;][vc_column_text css=&#8221;&#8221;] Conegliano Valdobbiadene: stedet med de b\u00f8lgende bakker, hvor den unikke Prosecco Superiore DOCG stammer fra. Og produceret med fokus p\u00e5 b\u00e6redygtighed. [\/vc_column_text][\/vc_column][\/vc_row][vc_row][vc_column][vc_empty_space][\/vc_column][\/vc_row][vc_row][vc_column][vc_row_inner el_class=&#8221;boxshadowr swapmobile&#8221; el_id=&#8221;boxshadowr&#8221;][vc_column_inner width=&#8221;1\/3&#8243; css=&#8221;.vc_custom_1724928836365{padding-right: &#8230; <a title=\"Consorzio di Tutela del Conegliano Valdobbiadene Prosecco DOCG\" class=\"read-more\" href=\"https:\/\/www.bornsustainable.eu\/da\/consorzio-tutela-conegliano-valdobbiadene-prosecco-docg\/\" aria-label=\"Read more about Consorzio di Tutela del Conegliano Valdobbiadene Prosecco DOCG\">L\u00e6s Mere<\/a><\/p>\n","protected":false},"author":1,"featured_media":0,"parent":0,"menu_order":0,"comment_status":"closed","ping_status":"closed","template":"","meta":{"footnotes":""},"class_list":["post-810","page","type-page","status-publish"],"_links":{"self":[{"href":"https:\/\/www.bornsustainable.eu\/da\/wp-json\/wp\/v2\/pages\/810"}],"collection":[{"href":"https:\/\/www.bornsustainable.eu\/da\/wp-json\/wp\/v2\/pages"}],"about":[{"href":"https:\/\/www.bornsustainable.eu\/da\/wp-json\/wp\/v2\/types\/page"}],"author":[{"embeddable":true,"href":"https:\/\/www.bornsustainable.eu\/da\/wp-json\/wp\/v2\/users\/1"}],"replies":[{"embeddable":true,"href":"https:\/\/www.bornsustainable.eu\/da\/wp-json\/wp\/v2\/comments?post=810"}],"version-history":[{"count":6,"href":"https:\/\/www.bornsustainable.eu\/da\/wp-json\/wp\/v2\/pages\/810\/revisions"}],"predecessor-version":[{"id":1016,"href":"https:\/\/www.bornsustainable.eu\/da\/wp-json\/wp\/v2\/pages\/810\/revisions\/1016"}],"wp:attachment":[{"href":"https:\/\/www.bornsustainable.eu\/da\/wp-json\/wp\/v2\/media?parent=810"}],"curies":[{"name":"wp","href":"https:\/\/api.w.org\/{rel}","templated":true}]}}