{"id":791,"date":"2024-08-30T07:20:05","date_gmt":"2024-08-30T07:20:05","guid":{"rendered":"https:\/\/www.bornsustainable.eu\/marchi\/"},"modified":"2024-09-23T10:38:16","modified_gmt":"2024-09-23T10:38:16","slug":"maerkninger","status":"publish","type":"page","link":"https:\/\/www.bornsustainable.eu\/da\/maerkninger\/","title":{"rendered":"M\u00e6rkninger"},"content":{"rendered":"<div class=\"wpb-content-wrapper\"><p>[vc_row][vc_column offset=&#8221;vc_hidden-sm vc_hidden-xs&#8221; css=&#8221;.vc_custom_1725003653321{padding-right: 0px !important;padding-left: 0px !important;}&#8221;]\n\t\t\t\t<p class=\"rs-p-wp-fix\"><\/p>\n\t\t\t\t<sr7-module data-alias=\"marchi\" data-id=\"2\" id=\"SR7_2_1\" class=\"rs-ov-hidden\" data-version=\"6.7.18\">\n\t\t\t\t\t<sr7-adjuster><\/sr7-adjuster>\n\t\t\t\t\t<sr7-content>\n\t\t\t\t\t\t<sr7-slide id=\"SR7_2_1-20\" data-key=\"20\">\n\t\t\t\t\t\t\t<sr7-bg id=\"SR7_2_1-20-4\" class=\"sr7-layer\"><noscript><img decoding=\"async\" src=\"https:\/\/www.bornsustainable.eu\/wp-content\/uploads\/2024\/08\/marchi-head.jpg\" alt=\"\" title=\"marchi-head\"><\/noscript><\/sr7-bg>\n\t\t\t\t\t\t\t<sr7-txt id=\"SR7_2_1-20-0\" class=\"sr7-layer\">BOB og PGI :<\/sr7-txt>\n\t\t\t\t\t\t\t<sr7-txt id=\"SR7_2_1-20-1\" class=\"sr7-layer\">M\u00e6rkninger, der st\u00e5r for europ\u00e6isk ekspertise<\/sr7-txt>\n\t\t\t\t\t\t\t<sr7-txt id=\"SR7_2_1-20-2\" class=\"sr7-layer\">DOP e IGP :<\/sr7-txt>\n\t\t\t\t\t\t\t<sr7-txt id=\"SR7_2_1-20-3\" class=\"sr7-layer\">I marchi delle eccellenze europee<\/sr7-txt>\n\t\t\t\t\t\t<\/sr7-slide>\n\t\t\t\t\t\t<sr7-slide id=\"SR7_2_1-4\" data-key=\"4\">\n\t\t\t\t\t\t<\/sr7-slide>\n\t\t\t\t\t<\/sr7-content>\n\t\t\t\t\t<image_lists style=\"display:none\">\n\t\t\t\t\t\t<img data-src=\"\/\/www.bornsustainable.eu\/wp-content\/uploads\/2024\/08\/marchi-head.jpg\" data-libid=\"157\" data-lib=\"medialibrary\" title=\"marchi-head\" width=\"0\" height=\"0\" data-dbsrc=\"Ly93d3cuYm9ybnN1c3RhaW5hYmxlLmV1L3dwLWNvbnRlbnQvdXBsb2Fkcy8yMDI0LzA4L21hcmNoaS1oZWFkLmpwZw==\"\/>\n\t\t\t\t\t<\/image_lists>\n\t\t\t\t<\/sr7-module>\n\t\t\t\t<script>\n\t\t\t\t\tSR7.PMH ??={}; SR7.PMH[\"SR7_2_1\"] = {cn:0,state:false,fn: function() { if (_tpt!==undefined && _tpt.prepareModuleHeight !== undefined) {  _tpt.prepareModuleHeight({id:\"SR7_2_1\",el:[500,500,312,678,500],type:'standard',shdw:'0',gh:[500,500,312,237,146],gw:[1640,1640,1024,778,480],vpt:['100px'],size:{fullWidth:false, fullHeight:false},mh:'0',onh:0,onw:0,bg:{color:'{\"orig\":\"transparent\",\"type\":\"solid\",\"string\":\"transparent\"}'}});   SR7.PMH[\"SR7_2_1\"].state=true;} else if((SR7.PMH[\"SR7_2_1\"].cn++)<100)\tsetTimeout( SR7.PMH[\"SR7_2_1\"].fn,19);}};SR7.PMH[\"SR7_2_1\" ].fn();\n\t\t\t\t<\/script>\n[\/vc_column][\/vc_row][vc_row][vc_column css=&#8221;.vc_custom_1724926071659{padding-right: 0px !important;padding-left: 0px !important;}&#8221; offset=&#8221;vc_hidden-lg vc_hidden-md&#8221;][vc_single_image image=&#8221;161&#8243; img_size=&#8221;full&#8221; alignment=&#8221;center&#8221; css=&#8221;&#8221; el_class=&#8221;aperturamobile-int&#8221;][\/vc_column][\/vc_row][vc_row][vc_column css=&#8221;.vc_custom_1724926071659{padding-right: 0px !important;padding-left: 0px !important;}&#8221; offset=&#8221;vc_hidden-lg vc_hidden-md&#8221;][vc_column_text css=&#8221;&#8221;]<\/p>\n<h1 style=\"text-align: center;\"><strong>BOB og PGI :<\/strong><br \/>\nM\u00e6rkninger, der st\u00e5r for europ\u00e6isk ekspertise<\/h1>\n<p>[\/vc_column_text][\/vc_column][\/vc_row][vc_row][vc_column][vc_empty_space][\/vc_column][\/vc_row][vc_row gap=&#8221;35&#8243; equal_height=&#8221;yes&#8221; content_placement=&#8221;bottom&#8221;][vc_column width=&#8221;1\/2&#8243; css=&#8221;.vc_custom_1725003658344{padding-right: 0px !important;padding-left: 0px !important;}&#8221;][vc_single_image image=&#8221;212&#8243; img_size=&#8221;full&#8221; css=&#8221;&#8221; el_class=&#8221;img-radius&#8221;][\/vc_column][vc_column width=&#8221;1\/2&#8243;][vc_empty_space height=&#8221;60px&#8221; el_class=&#8221;hidemobile&#8221;][vc_column_text css=&#8221;&#8221;]BOB- og PGI-betegnelserne (DOP og IGP p\u00e5 italiensk) st\u00e5r for den h\u00f8je kvalitet af europ\u00e6iske landbrugs- og f\u00f8devareprodukter og er knyttet til deres geografiske oprindelse og lokale produktionstraditioner. Bakket op af strenge EU-standarder garanterer <strong>disse symboler produktets \u00e6gthed og kvalitet, samtidig med at de beskytter forbrugerne.<\/strong>[\/vc_column_text][\/vc_column][\/vc_row][vc_row][vc_column][vc_empty_space height=&#8221;80px&#8221;][\/vc_column][\/vc_row][vc_row gap=&#8221;30&#8243; equal_height=&#8221;yes&#8221; content_placement=&#8221;middle&#8221; el_class=&#8221;row-shadow&#8221;][vc_column width=&#8221;1\/2&#8243;][vc_row_inner content_placement=&#8221;top&#8221; gap=&#8221;30&#8243;][vc_column_inner el_class=&#8221;colmarchi&#8221; width=&#8221;1\/3&#8243;][vc_single_image image=&#8221;219&#8243; img_size=&#8221;full&#8221; alignment=&#8221;center&#8221; css=&#8221;.vc_custom_1725003810892{padding-right: 5% !important;padding-left: 5% !important;}&#8221; el_class=&#8221;marchi&#8221;][\/vc_column_inner][vc_column_inner width=&#8221;2\/3&#8243;][vc_column_text css=&#8221;&#8221;]<strong>BOB st\u00e5r<\/strong> for &#8220;beskyttet oprindelsesbetegnelse&#8221; (den italienske betegnelse er DOP, Denominazione di Origine Protetta). Det betyder blandt andet, at produkterne fremstilles i et bestemt omr\u00e5de med r\u00e5varer fra samme omr\u00e5de, s\u00e5 de specielle karakteristika fra milj\u00f8et i omr\u00e5det bevares.[\/vc_column_text][\/vc_column_inner][\/vc_row_inner][\/vc_column][vc_column width=&#8221;1\/2&#8243;][vc_row_inner content_placement=&#8221;top&#8221; gap=&#8221;30&#8243;][vc_column_inner el_class=&#8221;colmarchi&#8221; width=&#8221;1\/3&#8243;][vc_single_image image=&#8221;218&#8243; img_size=&#8221;full&#8221; alignment=&#8221;center&#8221; css=&#8221;.vc_custom_1725003732837{padding-right: 5% !important;padding-left: 5% !important;}&#8221; el_class=&#8221;marchi&#8221;][\/vc_column_inner][vc_column_inner width=&#8221;2\/3&#8243;][vc_column_text css=&#8221;&#8221;]<strong>PGI-m\u00e6rkningne<\/strong> gives kun til produkter, der kan knyttes til et bestemt geografisk omr\u00e5de ved, at der i omr\u00e5det finder mindst \u00e9t \u200b\u200bproduktionstrin sted (produktion, forarbejdning eller tilberedning). R\u00e5varerne kan dog komme andre steder fra, s\u00e5 dette m\u00e6rke er ikke s\u00e5 kr\u00e6vende som BOB-betegnelsen.[\/vc_column_text][\/vc_column_inner][\/vc_row_inner][\/vc_column][\/vc_row][vc_row][vc_column][vc_empty_space height=&#8221;80px&#8221;][\/vc_column][\/vc_row][vc_row][vc_column][vc_column_text css=&#8221;&#8221;]<\/p>\n<p style=\"text-align: center;\">Kun produkter, der gennem en certificeret og uafh\u00e6ngigt kontrolleret proces kan p\u00e5vises at have en st\u00e6rk tilknytning til deres oprindelsesomr\u00e5de, og samtidig opretholde h\u00f8je kvalitetsstandarder, m\u00e5 m\u00e6rkes med disse betegnelser. Kvalifikationssystemet beskytter ikke kun producenterne mod illoyal konkurrence, men fremh\u00e6ver ogs\u00e5 den europ\u00e6iske gastronomiske arv og fremmer dens mangfoldighed og unikke karakter p\u00e5 verdensplan.<\/p>\n<p>[\/vc_column_text][\/vc_column][\/vc_row]<\/p>\n<\/div>","protected":false},"excerpt":{"rendered":"<p>[vc_row][vc_column offset=&#8221;vc_hidden-sm vc_hidden-xs&#8221; css=&#8221;.vc_custom_1725003653321{padding-right: 0px !important;padding-left: 0px !important;}&#8221;][\/vc_column][\/vc_row][vc_row][vc_column css=&#8221;.vc_custom_1724926071659{padding-right: 0px !important;padding-left: 0px !important;}&#8221; offset=&#8221;vc_hidden-lg vc_hidden-md&#8221;][vc_single_image image=&#8221;161&#8243; img_size=&#8221;full&#8221; alignment=&#8221;center&#8221; css=&#8221;&#8221; el_class=&#8221;aperturamobile-int&#8221;][\/vc_column][\/vc_row][vc_row][vc_column css=&#8221;.vc_custom_1724926071659{padding-right: 0px !important;padding-left: 0px !important;}&#8221; offset=&#8221;vc_hidden-lg vc_hidden-md&#8221;][vc_column_text css=&#8221;&#8221;] BOB og PGI : M\u00e6rkninger, der st\u00e5r for europ\u00e6isk ekspertise [\/vc_column_text][\/vc_column][\/vc_row][vc_row][vc_column][vc_empty_space][\/vc_column][\/vc_row][vc_row gap=&#8221;35&#8243; equal_height=&#8221;yes&#8221; content_placement=&#8221;bottom&#8221;][vc_column width=&#8221;1\/2&#8243; css=&#8221;.vc_custom_1725003658344{padding-right: 0px !important;padding-left: 0px !important;}&#8221;][vc_single_image image=&#8221;212&#8243; img_size=&#8221;full&#8221; css=&#8221;&#8221; el_class=&#8221;img-radius&#8221;][\/vc_column][vc_column width=&#8221;1\/2&#8243;][vc_empty_space height=&#8221;60px&#8221; el_class=&#8221;hidemobile&#8221;][vc_column_text &#8230; <a title=\"M\u00e6rkninger\" class=\"read-more\" href=\"https:\/\/www.bornsustainable.eu\/da\/maerkninger\/\" aria-label=\"Read more about M\u00e6rkninger\">L\u00e6s Mere<\/a><\/p>\n","protected":false},"author":1,"featured_media":0,"parent":0,"menu_order":0,"comment_status":"closed","ping_status":"closed","template":"","meta":{"footnotes":""},"class_list":["post-791","page","type-page","status-publish"],"_links":{"self":[{"href":"https:\/\/www.bornsustainable.eu\/da\/wp-json\/wp\/v2\/pages\/791"}],"collection":[{"href":"https:\/\/www.bornsustainable.eu\/da\/wp-json\/wp\/v2\/pages"}],"about":[{"href":"https:\/\/www.bornsustainable.eu\/da\/wp-json\/wp\/v2\/types\/page"}],"author":[{"embeddable":true,"href":"https:\/\/www.bornsustainable.eu\/da\/wp-json\/wp\/v2\/users\/1"}],"replies":[{"embeddable":true,"href":"https:\/\/www.bornsustainable.eu\/da\/wp-json\/wp\/v2\/comments?post=791"}],"version-history":[{"count":4,"href":"https:\/\/www.bornsustainable.eu\/da\/wp-json\/wp\/v2\/pages\/791\/revisions"}],"predecessor-version":[{"id":795,"href":"https:\/\/www.bornsustainable.eu\/da\/wp-json\/wp\/v2\/pages\/791\/revisions\/795"}],"wp:attachment":[{"href":"https:\/\/www.bornsustainable.eu\/da\/wp-json\/wp\/v2\/media?parent=791"}],"curies":[{"name":"wp","href":"https:\/\/api.w.org\/{rel}","templated":true}]}}