{"id":782,"date":"2024-08-07T07:37:10","date_gmt":"2024-08-07T07:37:10","guid":{"rendered":"https:\/\/www.bornsustainable.eu\/home\/"},"modified":"2024-10-15T06:31:12","modified_gmt":"2024-10-15T06:31:12","slug":"home","status":"publish","type":"page","link":"https:\/\/www.bornsustainable.eu\/da\/","title":{"rendered":"Home"},"content":{"rendered":"<div class=\"wpb-content-wrapper\"><p>[vc_row][vc_column offset=&#8221;vc_hidden-sm vc_hidden-xs&#8221;]\n\t\t\t\t<p class=\"rs-p-wp-fix\"><\/p>\n\t\t\t\t<sr7-module data-alias=\"header-home\" data-id=\"1\" id=\"SR7_1_1\" class=\"rs-ov-hidden\" data-version=\"6.7.18\">\n\t\t\t\t\t<sr7-adjuster><\/sr7-adjuster>\n\t\t\t\t\t<sr7-content>\n\t\t\t\t\t\t<sr7-slide id=\"SR7_1_1-19\" data-key=\"19\">\n\t\t\t\t\t\t\t<sr7-bg id=\"SR7_1_1-19-4\" class=\"sr7-layer\"><noscript><img decoding=\"async\" src=\"https:\/\/www.bornsustainable.eu\/wp-content\/uploads\/2024\/08\/home-header.jpg\" alt=\"\" title=\"home-header\"><\/noscript><\/sr7-bg>\n\t\t\t\t\t\t\t<sr7-txt id=\"SR7_1_1-19-0\" class=\"sr7-layer\">Landbrugsprodukter med en klar geografisk oprindelse, der er produceret med fokus p\u00e5 b\u00e6redygtige metoder.<\/sr7-txt>\n\t\t\t\t\t\t\t<sr7-txt id=\"SR7_1_1-19-1\" class=\"sr7-layer\">Oplev smagen af \u200b\u200bitalienske produkter med en beskyttet oprindelsesbetegnelse, BOB, eller en beskyttet geografisk betegnelse, PGI.<\/sr7-txt>\n\t\t\t\t\t\t\t<sr7-txt id=\"SR7_1_1-19-2\" class=\"sr7-layer\">Autenticit\u00e0 e sostenibilit\u00e0.<\/sr7-txt>\n\t\t\t\t\t\t\t<sr7-txt id=\"SR7_1_1-19-3\" class=\"sr7-layer\">Scopri i sapori dei territori protetti d\u2019Europa.<\/sr7-txt>\n\t\t\t\t\t\t<\/sr7-slide>\n\t\t\t\t\t\t<sr7-slide id=\"SR7_1_1-2\" data-key=\"2\">\n\t\t\t\t\t\t<\/sr7-slide>\n\t\t\t\t\t<\/sr7-content>\n\t\t\t\t\t<image_lists style=\"display:none\">\n\t\t\t\t\t\t<img data-src=\"\/\/www.bornsustainable.eu\/wp-content\/uploads\/2024\/08\/home-header.jpg\" data-libid=\"22\" data-lib=\"medialibrary\" title=\"home-header\" width=\"0\" height=\"0\" data-dbsrc=\"Ly93d3cuYm9ybnN1c3RhaW5hYmxlLmV1L3dwLWNvbnRlbnQvdXBsb2Fkcy8yMDI0LzA4L2hvbWUtaGVhZGVyLmpwZw==\"\/>\n\t\t\t\t\t<\/image_lists>\n\t\t\t\t<\/sr7-module>\n\t\t\t\t<script>\n\t\t\t\t\tSR7.PMH ??={}; SR7.PMH[\"SR7_1_1\"] = {cn:0,state:false,fn: function() { if (_tpt!==undefined && _tpt.prepareModuleHeight !== undefined) {  _tpt.prepareModuleHeight({id:\"SR7_1_1\",el:[761,761,768,960,500],type:'standard',shdw:'0',gh:[761,761,475,361,223],gw:[1640,1640,1024,778,480],vpt:['100px'],size:{fullWidth:false, fullHeight:false},mh:'0',onh:0,onw:0,bg:{color:'{\"orig\":\"transparent\",\"type\":\"solid\",\"string\":\"transparent\"}'}});   SR7.PMH[\"SR7_1_1\"].state=true;} else if((SR7.PMH[\"SR7_1_1\"].cn++)<100)\tsetTimeout( SR7.PMH[\"SR7_1_1\"].fn,19);}};SR7.PMH[\"SR7_1_1\" ].fn();\n\t\t\t\t<\/script>\n[\/vc_column][\/vc_row][vc_row][vc_column css=&#8221;.vc_custom_1724926071659{padding-right: 0px !important;padding-left: 0px !important;}&#8221; offset=&#8221;vc_hidden-lg vc_hidden-md&#8221;][vc_single_image image=&#8221;165&#8243; img_size=&#8221;full&#8221; alignment=&#8221;center&#8221; css=&#8221;&#8221; el_class=&#8221;aperturamobile-int&#8221;][\/vc_column][\/vc_row][vc_row][vc_column css=&#8221;.vc_custom_1724926071659{padding-right: 0px !important;padding-left: 0px !important;}&#8221; offset=&#8221;vc_hidden-lg vc_hidden-md&#8221;][vc_column_text css=&#8221;&#8221;]<\/p>\n<h1 style=\"text-align: center;\"><strong>Landbrugsprodukter med en klar geografisk oprindelse, der er produceret med fokus p\u00e5 b\u00e6redygtige metoder.<\/strong><br \/>\nOplev smagen af \u200b\u200bitalienske produkter med en beskyttet oprindelsesbetegnelse, BOB, eller en beskyttet geografisk betegnelse, PGI.<\/h1>\n<p>[\/vc_column_text][\/vc_column][\/vc_row][vc_row][vc_column][vc_empty_space height=&#8221;40px&#8221; el_class=&#8221;hidemobile&#8221;][\/vc_column][\/vc_row][vc_row][vc_column][vc_column_text css=&#8221;.vc_custom_1727086541350{margin-bottom: 25px !important;}&#8221;]<\/p>\n<h2 style=\"text-align: center;\">F\u00e6llesn\u00e6vneren for konsortierne Barbera d&#8217;Asti og Vini del Monferrato samt for Roccaverano BOB og Conegliano Valdobbiadene Prosecco er, at de alle har tilknytning til omr\u00e5det.<\/h2>\n<p>[\/vc_column_text][\/vc_column][\/vc_row][vc_row][vc_column][vc_separator color=&#8221;custom&#8221; border_width=&#8221;4&#8243; el_width=&#8221;10&#8243; css=&#8221;.vc_custom_1725369596336{margin-bottom: 25px !important;}&#8221; accent_color=&#8221;#d73007&#8243;][\/vc_column][\/vc_row][vc_row][vc_column][vc_column_text css=&#8221;.vc_custom_1727086555120{margin-bottom: 20px !important;}&#8221;]<\/p>\n<p style=\"text-align: center;\">Disse konsortier er ikke kun respekterede repr\u00e6sentanter for italiensk mad- og vinkultur,<br \/>\nmen er ogs\u00e5 rollemodeller for milj\u00f8m\u00e6ssig, \u00f8konomisk og social b\u00e6redygtighed.<\/p>\n<p>[\/vc_column_text][\/vc_column][\/vc_row][vc_row][vc_column][vc_empty_space height=&#8221;30px&#8221;][\/vc_column][\/vc_row][vc_row][vc_column width=&#8221;1\/3&#8243;][vc_single_image image=&#8221;102&#8243; img_size=&#8221;full&#8221; onclick=&#8221;custom_link&#8221; css=&#8221;&#8221; el_class=&#8221;img-radius&#8221; link=&#8221;https:\/\/www.bornsustainable.eu\/prodotti\/consorzio-barbera-asti-vini-monferrato\/&#8221;][vc_column_text css=&#8221;.vc_custom_1727086776555{margin-bottom: 20px !important;}&#8221; el_class=&#8221;schedatext&#8221;]<\/p>\n<p style=\"text-align: center;\"><strong>Monferrato<\/strong><br \/>\ner en frugtbar region i Italien, hvor kunsten at fremstille vin er blevet udviklet til perfektion.<br \/>\n<strong>Og det g\u00f8res med fokus<br \/>\np\u00e5 b\u00e6redygtige metoder.<\/strong><\/p>\n<p>[\/vc_column_text]<div class=\" ubtn-ctn-center \"><a class=\"ubtn-link ult-adjust-bottom-margin ubtn-center ubtn-custom \" href=\"https:\/\/www.bornsustainable.eu\/da\/consorzio-barbera-asti-vini-monferrato\/\" ><button type=\"button\" id=\"ubtn-7891\"  class=\"ubtn ult-adjust-bottom-margin ult-responsive ubtn-custom ubtn-no-hover-bg  none  ubtn-center   tooltip-6a005d0c7cd8d\"  data-hover=\"#ffffff\" data-border-color=\"#8a1d40\" data-bg=\"#8a1d40\" data-hover-bg=\"#6b1229\" data-border-hover=\"#6b1229\" data-shadow-hover=\"\" data-shadow-click=\"none\" data-shadow=\"\" data-shd-shadow=\"\"  data-ultimate-target='#ubtn-7891'  data-responsive-json-new='{\"font-size\":\"desktop:22px;tablet:22px;tablet_portrait:20px;mobile_landscape:18px;mobile:18px;\",\"line-height\":\"desktop:30px;tablet:30px;tablet_portrait:28px;mobile_landscape:24px;mobile:24px;\"}'  style=\"font-weight:normal;width:220px;min-height:50px;padding:px 50px;border-radius:50px;border-width:1px;border-color:#8a1d40;border-style:solid;background: #8a1d40;color: #ffffff;\"><span class=\"ubtn-hover\" style=\"background-color:#6b1229\"><\/span><span class=\"ubtn-data ubtn-text \" >MERE INFO<\/span><\/button><\/a><\/div>[\/vc_column][vc_column width=&#8221;1\/3&#8243;][vc_single_image image=&#8221;103&#8243; img_size=&#8221;full&#8221; onclick=&#8221;custom_link&#8221; css=&#8221;&#8221; el_class=&#8221;img-radius&#8221; link=&#8221;https:\/\/www.bornsustainable.eu\/prodotti\/roccaverano-dop\/&#8221;][vc_column_text css=&#8221;.vc_custom_1727086636414{margin-bottom: 20px !important;}&#8221; el_class=&#8221;schedatext&#8221;]<\/p>\n<p style=\"text-align: center;\"><strong>Roccaverano:<\/strong><br \/>\nen ost med en karakteristisk smag, som vi producerer med k\u00e6rlighed til jorden og vores gr\u00e6ssende dyr &#8211;<br \/>\n<strong>med fokus p\u00e5 b\u00e6redygtige metoder.<\/strong><\/p>\n<p>[\/vc_column_text]<div class=\" ubtn-ctn-center \"><a class=\"ubtn-link ult-adjust-bottom-margin ubtn-center ubtn-custom \" href=\"https:\/\/www.bornsustainable.eu\/da\/roccaverano-dop\/\" ><button type=\"button\" id=\"ubtn-9016\"  class=\"ubtn ult-adjust-bottom-margin ult-responsive ubtn-custom ubtn-no-hover-bg  none  ubtn-center   tooltip-6a005d0c7ce25\"  data-hover=\"#ffffff\" data-border-color=\"#beaa9d\" data-bg=\"#beaa9d\" data-hover-bg=\"#9e8d83\" data-border-hover=\"#9e8d83\" data-shadow-hover=\"\" data-shadow-click=\"none\" data-shadow=\"\" data-shd-shadow=\"\"  data-ultimate-target='#ubtn-9016'  data-responsive-json-new='{\"font-size\":\"desktop:22px;tablet:22px;tablet_portrait:20px;mobile_landscape:18px;mobile:18px;\",\"line-height\":\"desktop:30px;tablet:30px;tablet_portrait:28px;mobile_landscape:24px;mobile:24px;\"}'  style=\"font-weight:normal;width:220px;min-height:50px;padding:px 50px;border-radius:50px;border-width:1px;border-color:#beaa9d;border-style:solid;background: #beaa9d;color: #ffffff;\"><span class=\"ubtn-hover\" style=\"background-color:#9e8d83\"><\/span><span class=\"ubtn-data ubtn-text \" >MERE INFO<\/span><\/button><\/a><\/div>[\/vc_column][vc_column width=&#8221;1\/3&#8243;][vc_single_image image=&#8221;101&#8243; img_size=&#8221;full&#8221; onclick=&#8221;custom_link&#8221; css=&#8221;&#8221; el_class=&#8221;img-radius&#8221; link=&#8221;https:\/\/www.bornsustainable.eu\/prodotti\/consorzio-tutela-conegliano-valdobbiadene-prosecco-docg\/&#8221;][vc_column_text css=&#8221;.vc_custom_1727086676472{margin-bottom: 20px !important;}&#8221; el_class=&#8221;schedatext&#8221;]<\/p>\n<p style=\"text-align: center;\"><strong>Conegliano Valdobbiadene:<\/strong><br \/>\nHer, p\u00e5 de b\u00f8lgende gr\u00f8nne bakker, produceres Prosecco Superiore DOCG. Umulig at kopiere &#8211;<br \/>\n<strong>og produktionen foreg\u00e5r med fokus p\u00e5 b\u00e6redygtige metoder.<br \/>\n<\/strong><\/p>\n<p>[\/vc_column_text]<div class=\" ubtn-ctn-center \"><a class=\"ubtn-link ult-adjust-bottom-margin ubtn-center ubtn-custom \" href=\"https:\/\/www.bornsustainable.eu\/da\/consorzio-tutela-conegliano-valdobbiadene-prosecco-docg\/\" ><button type=\"button\" id=\"ubtn-4911\"  class=\"ubtn ult-adjust-bottom-margin ult-responsive ubtn-custom ubtn-no-hover-bg  none  ubtn-center   tooltip-6a005d0c7cea1\"  data-hover=\"#ffffff\" data-border-color=\"#95c11f\" data-bg=\"#95c11f\" data-hover-bg=\"#769314\" data-border-hover=\"#769314\" data-shadow-hover=\"\" data-shadow-click=\"none\" data-shadow=\"\" data-shd-shadow=\"\"  data-ultimate-target='#ubtn-4911'  data-responsive-json-new='{\"font-size\":\"desktop:22px;tablet:22px;tablet_portrait:20px;mobile_landscape:18px;mobile:18px;\",\"line-height\":\"desktop:30px;tablet:30px;tablet_portrait:28px;mobile_landscape:24px;mobile:24px;\"}'  style=\"font-weight:normal;width:220px;min-height:50px;padding:px 50px;border-radius:50px;border-width:1px;border-color:#95c11f;border-style:solid;background: #95c11f;color: #ffffff;\"><span class=\"ubtn-hover\" style=\"background-color:#769314\"><\/span><span class=\"ubtn-data ubtn-text \" >MERE INFO<\/span><\/button><\/a><\/div>[\/vc_column][\/vc_row][vc_row][vc_column][vc_empty_space height=&#8221;70px&#8221;][\/vc_column][\/vc_row]<\/p>\n<\/div>","protected":false},"excerpt":{"rendered":"<p>[vc_row][vc_column offset=&#8221;vc_hidden-sm vc_hidden-xs&#8221;][\/vc_column][\/vc_row][vc_row][vc_column css=&#8221;.vc_custom_1724926071659{padding-right: 0px !important;padding-left: 0px !important;}&#8221; offset=&#8221;vc_hidden-lg vc_hidden-md&#8221;][vc_single_image image=&#8221;165&#8243; img_size=&#8221;full&#8221; alignment=&#8221;center&#8221; css=&#8221;&#8221; el_class=&#8221;aperturamobile-int&#8221;][\/vc_column][\/vc_row][vc_row][vc_column css=&#8221;.vc_custom_1724926071659{padding-right: 0px !important;padding-left: 0px !important;}&#8221; offset=&#8221;vc_hidden-lg vc_hidden-md&#8221;][vc_column_text css=&#8221;&#8221;] Landbrugsprodukter med en klar geografisk oprindelse, der er produceret med fokus p\u00e5 b\u00e6redygtige metoder. Oplev smagen af \u200b\u200bitalienske produkter med en beskyttet oprindelsesbetegnelse, BOB, eller en beskyttet geografisk betegnelse, PGI. [\/vc_column_text][\/vc_column][\/vc_row][vc_row][vc_column][vc_empty_space height=&#8221;40px&#8221; &#8230; <a title=\"Home\" class=\"read-more\" href=\"https:\/\/www.bornsustainable.eu\/da\/\" aria-label=\"Read more about Home\">L\u00e6s Mere<\/a><\/p>\n","protected":false},"author":1,"featured_media":0,"parent":0,"menu_order":0,"comment_status":"closed","ping_status":"open","template":"","meta":{"footnotes":""},"class_list":["post-782","page","type-page","status-publish"],"_links":{"self":[{"href":"https:\/\/www.bornsustainable.eu\/da\/wp-json\/wp\/v2\/pages\/782"}],"collection":[{"href":"https:\/\/www.bornsustainable.eu\/da\/wp-json\/wp\/v2\/pages"}],"about":[{"href":"https:\/\/www.bornsustainable.eu\/da\/wp-json\/wp\/v2\/types\/page"}],"author":[{"embeddable":true,"href":"https:\/\/www.bornsustainable.eu\/da\/wp-json\/wp\/v2\/users\/1"}],"replies":[{"embeddable":true,"href":"https:\/\/www.bornsustainable.eu\/da\/wp-json\/wp\/v2\/comments?post=782"}],"version-history":[{"count":4,"href":"https:\/\/www.bornsustainable.eu\/da\/wp-json\/wp\/v2\/pages\/782\/revisions"}],"predecessor-version":[{"id":1003,"href":"https:\/\/www.bornsustainable.eu\/da\/wp-json\/wp\/v2\/pages\/782\/revisions\/1003"}],"wp:attachment":[{"href":"https:\/\/www.bornsustainable.eu\/da\/wp-json\/wp\/v2\/media?parent=782"}],"curies":[{"name":"wp","href":"https:\/\/api.w.org\/{rel}","templated":true}]}}